{"id":708,"date":"2018-07-26T17:20:34","date_gmt":"2018-07-26T15:20:34","guid":{"rendered":"http:\/\/toutpourlesaidants.fr\/?page_id=708"},"modified":"2018-12-13T15:41:50","modified_gmt":"2018-12-13T14:41:50","slug":"parcoursdesante-sensoriel","status":"publish","type":"page","link":"https:\/\/toutpourlesaidants.fr\/index.php\/parcoursdesante-sensoriel\/","title":{"rendered":"Parcours de sant\u00e9 sensoriel"},"content":{"rendered":"<div class=\"pdfprnt-buttons pdfprnt-buttons-page pdfprnt-top-right\"><a href=\"https:\/\/toutpourlesaidants.fr\/index.php\/wp-json\/wp\/v2\/pages\/708?print=pdf\" class=\"pdfprnt-button pdfprnt-button-pdf\" target=\"_blank\"><img decoding=\"async\" src=\"http:\/\/toutpourlesaidants.fr\/wp-content\/plugins\/pdf-print\/images\/pdf.png\" alt=\"image_pdf\" title=\"Afficher le PDF\" \/><\/a><a href=\"https:\/\/toutpourlesaidants.fr\/index.php\/wp-json\/wp\/v2\/pages\/708?print=print\" class=\"pdfprnt-button pdfprnt-button-print\" target=\"_blank\"><img decoding=\"async\" src=\"http:\/\/toutpourlesaidants.fr\/wp-content\/plugins\/pdf-print\/images\/print.png\" alt=\"image_print\" title=\"Contenu imprim\u00e9\" \/><\/a><\/div><h4><span style=\"color: #008000;\">Parcours d\u00e9couverte\u00a0 :<\/span><\/h4>\n<p><span style=\"color: #800080;\">phase 1:\u00a0<\/span><\/p>\n<p>Se d\u00e9placer en int\u00e9rieur ou en ext\u00e9rieur, les yeux band\u00e9s:<\/p>\n<p>pour reconna\u00eetre (en chaussettes) et identifier des espaces de nature diff\u00e9rente<\/p>\n<p><span style=\"color: #800080;\">phase 2:\u00a0<\/span><\/p>\n<p>pour identifier : au toucher &#8211; dans des bacs \u00e0 fleurs des plantes aromatiques<\/p>\n<p>pour nommer : \u00e0 l&rsquo;odorat la senteur d&rsquo;une \u00e9pice, d&rsquo;un extrait de parfum&#8230;<\/p>\n<p>Voici quelques vues :<\/p>\n<div style=\"width: 320px;\" class=\"wp-video\"><!--[if lt IE 9]><script>document.createElement('video');<\/script><![endif]-->\n<video class=\"wp-video-shortcode\" id=\"video-708-1\" width=\"320\" height=\"240\" preload=\"metadata\" controls=\"controls\"><source type=\"video\/mp4\" src=\"http:\/\/toutpourlesaidants.fr\/wp-content\/uploads\/2018\/06\/Guid\u00e9-aidant-aid\u00e9-et-vice-et-versa.mp4?_=1\" \/><a href=\"http:\/\/toutpourlesaidants.fr\/wp-content\/uploads\/2018\/06\/Guid\u00e9-aidant-aid\u00e9-et-vice-et-versa.mp4\">http:\/\/toutpourlesaidants.fr\/wp-content\/uploads\/2018\/06\/Guid\u00e9-aidant-aid\u00e9-et-vice-et-versa.mp4<\/a><\/video><\/div>\n<p>&nbsp;<\/p>\n<p><span style=\"color: #ff00ff;\"><strong>Sur rendez-vous<\/strong><\/span>\u00a0<a href=\"http:\/\/toutpourlesaidants.fr\/index.php\/contact\/\">Pour vous inscrire, cliquez ICI<\/a><\/p>\n","protected":false},"excerpt":{"rendered":"<p>Parcours d\u00e9couverte\u00a0 : phase 1:\u00a0 Se d\u00e9placer en int\u00e9rieur ou en ext\u00e9rieur, les yeux band\u00e9s: pour reconna\u00eetre (en chaussettes) et identifier des espaces de nature diff\u00e9rente phase 2:\u00a0 pour identifier [&hellip;]<\/p>\n","protected":false},"author":3,"featured_media":0,"parent":0,"menu_order":0,"comment_status":"closed","ping_status":"closed","template":"","meta":{"footnotes":""},"yoast_head":"<!-- This site is optimized with the Yoast SEO plugin v20.2.1 - https:\/\/yoast.com\/wordpress\/plugins\/seo\/ -->\n<title>Parcours de sant\u00e9 sensoriel - r\u00e9pit et accompagnement des aidants<\/title>\n<meta name=\"robots\" content=\"index, follow, max-snippet:-1, max-image-preview:large, max-video-preview:-1\" \/>\n<link rel=\"canonical\" href=\"https:\/\/toutpourlesaidants.fr\/index.php\/parcoursdesante-sensoriel\/\" \/>\n<meta property=\"og:locale\" content=\"fr_FR\" \/>\n<meta property=\"og:type\" content=\"article\" \/>\n<meta property=\"og:title\" content=\"Parcours de sant\u00e9 sensoriel - r\u00e9pit et accompagnement des aidants\" \/>\n<meta property=\"og:description\" content=\"Parcours d\u00e9couverte\u00a0 : phase 1:\u00a0 Se d\u00e9placer en int\u00e9rieur ou en ext\u00e9rieur, les yeux band\u00e9s: pour reconna\u00eetre (en chaussettes) et identifier des espaces de nature diff\u00e9rente phase 2:\u00a0 pour identifier [&hellip;]\" \/>\n<meta property=\"og:url\" content=\"https:\/\/toutpourlesaidants.fr\/index.php\/parcoursdesante-sensoriel\/\" \/>\n<meta property=\"og:site_name\" content=\"r\u00e9pit et accompagnement des aidants\" \/>\n<meta property=\"article:modified_time\" content=\"2018-12-13T14:41:50+00:00\" \/>\n<meta name=\"twitter:card\" content=\"summary_large_image\" \/>\n<script type=\"application\/ld+json\" class=\"yoast-schema-graph\">{\"@context\":\"https:\/\/schema.org\",\"@graph\":[{\"@type\":\"WebPage\",\"@id\":\"https:\/\/toutpourlesaidants.fr\/index.php\/parcoursdesante-sensoriel\/\",\"url\":\"https:\/\/toutpourlesaidants.fr\/index.php\/parcoursdesante-sensoriel\/\",\"name\":\"Parcours de sant\u00e9 sensoriel - r\u00e9pit et accompagnement des aidants\",\"isPartOf\":{\"@id\":\"https:\/\/toutpourlesaidants.fr\/#website\"},\"datePublished\":\"2018-07-26T15:20:34+00:00\",\"dateModified\":\"2018-12-13T14:41:50+00:00\",\"breadcrumb\":{\"@id\":\"https:\/\/toutpourlesaidants.fr\/index.php\/parcoursdesante-sensoriel\/#breadcrumb\"},\"inLanguage\":\"fr-FR\",\"potentialAction\":[{\"@type\":\"ReadAction\",\"target\":[\"https:\/\/toutpourlesaidants.fr\/index.php\/parcoursdesante-sensoriel\/\"]}]},{\"@type\":\"BreadcrumbList\",\"@id\":\"https:\/\/toutpourlesaidants.fr\/index.php\/parcoursdesante-sensoriel\/#breadcrumb\",\"itemListElement\":[{\"@type\":\"ListItem\",\"position\":1,\"name\":\"Accueil\",\"item\":\"https:\/\/toutpourlesaidants.fr\/\"},{\"@type\":\"ListItem\",\"position\":2,\"name\":\"Parcours de sant\u00e9 sensoriel\"}]},{\"@type\":\"WebSite\",\"@id\":\"https:\/\/toutpourlesaidants.fr\/#website\",\"url\":\"https:\/\/toutpourlesaidants.fr\/\",\"name\":\"tout pour les aidants\",\"description\":\"Plateforme de Valence et ses environs\",\"publisher\":{\"@id\":\"https:\/\/toutpourlesaidants.fr\/#organization\"},\"potentialAction\":[{\"@type\":\"SearchAction\",\"target\":{\"@type\":\"EntryPoint\",\"urlTemplate\":\"https:\/\/toutpourlesaidants.fr\/?s={search_term_string}\"},\"query-input\":\"required name=search_term_string\"}],\"inLanguage\":\"fr-FR\"},{\"@type\":\"Organization\",\"@id\":\"https:\/\/toutpourlesaidants.fr\/#organization\",\"name\":\"Plateforme de r\u00e9pit et d'accompagnement des aidants\",\"url\":\"https:\/\/toutpourlesaidants.fr\/\",\"logo\":{\"@type\":\"ImageObject\",\"inLanguage\":\"fr-FR\",\"@id\":\"https:\/\/toutpourlesaidants.fr\/#\/schema\/logo\/image\/\",\"url\":\"http:\/\/toutpourlesaidants.fr\/wp-content\/uploads\/2018\/10\/logo-plateforme.jpg\",\"contentUrl\":\"http:\/\/toutpourlesaidants.fr\/wp-content\/uploads\/2018\/10\/logo-plateforme.jpg\",\"width\":379,\"height\":378,\"caption\":\"Plateforme de r\u00e9pit et d'accompagnement des aidants\"},\"image\":{\"@id\":\"https:\/\/toutpourlesaidants.fr\/#\/schema\/logo\/image\/\"}}]}<\/script>\n<!-- \/ Yoast SEO plugin. -->","yoast_head_json":{"title":"Parcours de sant\u00e9 sensoriel - r\u00e9pit et accompagnement des aidants","robots":{"index":"index","follow":"follow","max-snippet":"max-snippet:-1","max-image-preview":"max-image-preview:large","max-video-preview":"max-video-preview:-1"},"canonical":"https:\/\/toutpourlesaidants.fr\/index.php\/parcoursdesante-sensoriel\/","og_locale":"fr_FR","og_type":"article","og_title":"Parcours de sant\u00e9 sensoriel - r\u00e9pit et accompagnement des aidants","og_description":"Parcours d\u00e9couverte\u00a0 : phase 1:\u00a0 Se d\u00e9placer en int\u00e9rieur ou en ext\u00e9rieur, les yeux band\u00e9s: pour reconna\u00eetre (en chaussettes) et identifier des espaces de nature diff\u00e9rente phase 2:\u00a0 pour identifier [&hellip;]","og_url":"https:\/\/toutpourlesaidants.fr\/index.php\/parcoursdesante-sensoriel\/","og_site_name":"r\u00e9pit et accompagnement des aidants","article_modified_time":"2018-12-13T14:41:50+00:00","twitter_card":"summary_large_image","schema":{"@context":"https:\/\/schema.org","@graph":[{"@type":"WebPage","@id":"https:\/\/toutpourlesaidants.fr\/index.php\/parcoursdesante-sensoriel\/","url":"https:\/\/toutpourlesaidants.fr\/index.php\/parcoursdesante-sensoriel\/","name":"Parcours de sant\u00e9 sensoriel - r\u00e9pit et accompagnement des aidants","isPartOf":{"@id":"https:\/\/toutpourlesaidants.fr\/#website"},"datePublished":"2018-07-26T15:20:34+00:00","dateModified":"2018-12-13T14:41:50+00:00","breadcrumb":{"@id":"https:\/\/toutpourlesaidants.fr\/index.php\/parcoursdesante-sensoriel\/#breadcrumb"},"inLanguage":"fr-FR","potentialAction":[{"@type":"ReadAction","target":["https:\/\/toutpourlesaidants.fr\/index.php\/parcoursdesante-sensoriel\/"]}]},{"@type":"BreadcrumbList","@id":"https:\/\/toutpourlesaidants.fr\/index.php\/parcoursdesante-sensoriel\/#breadcrumb","itemListElement":[{"@type":"ListItem","position":1,"name":"Accueil","item":"https:\/\/toutpourlesaidants.fr\/"},{"@type":"ListItem","position":2,"name":"Parcours de sant\u00e9 sensoriel"}]},{"@type":"WebSite","@id":"https:\/\/toutpourlesaidants.fr\/#website","url":"https:\/\/toutpourlesaidants.fr\/","name":"tout pour les aidants","description":"Plateforme de Valence et ses environs","publisher":{"@id":"https:\/\/toutpourlesaidants.fr\/#organization"},"potentialAction":[{"@type":"SearchAction","target":{"@type":"EntryPoint","urlTemplate":"https:\/\/toutpourlesaidants.fr\/?s={search_term_string}"},"query-input":"required name=search_term_string"}],"inLanguage":"fr-FR"},{"@type":"Organization","@id":"https:\/\/toutpourlesaidants.fr\/#organization","name":"Plateforme de r\u00e9pit et d'accompagnement des aidants","url":"https:\/\/toutpourlesaidants.fr\/","logo":{"@type":"ImageObject","inLanguage":"fr-FR","@id":"https:\/\/toutpourlesaidants.fr\/#\/schema\/logo\/image\/","url":"http:\/\/toutpourlesaidants.fr\/wp-content\/uploads\/2018\/10\/logo-plateforme.jpg","contentUrl":"http:\/\/toutpourlesaidants.fr\/wp-content\/uploads\/2018\/10\/logo-plateforme.jpg","width":379,"height":378,"caption":"Plateforme de r\u00e9pit et d'accompagnement des aidants"},"image":{"@id":"https:\/\/toutpourlesaidants.fr\/#\/schema\/logo\/image\/"}}]}},"_links":{"self":[{"href":"https:\/\/toutpourlesaidants.fr\/index.php\/wp-json\/wp\/v2\/pages\/708"}],"collection":[{"href":"https:\/\/toutpourlesaidants.fr\/index.php\/wp-json\/wp\/v2\/pages"}],"about":[{"href":"https:\/\/toutpourlesaidants.fr\/index.php\/wp-json\/wp\/v2\/types\/page"}],"author":[{"embeddable":true,"href":"https:\/\/toutpourlesaidants.fr\/index.php\/wp-json\/wp\/v2\/users\/3"}],"replies":[{"embeddable":true,"href":"https:\/\/toutpourlesaidants.fr\/index.php\/wp-json\/wp\/v2\/comments?post=708"}],"version-history":[{"count":15,"href":"https:\/\/toutpourlesaidants.fr\/index.php\/wp-json\/wp\/v2\/pages\/708\/revisions"}],"predecessor-version":[{"id":1189,"href":"https:\/\/toutpourlesaidants.fr\/index.php\/wp-json\/wp\/v2\/pages\/708\/revisions\/1189"}],"wp:attachment":[{"href":"https:\/\/toutpourlesaidants.fr\/index.php\/wp-json\/wp\/v2\/media?parent=708"}],"curies":[{"name":"wp","href":"https:\/\/api.w.org\/{rel}","templated":true}]}}