{"id":64,"date":"2018-06-02T17:19:29","date_gmt":"2018-06-02T15:19:29","guid":{"rendered":"http:\/\/toutpourlesaidants.fr\/?page_id=64"},"modified":"2019-07-09T15:43:18","modified_gmt":"2019-07-09T13:43:18","slug":"public-concerne","status":"publish","type":"page","link":"https:\/\/toutpourlesaidants.fr\/index.php\/public-concerne\/","title":{"rendered":"Public concern\u00e9"},"content":{"rendered":"<div class=\"pdfprnt-buttons pdfprnt-buttons-page pdfprnt-top-right\"><a href=\"https:\/\/toutpourlesaidants.fr\/index.php\/wp-json\/wp\/v2\/pages\/64?print=pdf\" class=\"pdfprnt-button pdfprnt-button-pdf\" target=\"_blank\"><img decoding=\"async\" src=\"http:\/\/toutpourlesaidants.fr\/wp-content\/plugins\/pdf-print\/images\/pdf.png\" alt=\"image_pdf\" title=\"Afficher le PDF\" \/><\/a><a href=\"https:\/\/toutpourlesaidants.fr\/index.php\/wp-json\/wp\/v2\/pages\/64?print=print\" class=\"pdfprnt-button pdfprnt-button-print\" target=\"_blank\"><img decoding=\"async\" src=\"http:\/\/toutpourlesaidants.fr\/wp-content\/plugins\/pdf-print\/images\/print.png\" alt=\"image_print\" title=\"Contenu imprim\u00e9\" \/><\/a><\/div><p style=\"text-align: justify;\"><span style=\"color: #0000ff;\"><strong>LES AIDANTS<\/strong> :<\/span><\/p>\n<p style=\"text-align: justify;\">Toute personne, familles, conjoints, enfants, amis&#8230; <strong>accompagnant dans les actes de la vie quotidienne<\/strong> un proche pr\u00e9sentant<strong> une maladie d&rsquo;Alzheimer, des troubles apparent\u00e9s<\/strong>, <strong>ou une autre maladie neurod\u00e9g\u00e9n\u00e9rative, <\/strong>quelque\u00a0 soit le stade de la maladie.<\/p>\n<p style=\"text-align: justify;\">Afin d&rsquo;apporter aux Aidants un<span style=\"color: #3366ff;\"><strong> soutien<\/strong><\/span> dans l\u2019accompagnement de leur proche et dans le souci de<strong><span style=\"color: #3366ff;\"> favoriser son maintien \u00e0 domicile<\/span>.<\/strong><\/p>\n<p style=\"text-align: justify;\">&gt;<span style=\"color: #0000ff;\"><strong> Une maladie neurod\u00e9g\u00e9n\u00e9rative, qu&rsquo;est-ce que c&rsquo;est ?<\/strong><\/span><\/p>\n<p style=\"text-align: justify;\">C&rsquo;est une <span style=\"color: #3366ff;\">pathologie qui touche le cerveau<\/span> et plus globalement le fonctionnement du syst\u00e8me nerveux. Elle am\u00e8ne\u00a0des complications cognitives, motrices ou perceptives par la destruction progressive des neurones.<\/p>\n<p style=\"text-align: justify;\">Il en existe plusieurs comme la maladie d&rsquo;Alzheimer, la maladie de Parkinson, la scl\u00e9rose en plaque, la maladie de Huntington, et d&rsquo;autres encore&#8230;<\/p>\n<p style=\"text-align: justify;\"><strong>&gt; <span style=\"color: #0000ff;\">Territoire concern\u00e9 :<\/span><br \/>\n<\/strong><\/p>\n<p style=\"text-align: justify;\">La Plateforme de R\u00e9pit et d&rsquo;Accompagnement des Aidants est bas\u00e9e \u00e0 Valence et s&rsquo;adresse \u00e0 un public \u00ab\u00a0proche\u00a0\u00bb de Valence : ce qu&rsquo;on appelle le Grand Valentinois, mais aussi les communes voisines d&rsquo;Ard\u00e8che.<\/p>\n<p style=\"text-align: justify;\">Dans tous les cas vous \u00eates bienvenu pour \u00e9changer et partager.<\/p>\n<p style=\"text-align: justify;\">\n","protected":false},"excerpt":{"rendered":"<p>LES AIDANTS : Toute personne, familles, conjoints, enfants, amis&#8230; accompagnant dans les actes de la vie quotidienne un proche pr\u00e9sentant une maladie d&rsquo;Alzheimer, des troubles apparent\u00e9s, ou une autre maladie [&hellip;]<\/p>\n","protected":false},"author":3,"featured_media":0,"parent":0,"menu_order":0,"comment_status":"closed","ping_status":"closed","template":"","meta":{"footnotes":""},"yoast_head":"<!-- This site is optimized with the Yoast SEO plugin v20.2.1 - https:\/\/yoast.com\/wordpress\/plugins\/seo\/ -->\n<title>Public concern\u00e9 - r\u00e9pit et accompagnement des aidants<\/title>\n<meta name=\"robots\" content=\"index, follow, max-snippet:-1, max-image-preview:large, max-video-preview:-1\" \/>\n<link rel=\"canonical\" href=\"https:\/\/toutpourlesaidants.fr\/index.php\/public-concerne\/\" \/>\n<meta property=\"og:locale\" content=\"fr_FR\" \/>\n<meta property=\"og:type\" content=\"article\" \/>\n<meta property=\"og:title\" content=\"Public concern\u00e9 - r\u00e9pit et accompagnement des aidants\" \/>\n<meta property=\"og:description\" content=\"LES AIDANTS : Toute personne, familles, conjoints, enfants, amis&#8230; accompagnant dans les actes de la vie quotidienne un proche pr\u00e9sentant une maladie d&rsquo;Alzheimer, des troubles apparent\u00e9s, ou une autre maladie [&hellip;]\" \/>\n<meta property=\"og:url\" content=\"https:\/\/toutpourlesaidants.fr\/index.php\/public-concerne\/\" \/>\n<meta property=\"og:site_name\" content=\"r\u00e9pit et accompagnement des aidants\" \/>\n<meta property=\"article:modified_time\" content=\"2019-07-09T13:43:18+00:00\" \/>\n<meta name=\"twitter:card\" content=\"summary_large_image\" \/>\n<meta name=\"twitter:label1\" content=\"Dur\u00e9e de lecture estim\u00e9e\" \/>\n\t<meta name=\"twitter:data1\" content=\"1 minute\" \/>\n<script type=\"application\/ld+json\" class=\"yoast-schema-graph\">{\"@context\":\"https:\/\/schema.org\",\"@graph\":[{\"@type\":\"WebPage\",\"@id\":\"https:\/\/toutpourlesaidants.fr\/index.php\/public-concerne\/\",\"url\":\"https:\/\/toutpourlesaidants.fr\/index.php\/public-concerne\/\",\"name\":\"Public concern\u00e9 - r\u00e9pit et accompagnement des aidants\",\"isPartOf\":{\"@id\":\"https:\/\/toutpourlesaidants.fr\/#website\"},\"datePublished\":\"2018-06-02T15:19:29+00:00\",\"dateModified\":\"2019-07-09T13:43:18+00:00\",\"breadcrumb\":{\"@id\":\"https:\/\/toutpourlesaidants.fr\/index.php\/public-concerne\/#breadcrumb\"},\"inLanguage\":\"fr-FR\",\"potentialAction\":[{\"@type\":\"ReadAction\",\"target\":[\"https:\/\/toutpourlesaidants.fr\/index.php\/public-concerne\/\"]}]},{\"@type\":\"BreadcrumbList\",\"@id\":\"https:\/\/toutpourlesaidants.fr\/index.php\/public-concerne\/#breadcrumb\",\"itemListElement\":[{\"@type\":\"ListItem\",\"position\":1,\"name\":\"Accueil\",\"item\":\"https:\/\/toutpourlesaidants.fr\/\"},{\"@type\":\"ListItem\",\"position\":2,\"name\":\"Public concern\u00e9\"}]},{\"@type\":\"WebSite\",\"@id\":\"https:\/\/toutpourlesaidants.fr\/#website\",\"url\":\"https:\/\/toutpourlesaidants.fr\/\",\"name\":\"tout pour les aidants\",\"description\":\"Plateforme de Valence et ses environs\",\"publisher\":{\"@id\":\"https:\/\/toutpourlesaidants.fr\/#organization\"},\"potentialAction\":[{\"@type\":\"SearchAction\",\"target\":{\"@type\":\"EntryPoint\",\"urlTemplate\":\"https:\/\/toutpourlesaidants.fr\/?s={search_term_string}\"},\"query-input\":\"required name=search_term_string\"}],\"inLanguage\":\"fr-FR\"},{\"@type\":\"Organization\",\"@id\":\"https:\/\/toutpourlesaidants.fr\/#organization\",\"name\":\"Plateforme de r\u00e9pit et d'accompagnement des aidants\",\"url\":\"https:\/\/toutpourlesaidants.fr\/\",\"logo\":{\"@type\":\"ImageObject\",\"inLanguage\":\"fr-FR\",\"@id\":\"https:\/\/toutpourlesaidants.fr\/#\/schema\/logo\/image\/\",\"url\":\"http:\/\/toutpourlesaidants.fr\/wp-content\/uploads\/2018\/10\/logo-plateforme.jpg\",\"contentUrl\":\"http:\/\/toutpourlesaidants.fr\/wp-content\/uploads\/2018\/10\/logo-plateforme.jpg\",\"width\":379,\"height\":378,\"caption\":\"Plateforme de r\u00e9pit et d'accompagnement des aidants\"},\"image\":{\"@id\":\"https:\/\/toutpourlesaidants.fr\/#\/schema\/logo\/image\/\"}}]}<\/script>\n<!-- \/ Yoast SEO plugin. -->","yoast_head_json":{"title":"Public concern\u00e9 - r\u00e9pit et accompagnement des aidants","robots":{"index":"index","follow":"follow","max-snippet":"max-snippet:-1","max-image-preview":"max-image-preview:large","max-video-preview":"max-video-preview:-1"},"canonical":"https:\/\/toutpourlesaidants.fr\/index.php\/public-concerne\/","og_locale":"fr_FR","og_type":"article","og_title":"Public concern\u00e9 - r\u00e9pit et accompagnement des aidants","og_description":"LES AIDANTS : Toute personne, familles, conjoints, enfants, amis&#8230; accompagnant dans les actes de la vie quotidienne un proche pr\u00e9sentant une maladie d&rsquo;Alzheimer, des troubles apparent\u00e9s, ou une autre maladie [&hellip;]","og_url":"https:\/\/toutpourlesaidants.fr\/index.php\/public-concerne\/","og_site_name":"r\u00e9pit et accompagnement des aidants","article_modified_time":"2019-07-09T13:43:18+00:00","twitter_card":"summary_large_image","twitter_misc":{"Dur\u00e9e de lecture estim\u00e9e":"1 minute"},"schema":{"@context":"https:\/\/schema.org","@graph":[{"@type":"WebPage","@id":"https:\/\/toutpourlesaidants.fr\/index.php\/public-concerne\/","url":"https:\/\/toutpourlesaidants.fr\/index.php\/public-concerne\/","name":"Public concern\u00e9 - r\u00e9pit et accompagnement des aidants","isPartOf":{"@id":"https:\/\/toutpourlesaidants.fr\/#website"},"datePublished":"2018-06-02T15:19:29+00:00","dateModified":"2019-07-09T13:43:18+00:00","breadcrumb":{"@id":"https:\/\/toutpourlesaidants.fr\/index.php\/public-concerne\/#breadcrumb"},"inLanguage":"fr-FR","potentialAction":[{"@type":"ReadAction","target":["https:\/\/toutpourlesaidants.fr\/index.php\/public-concerne\/"]}]},{"@type":"BreadcrumbList","@id":"https:\/\/toutpourlesaidants.fr\/index.php\/public-concerne\/#breadcrumb","itemListElement":[{"@type":"ListItem","position":1,"name":"Accueil","item":"https:\/\/toutpourlesaidants.fr\/"},{"@type":"ListItem","position":2,"name":"Public concern\u00e9"}]},{"@type":"WebSite","@id":"https:\/\/toutpourlesaidants.fr\/#website","url":"https:\/\/toutpourlesaidants.fr\/","name":"tout pour les aidants","description":"Plateforme de Valence et ses environs","publisher":{"@id":"https:\/\/toutpourlesaidants.fr\/#organization"},"potentialAction":[{"@type":"SearchAction","target":{"@type":"EntryPoint","urlTemplate":"https:\/\/toutpourlesaidants.fr\/?s={search_term_string}"},"query-input":"required name=search_term_string"}],"inLanguage":"fr-FR"},{"@type":"Organization","@id":"https:\/\/toutpourlesaidants.fr\/#organization","name":"Plateforme de r\u00e9pit et d'accompagnement des aidants","url":"https:\/\/toutpourlesaidants.fr\/","logo":{"@type":"ImageObject","inLanguage":"fr-FR","@id":"https:\/\/toutpourlesaidants.fr\/#\/schema\/logo\/image\/","url":"http:\/\/toutpourlesaidants.fr\/wp-content\/uploads\/2018\/10\/logo-plateforme.jpg","contentUrl":"http:\/\/toutpourlesaidants.fr\/wp-content\/uploads\/2018\/10\/logo-plateforme.jpg","width":379,"height":378,"caption":"Plateforme de r\u00e9pit et d'accompagnement des aidants"},"image":{"@id":"https:\/\/toutpourlesaidants.fr\/#\/schema\/logo\/image\/"}}]}},"_links":{"self":[{"href":"https:\/\/toutpourlesaidants.fr\/index.php\/wp-json\/wp\/v2\/pages\/64"}],"collection":[{"href":"https:\/\/toutpourlesaidants.fr\/index.php\/wp-json\/wp\/v2\/pages"}],"about":[{"href":"https:\/\/toutpourlesaidants.fr\/index.php\/wp-json\/wp\/v2\/types\/page"}],"author":[{"embeddable":true,"href":"https:\/\/toutpourlesaidants.fr\/index.php\/wp-json\/wp\/v2\/users\/3"}],"replies":[{"embeddable":true,"href":"https:\/\/toutpourlesaidants.fr\/index.php\/wp-json\/wp\/v2\/comments?post=64"}],"version-history":[{"count":11,"href":"https:\/\/toutpourlesaidants.fr\/index.php\/wp-json\/wp\/v2\/pages\/64\/revisions"}],"predecessor-version":[{"id":1546,"href":"https:\/\/toutpourlesaidants.fr\/index.php\/wp-json\/wp\/v2\/pages\/64\/revisions\/1546"}],"wp:attachment":[{"href":"https:\/\/toutpourlesaidants.fr\/index.php\/wp-json\/wp\/v2\/media?parent=64"}],"curies":[{"name":"wp","href":"https:\/\/api.w.org\/{rel}","templated":true}]}}