{"id":58,"date":"2018-06-02T17:18:39","date_gmt":"2018-06-02T15:18:39","guid":{"rendered":"http:\/\/toutpourlesaidants.fr\/?page_id=58"},"modified":"2022-10-06T15:07:12","modified_gmt":"2022-10-06T13:07:12","slug":"notre-histoire","status":"publish","type":"page","link":"https:\/\/toutpourlesaidants.fr\/index.php\/notre-histoire\/","title":{"rendered":"Notre Histoire"},"content":{"rendered":"<div class=\"pdfprnt-buttons pdfprnt-buttons-page pdfprnt-top-right\"><a href=\"https:\/\/toutpourlesaidants.fr\/index.php\/wp-json\/wp\/v2\/pages\/58?print=pdf\" class=\"pdfprnt-button pdfprnt-button-pdf\" target=\"_blank\"><img decoding=\"async\" src=\"http:\/\/toutpourlesaidants.fr\/wp-content\/plugins\/pdf-print\/images\/pdf.png\" alt=\"image_pdf\" title=\"Afficher le PDF\" \/><\/a><a href=\"https:\/\/toutpourlesaidants.fr\/index.php\/wp-json\/wp\/v2\/pages\/58?print=print\" class=\"pdfprnt-button pdfprnt-button-print\" target=\"_blank\"><img decoding=\"async\" src=\"http:\/\/toutpourlesaidants.fr\/wp-content\/plugins\/pdf-print\/images\/print.png\" alt=\"image_print\" title=\"Contenu imprim\u00e9\" \/><\/a><\/div><p style=\"text-align: justify;\">L&rsquo;EHPAD les C\u00e8dres a r\u00e9pondu \u00e0 l&rsquo;appel \u00e0 projet de l&rsquo;Agence R\u00e9gionale pour la Sant\u00e9 (<a href=\"https:\/\/www.ars.sante.fr\/\" target=\"_blank\" rel=\"noopener noreferrer\"><span style=\"color: #cc99ff;\">ARS<\/span><\/a>) afin d&rsquo;ouvrir une <span style=\"color: #cc99ff;\"><strong>Plateforme d&rsquo;Accompagnement et de R\u00e9pit des Aidants<\/strong><\/span> accol\u00e9e \u00e0 son service d&rsquo;<span style=\"color: #cc99ff;\"><strong>Accueil de jour<\/strong><\/span>.<\/p>\n<p style=\"text-align: justify;\">L&rsquo;objectif de l&rsquo;ARS , en r\u00e9ponse au Plan Alzheimer 2008-2012, est de donner <span style=\"color: #cc99ff;\"><strong>priorit\u00e9 \u00e0 la qualit\u00e9 de vie au domicile<\/strong><\/span>.<\/p>\n<p style=\"text-align: justify;\"><em>\u00ab L\u2019impact de la maladie d\u2019Alzheimer sur les proches et en particulier la famille des personnes malades est une<\/em><br \/>\n<em>caract\u00e9ristique essentielle de cette affection et a \u00e9t\u00e9 \u00e0 l\u2019origine du d\u00e9veloppement du concept de \u00ab r\u00e9pit \u00bb pour les\u00a0<\/em><em>aidants. En effet, si la relation d\u2019aide peut \u00eatre source de satisfaction et de gratification, elle a aussi bien souvent\u00a0<\/em><em>comme cons\u00e9quence la d\u00e9t\u00e9rioration de l\u2019\u00e9tat de sant\u00e9 et de la qualit\u00e9 de vie des proches de la personne malade\u2026.<\/em><em>\u00bb <\/em><\/p>\n<p style=\"text-align: justify;\">Le projet a \u00e9t\u00e9 valid\u00e9 et la Plateforme a ouvert en octobre 2016.<img loading=\"lazy\" decoding=\"async\" class=\" wp-image-927 alignright\" src=\"http:\/\/toutpourlesaidants.fr\/wp-content\/uploads\/2018\/10\/logo-plateforme-300x300.jpg\" alt=\"\" width=\"158\" height=\"158\" srcset=\"https:\/\/toutpourlesaidants.fr\/wp-content\/uploads\/2018\/10\/logo-plateforme-300x300.jpg 300w, https:\/\/toutpourlesaidants.fr\/wp-content\/uploads\/2018\/10\/logo-plateforme-150x150.jpg 150w, https:\/\/toutpourlesaidants.fr\/wp-content\/uploads\/2018\/10\/logo-plateforme-100x100.jpg 100w, https:\/\/toutpourlesaidants.fr\/wp-content\/uploads\/2018\/10\/logo-plateforme.jpg 379w\" sizes=\"(max-width: 158px) 100vw, 158px\" \/><\/p>\n<p style=\"text-align: justify;\">Au d\u00e9but, nous recevions les Aidants pour des entretiens individuels d&rsquo;\u00e9coute et de conseil. Puis petit \u00e0 petit, l&rsquo;\u00e9quipe s&rsquo;est \u00e9toff\u00e9e pour proposer d\u00e8s 2017 un <span style=\"color: #cc99ff;\"><strong>programme mensuel d&rsquo;activit\u00e9<\/strong><\/span> (disponible ici: <a href=\"http:\/\/toutpourlesaidants.fr\/index.php\/programmes-mensuels\/\">programme mensuel<\/a>).<\/p>\n<p style=\"text-align: justify;\">Tout aidant peut s&rsquo;inscrire pour participer.\u00a0Nous nous engageons dans des d\u00e9marches permettant aux Aidants de <strong><span style=\"color: #cc99ff;\">se rencontrer, d&rsquo;\u00e9changer et pourquoi pas de cr\u00e9er des liens durables<\/span><\/strong> et \u00e9tayant.<\/p>\n<p style=\"text-align: justify;\">Aujourd&rsquo;hui, les partenariats avec les professionnels et associations du secteur sont plus intenses et nous permettent d&rsquo;orienter les demandes plus finement.<\/p>\n<p style=\"text-align: justify;\">Notre objectif \u00e9tant de proposer <span style=\"color: #cc99ff;\"><strong>un maillage et un soutien toujours plus \u00e9troit autour des Aidants<\/strong>.<\/span><\/p>\n","protected":false},"excerpt":{"rendered":"<p>L&rsquo;EHPAD les C\u00e8dres a r\u00e9pondu \u00e0 l&rsquo;appel \u00e0 projet de l&rsquo;Agence R\u00e9gionale pour la Sant\u00e9 (ARS) afin d&rsquo;ouvrir une Plateforme d&rsquo;Accompagnement et de R\u00e9pit des Aidants accol\u00e9e \u00e0 son service [&hellip;]<\/p>\n","protected":false},"author":2,"featured_media":0,"parent":0,"menu_order":0,"comment_status":"closed","ping_status":"closed","template":"","meta":{"footnotes":""},"yoast_head":"<!-- This site is optimized with the Yoast SEO plugin v20.2.1 - https:\/\/yoast.com\/wordpress\/plugins\/seo\/ -->\n<title>Notre Histoire - r\u00e9pit et accompagnement des aidants<\/title>\n<meta name=\"description\" content=\"Historique de la Plateforme de Valence et ses objectifs pour l&#039;aidant\" \/>\n<meta name=\"robots\" content=\"index, follow, max-snippet:-1, max-image-preview:large, max-video-preview:-1\" \/>\n<link rel=\"canonical\" href=\"https:\/\/toutpourlesaidants.fr\/index.php\/notre-histoire\/\" \/>\n<meta property=\"og:locale\" content=\"fr_FR\" \/>\n<meta property=\"og:type\" content=\"article\" \/>\n<meta property=\"og:title\" content=\"Notre Histoire - r\u00e9pit et accompagnement des aidants\" \/>\n<meta property=\"og:description\" content=\"Historique de la Plateforme de Valence et ses objectifs pour l&#039;aidant\" \/>\n<meta property=\"og:url\" content=\"https:\/\/toutpourlesaidants.fr\/index.php\/notre-histoire\/\" \/>\n<meta property=\"og:site_name\" content=\"r\u00e9pit et accompagnement des aidants\" \/>\n<meta property=\"article:modified_time\" content=\"2022-10-06T13:07:12+00:00\" \/>\n<meta property=\"og:image\" content=\"http:\/\/toutpourlesaidants.fr\/wp-content\/uploads\/2018\/10\/logo-plateforme-300x300.jpg\" \/>\n<meta name=\"twitter:card\" content=\"summary_large_image\" \/>\n<meta name=\"twitter:label1\" content=\"Dur\u00e9e de lecture estim\u00e9e\" \/>\n\t<meta name=\"twitter:data1\" content=\"1 minute\" \/>\n<script type=\"application\/ld+json\" class=\"yoast-schema-graph\">{\"@context\":\"https:\/\/schema.org\",\"@graph\":[{\"@type\":\"WebPage\",\"@id\":\"https:\/\/toutpourlesaidants.fr\/index.php\/notre-histoire\/\",\"url\":\"https:\/\/toutpourlesaidants.fr\/index.php\/notre-histoire\/\",\"name\":\"Notre Histoire - r\u00e9pit et accompagnement des aidants\",\"isPartOf\":{\"@id\":\"https:\/\/toutpourlesaidants.fr\/#website\"},\"datePublished\":\"2018-06-02T15:18:39+00:00\",\"dateModified\":\"2022-10-06T13:07:12+00:00\",\"description\":\"Historique de la Plateforme de Valence et ses objectifs pour l'aidant\",\"breadcrumb\":{\"@id\":\"https:\/\/toutpourlesaidants.fr\/index.php\/notre-histoire\/#breadcrumb\"},\"inLanguage\":\"fr-FR\",\"potentialAction\":[{\"@type\":\"ReadAction\",\"target\":[\"https:\/\/toutpourlesaidants.fr\/index.php\/notre-histoire\/\"]}]},{\"@type\":\"BreadcrumbList\",\"@id\":\"https:\/\/toutpourlesaidants.fr\/index.php\/notre-histoire\/#breadcrumb\",\"itemListElement\":[{\"@type\":\"ListItem\",\"position\":1,\"name\":\"Accueil\",\"item\":\"https:\/\/toutpourlesaidants.fr\/\"},{\"@type\":\"ListItem\",\"position\":2,\"name\":\"Notre Histoire\"}]},{\"@type\":\"WebSite\",\"@id\":\"https:\/\/toutpourlesaidants.fr\/#website\",\"url\":\"https:\/\/toutpourlesaidants.fr\/\",\"name\":\"tout pour les aidants\",\"description\":\"Plateforme de Valence et ses environs\",\"publisher\":{\"@id\":\"https:\/\/toutpourlesaidants.fr\/#organization\"},\"potentialAction\":[{\"@type\":\"SearchAction\",\"target\":{\"@type\":\"EntryPoint\",\"urlTemplate\":\"https:\/\/toutpourlesaidants.fr\/?s={search_term_string}\"},\"query-input\":\"required name=search_term_string\"}],\"inLanguage\":\"fr-FR\"},{\"@type\":\"Organization\",\"@id\":\"https:\/\/toutpourlesaidants.fr\/#organization\",\"name\":\"Plateforme de r\u00e9pit et d'accompagnement des aidants\",\"url\":\"https:\/\/toutpourlesaidants.fr\/\",\"logo\":{\"@type\":\"ImageObject\",\"inLanguage\":\"fr-FR\",\"@id\":\"https:\/\/toutpourlesaidants.fr\/#\/schema\/logo\/image\/\",\"url\":\"http:\/\/toutpourlesaidants.fr\/wp-content\/uploads\/2018\/10\/logo-plateforme.jpg\",\"contentUrl\":\"http:\/\/toutpourlesaidants.fr\/wp-content\/uploads\/2018\/10\/logo-plateforme.jpg\",\"width\":379,\"height\":378,\"caption\":\"Plateforme de r\u00e9pit et d'accompagnement des aidants\"},\"image\":{\"@id\":\"https:\/\/toutpourlesaidants.fr\/#\/schema\/logo\/image\/\"}}]}<\/script>\n<!-- \/ Yoast SEO plugin. -->","yoast_head_json":{"title":"Notre Histoire - r\u00e9pit et accompagnement des aidants","description":"Historique de la Plateforme de Valence et ses objectifs pour l'aidant","robots":{"index":"index","follow":"follow","max-snippet":"max-snippet:-1","max-image-preview":"max-image-preview:large","max-video-preview":"max-video-preview:-1"},"canonical":"https:\/\/toutpourlesaidants.fr\/index.php\/notre-histoire\/","og_locale":"fr_FR","og_type":"article","og_title":"Notre Histoire - r\u00e9pit et accompagnement des aidants","og_description":"Historique de la Plateforme de Valence et ses objectifs pour l'aidant","og_url":"https:\/\/toutpourlesaidants.fr\/index.php\/notre-histoire\/","og_site_name":"r\u00e9pit et accompagnement des aidants","article_modified_time":"2022-10-06T13:07:12+00:00","og_image":[{"url":"http:\/\/toutpourlesaidants.fr\/wp-content\/uploads\/2018\/10\/logo-plateforme-300x300.jpg"}],"twitter_card":"summary_large_image","twitter_misc":{"Dur\u00e9e de lecture estim\u00e9e":"1 minute"},"schema":{"@context":"https:\/\/schema.org","@graph":[{"@type":"WebPage","@id":"https:\/\/toutpourlesaidants.fr\/index.php\/notre-histoire\/","url":"https:\/\/toutpourlesaidants.fr\/index.php\/notre-histoire\/","name":"Notre Histoire - r\u00e9pit et accompagnement des aidants","isPartOf":{"@id":"https:\/\/toutpourlesaidants.fr\/#website"},"datePublished":"2018-06-02T15:18:39+00:00","dateModified":"2022-10-06T13:07:12+00:00","description":"Historique de la Plateforme de Valence et ses objectifs pour l'aidant","breadcrumb":{"@id":"https:\/\/toutpourlesaidants.fr\/index.php\/notre-histoire\/#breadcrumb"},"inLanguage":"fr-FR","potentialAction":[{"@type":"ReadAction","target":["https:\/\/toutpourlesaidants.fr\/index.php\/notre-histoire\/"]}]},{"@type":"BreadcrumbList","@id":"https:\/\/toutpourlesaidants.fr\/index.php\/notre-histoire\/#breadcrumb","itemListElement":[{"@type":"ListItem","position":1,"name":"Accueil","item":"https:\/\/toutpourlesaidants.fr\/"},{"@type":"ListItem","position":2,"name":"Notre Histoire"}]},{"@type":"WebSite","@id":"https:\/\/toutpourlesaidants.fr\/#website","url":"https:\/\/toutpourlesaidants.fr\/","name":"tout pour les aidants","description":"Plateforme de Valence et ses environs","publisher":{"@id":"https:\/\/toutpourlesaidants.fr\/#organization"},"potentialAction":[{"@type":"SearchAction","target":{"@type":"EntryPoint","urlTemplate":"https:\/\/toutpourlesaidants.fr\/?s={search_term_string}"},"query-input":"required name=search_term_string"}],"inLanguage":"fr-FR"},{"@type":"Organization","@id":"https:\/\/toutpourlesaidants.fr\/#organization","name":"Plateforme de r\u00e9pit et d'accompagnement des aidants","url":"https:\/\/toutpourlesaidants.fr\/","logo":{"@type":"ImageObject","inLanguage":"fr-FR","@id":"https:\/\/toutpourlesaidants.fr\/#\/schema\/logo\/image\/","url":"http:\/\/toutpourlesaidants.fr\/wp-content\/uploads\/2018\/10\/logo-plateforme.jpg","contentUrl":"http:\/\/toutpourlesaidants.fr\/wp-content\/uploads\/2018\/10\/logo-plateforme.jpg","width":379,"height":378,"caption":"Plateforme de r\u00e9pit et d'accompagnement des aidants"},"image":{"@id":"https:\/\/toutpourlesaidants.fr\/#\/schema\/logo\/image\/"}}]}},"_links":{"self":[{"href":"https:\/\/toutpourlesaidants.fr\/index.php\/wp-json\/wp\/v2\/pages\/58"}],"collection":[{"href":"https:\/\/toutpourlesaidants.fr\/index.php\/wp-json\/wp\/v2\/pages"}],"about":[{"href":"https:\/\/toutpourlesaidants.fr\/index.php\/wp-json\/wp\/v2\/types\/page"}],"author":[{"embeddable":true,"href":"https:\/\/toutpourlesaidants.fr\/index.php\/wp-json\/wp\/v2\/users\/2"}],"replies":[{"embeddable":true,"href":"https:\/\/toutpourlesaidants.fr\/index.php\/wp-json\/wp\/v2\/comments?post=58"}],"version-history":[{"count":10,"href":"https:\/\/toutpourlesaidants.fr\/index.php\/wp-json\/wp\/v2\/pages\/58\/revisions"}],"predecessor-version":[{"id":2002,"href":"https:\/\/toutpourlesaidants.fr\/index.php\/wp-json\/wp\/v2\/pages\/58\/revisions\/2002"}],"wp:attachment":[{"href":"https:\/\/toutpourlesaidants.fr\/index.php\/wp-json\/wp\/v2\/media?parent=58"}],"curies":[{"name":"wp","href":"https:\/\/api.w.org\/{rel}","templated":true}]}}