{"id":556,"date":"2018-07-19T16:44:16","date_gmt":"2018-07-19T14:44:16","guid":{"rendered":"http:\/\/toutpourlesaidants.fr\/?page_id=556"},"modified":"2018-11-22T11:53:45","modified_gmt":"2018-11-22T10:53:45","slug":"programmes-mensuels","status":"publish","type":"page","link":"https:\/\/toutpourlesaidants.fr\/index.php\/programmes-mensuels\/","title":{"rendered":"PROGRAMMES MENSUELS"},"content":{"rendered":"<div class=\"pdfprnt-buttons pdfprnt-buttons-page pdfprnt-top-right\"><a href=\"https:\/\/toutpourlesaidants.fr\/index.php\/wp-json\/wp\/v2\/pages\/556?print=pdf\" class=\"pdfprnt-button pdfprnt-button-pdf\" target=\"_blank\"><img decoding=\"async\" src=\"http:\/\/toutpourlesaidants.fr\/wp-content\/plugins\/pdf-print\/images\/pdf.png\" alt=\"image_pdf\" title=\"Afficher le PDF\" \/><\/a><a href=\"https:\/\/toutpourlesaidants.fr\/index.php\/wp-json\/wp\/v2\/pages\/556?print=print\" class=\"pdfprnt-button pdfprnt-button-print\" target=\"_blank\"><img decoding=\"async\" src=\"http:\/\/toutpourlesaidants.fr\/wp-content\/plugins\/pdf-print\/images\/print.png\" alt=\"image_print\" title=\"Contenu imprim\u00e9\" \/><\/a><\/div><p>Cliquez sur le lien ci-dessous pour lire le planning :<br \/>\n<a href=\"http:\/\/toutpourlesaidants.fr\/wp-content\/uploads\/2018\/11\/11-2018.pdf\" target=\"_blank\" rel=\"noopener\">NOVEMBRE 2018<\/a> (format PDF)<\/p>\n<table width=\"0\">\n<tbody>\n<tr>\n<td width=\"210\"><strong>\u00a0<\/strong><\/td>\n<td width=\"210\"><strong>\u00a0<\/strong><\/td>\n<td width=\"210\"><strong>\u00a0<\/strong><\/td>\n<td width=\"210\"><strong>Jeudi 01<\/strong><\/td>\n<td width=\"210\"><strong>Vendredi 02<\/strong><\/td>\n<\/tr>\n<tr>\n<td width=\"210\"><strong>\u00a0<\/strong><\/td>\n<td width=\"210\"><\/td>\n<td width=\"210\"><strong>\u00a0<\/strong><\/td>\n<td width=\"210\"><\/td>\n<td width=\"210\"><strong><em>15h \u00e0 16h<\/em> \u2013 Gestes et postures<\/strong><\/p>\n<p>Pour l\u2019aidant et l\u2019aid\u00e9. Avec l\u2019ergoth\u00e9rapeute<\/p>\n<p><strong><em>16h \u00e0 17h<\/em> \u2013 Atelier \u00e9quilibre<\/strong><\/p>\n<p>Pour l\u2019aidant et l\u2019aid\u00e9. Avec l\u2019ergoth\u00e9rapeute<\/td>\n<\/tr>\n<tr>\n<td width=\"210\"><strong>Lundi 05<\/strong><\/td>\n<td width=\"210\"><strong>Mardi 06<\/strong><\/td>\n<td width=\"210\"><strong>Mercredi 07<\/strong><\/td>\n<td width=\"210\"><strong>Jeudi 08<\/strong><\/td>\n<td width=\"210\"><strong>Vendredi 09<\/strong><\/td>\n<\/tr>\n<tr>\n<td width=\"210\"><strong><em>14h \u00e0 17h &#8211; <\/em>Entretien de soutien<\/strong>,<\/p>\n<p>Entretien priv\u00e9 pour les aidants avec la psychologue.<\/p>\n<p><strong><em><\/p>\n<p><\/em><\/strong><\/p>\n<p>&nbsp;<\/td>\n<td width=\"210\"><strong><em>10h \u00e0 12h<\/em> &#8211; R\u00e9pit sur site, Stimulation des sens <\/strong>Temps d\u2019accueil pour l\u2019aid\u00e9.<\/p>\n<p>Anim\u00e9 par l\u2019ASG.<\/p>\n<p><strong>\u00a0<\/strong><\/p>\n<p><strong><em>14h \u00e0 16h<\/em><\/strong><strong> &#8211; M\u00e9diation animale,<\/strong><\/p>\n<p>Atelier 1<\/p>\n<p>Pour le bin\u00f4me aidant\/aid\u00e9. Propos\u00e9 par Laura BERBEL et ses animaux.<\/td>\n<td width=\"210\"><strong><em>10h00 \u00e0 11h30 &#8211; <\/em>Paint\u2019n\u2019Cheers,<\/strong><\/p>\n<p>Atelier peinture\/dessin pour les aidants.<\/p>\n<p><strong>\u00a0<\/strong><\/p>\n<p><strong><em>14h \u00e0 16h &#8211; <\/em>D\u00e9tente sur lit de massage \u00e0 eau, <\/strong><\/p>\n<p><strong><em>S\u00e9ance de 30 mn. <\/em><\/strong>Pour les aidants et\/ou aid\u00e9s, sur rendez-vous. Accompagn\u00e9 par l\u2019ASG.<\/td>\n<td width=\"210\"><strong><em>10h30 \u00e0 11h30 &#8211; <\/em><\/strong><strong>Sophrologie<\/strong><strong>, <\/strong><\/p>\n<p>Pour l\u2019aidant anim\u00e9 par Y. POMMAREL sophrologue.<\/p>\n<p>7\u20ac la s\u00e9ance (intervenant ext\u00e9rieur).<\/p>\n<p><strong>\u00a0<\/strong><\/td>\n<td width=\"210\"><strong><em>10h30 \u00e0 11h30 &#8211; <\/em>Relaxation, <\/strong><\/p>\n<p>Moment de d\u00e9tente pour les aidants. Anim\u00e9 par la psychologue.<\/p>\n<p><strong>\u00a0<\/strong><\/p>\n<p><strong><em>15h \u00e0 16h<\/em> \u2013 Gestes et postures<\/strong><\/p>\n<p>Pour l\u2019aidant et l\u2019aid\u00e9. Avec l\u2019ergoth\u00e9rapeute<\/p>\n<p><strong>\u00a0<\/strong><\/p>\n<p><strong><em>16h \u00e0 17h<\/em> \u2013 Atelier \u00e9quilibre<\/strong><\/p>\n<p>Pour l\u2019aidant et l\u2019aid\u00e9. Avec l\u2019ergoth\u00e9rapeute<\/p>\n<p><strong>\u00a0<\/strong><\/td>\n<\/tr>\n<tr>\n<td width=\"210\">\n<strong>Lundi 12<\/strong><\/td>\n<td width=\"210\"><strong>Mardi 13<\/strong><\/td>\n<td width=\"210\"><strong>Mercredi 14<\/strong><\/td>\n<td width=\"210\"><strong>Jeudi 15<\/strong><\/td>\n<td width=\"210\"><strong>Vendredi 16<\/strong><\/td>\n<\/tr>\n<tr>\n<td width=\"210\"><strong><em>14h \u00e0 17h &#8211; <\/em>Entretien de soutien<\/strong>,<\/p>\n<p>Entretien priv\u00e9 pour les aidants avec la psychologue.<\/p>\n<p><strong><em><\/p>\n<p><\/em><\/strong><\/p>\n<p><strong>\u00a0<\/strong><\/td>\n<td width=\"210\"><strong><em>14h \u00e0 16h<\/em><\/strong><strong> &#8211; M\u00e9diation animale,<\/strong><\/p>\n<p>Atelier 2<\/p>\n<p>Pour le bin\u00f4me aidant\/aid\u00e9. Propos\u00e9 par Laura BERBEL et ses animaux<\/td>\n<td width=\"210\"><strong><em>14h \u00e0 16h &#8211; <\/em>D\u00e9tente sur lit de massage \u00e0 eau, <\/strong><\/p>\n<p><strong><em>S\u00e9ance de 30 mn. <\/em><\/strong>Pour les aidants et\/ou aid\u00e9s, sur rendez-vous. Accompagn\u00e9 par l\u2019ASG.<\/td>\n<td width=\"210\"><strong><em>10h30 \u00e0 11h30 &#8211; <\/em><\/strong><strong>Sophrologie<\/strong><strong>, <\/strong><\/p>\n<p>Pour l\u2019aidant anim\u00e9 par Y. POMMAREL sophrologue.<\/p>\n<p>7\u20ac la s\u00e9ance (intervenant ext\u00e9rieur).<\/p>\n<p><strong>\u00a0<\/strong><\/p>\n<p><strong><em>14h \u00e0 16h &#8211; <\/em><\/strong><strong>Go\u00fbter partag\u00e9 &#8211; Gestion participative du site internet<\/strong><strong>,<\/strong><\/p>\n<p>Pour l\u2019aidant, anim\u00e9 par P. LEPETIT informaticienne (intervenant ext\u00e9rieur)<\/td>\n<td width=\"210\"><strong><em>11h \u00e0 12h &#8211; <\/em>Parcours de sant\u00e9 Cycle 2,<\/strong><\/p>\n<p>Pour l\u2019aidant et l\u2019aid\u00e9, anim\u00e9 par l\u2019ASG<\/p>\n<p>&nbsp;<\/p>\n<p><strong><em>16h \u00e0 17h<\/em> \u2013 Atelier \u00e9quilibre<\/strong><\/p>\n<p>Pour l\u2019aidant et l\u2019aid\u00e9. Avec l\u2019ergoth\u00e9rapeute<\/p>\n<p><strong>\u00a0<\/strong><\/td>\n<\/tr>\n<tr>\n<td width=\"210\"><strong>Lundi 19<\/strong><\/td>\n<td width=\"210\"><strong>Mardi 20<\/strong><\/td>\n<td width=\"210\"><strong>Mercredi 21<\/strong><\/td>\n<td width=\"210\"><strong>Jeudi 22<\/strong><\/td>\n<td width=\"210\"><strong>Vendredi 23<\/strong><\/td>\n<\/tr>\n<tr>\n<td width=\"210\"><strong><em>14h \u00e0 17h &#8211; <\/em>Entretien de soutien<\/strong>,<\/p>\n<p>Entretien priv\u00e9 pour les aidants avec la psychologue.<\/p>\n<p><strong><em><\/p>\n<p><\/em><\/strong><\/p>\n<p><strong>\u00a0<\/strong><\/td>\n<td width=\"210\"><strong><em>10h \u00e0 12h<\/em> &#8211; R\u00e9pit sur site, Stimulation des sens <\/strong>Temps d\u2019accueil pour l\u2019aid\u00e9.<\/p>\n<p>Anim\u00e9 par l\u2019ASG.<\/p>\n<p>&nbsp;<\/p>\n<p><strong><em>14h \u00e0 16h<\/em><\/strong><strong> &#8211; M\u00e9diation animale,<\/strong><\/p>\n<p>Atelier 3<\/p>\n<p>Pour le bin\u00f4me aidant\/aid\u00e9. Propos\u00e9 par Laura BERBEL et ses animaux<\/td>\n<td width=\"210\"><strong><em>10h \u00e0 11h &#8211; <\/em>Internet,<\/strong><\/p>\n<p>Atelier pour les aidants.<\/p>\n<p><strong>\u00a0<\/strong><\/p>\n<p><strong><em>14h \u00e0 16h &#8211; <\/em>D\u00e9tente sur lit de massage \u00e0 eau, <\/strong><\/p>\n<p><strong><em>S\u00e9ance de 30 mn. <\/em><\/strong>Pour les aidants et\/ou aid\u00e9s, sur rendez-vous. Accompagn\u00e9 par l\u2019ASG.<\/td>\n<td width=\"210\"><strong><em>10h30 \u00e0 11h30 &#8211; <\/em><\/strong><strong>Sophrologie<\/strong><strong>, <\/strong><\/p>\n<p>Pour l\u2019aidant anim\u00e9 par Y. POMMAREL sophrologue.<\/p>\n<p>7\u20ac la s\u00e9ance (intervenant ext\u00e9rieur).<\/p>\n<p>&nbsp;<\/p>\n<p><strong><em>14h \u00e0 16h \u2013<\/em> Entr\u2019Aidants, <\/strong><\/p>\n<p>Pour les aidants, avec la psychologue<\/td>\n<td width=\"210\"><strong><em>10h30 \u00e0 11h30 &#8211; <\/em>Relaxation, <\/strong><\/p>\n<p>Moment de d\u00e9tente pour les aidants. Anim\u00e9 par la psychologue.<\/p>\n<p>&nbsp;<\/p>\n<p><strong><em>16h \u00e0 17h<\/em> \u2013 Atelier \u00e9quilibre<\/strong><\/p>\n<p>Pour l\u2019aidant et l\u2019aid\u00e9. Avec l\u2019ergoth\u00e9rapeute<\/p>\n<p><strong>\u00a0<\/strong><\/td>\n<\/tr>\n<tr>\n<td width=\"210\"><strong>Lundi 26<\/strong><\/td>\n<td width=\"210\"><strong>Mardi 27<\/strong><\/td>\n<td width=\"210\"><strong>Mercredi 28<\/strong><\/td>\n<td width=\"210\"><strong>Jeudi 29<\/strong><\/td>\n<td width=\"210\"><strong>Vendredi 30<\/strong><\/td>\n<\/tr>\n<tr>\n<td width=\"210\"><strong><em>14h \u00e0 17h &#8211; <\/em>Entretien de soutien<\/strong>,<\/p>\n<p>Entretien priv\u00e9 pour les aidants avec la psychologue.<strong><em><\/p>\n<p><\/em><\/strong><\/td>\n<td width=\"210\"><strong><em>14h \u00e0 16h<\/em><\/strong><strong> &#8211; M\u00e9diation animale,<\/strong><\/p>\n<p>Atelier 4<\/p>\n<p>Pour le bin\u00f4me aidant\/aid\u00e9. Propos\u00e9 par Laura BERBEL et ses animaux<\/td>\n<td width=\"210\"><strong><em>14h \u00e0 16h &#8211; <\/em>D\u00e9tente sur lit de massage \u00e0 eau, <\/strong><\/p>\n<p><strong><em>S\u00e9ance de 30 mn. <\/em><\/strong>Pour les aidants et\/ou aid\u00e9s, sur rendez-vous. Accompagn\u00e9 par l\u2019ASG.<\/td>\n<td width=\"210\"><strong><em>10h30 \u00e0 11h30 &#8211; <\/em><\/strong><strong>Sophrologie<\/strong><strong>, <\/strong><\/p>\n<p>Pour l\u2019aidant anim\u00e9 par Y. POMMAREL sophrologue.<\/p>\n<p>7\u20ac la s\u00e9ance (intervenant ext\u00e9rieur).<\/p>\n<p><strong>\u00a0<\/strong><\/td>\n<td width=\"210\"><strong><em>11h \u00e0 12h &#8211; <\/em>Parcours de sant\u00e9 Cycle 2,<\/strong><\/p>\n<p>Pour l\u2019aidant et l\u2019aid\u00e9, anim\u00e9 par l\u2019ASG<\/p>\n<p><strong><em>\u00a0<\/em><\/strong><\/td>\n<\/tr>\n<\/tbody>\n<\/table>\n<p><span style=\"color: #800000;\"><strong>Entretien de soutien<\/strong><\/span>, est un entretien individuel avec la psychologue. Cycle de 3 s\u00e9ances et sur rendez-vous<strong>. <\/strong>Avec Mme Karine METERY, psychologue.<\/p>\n<p><strong><span style=\"color: #cc99ff;\">Entr\u2019Aidants<\/span>,<\/strong> Groupe de paroles pour l\u2019aidant, anim\u00e9 par Mme Karine METERY, psychologue.<\/p>\n<p><span style=\"color: #ff00ff;\"><strong>Paint\u2019n\u2019Cheers<\/strong><\/span>, est un atelier peinture\/dessin pour les aidants. Anim\u00e9 par Mme V\u00e9ronique MOLINA.<\/p>\n<p><span style=\"color: #ffff00;\"><strong>R\u00e9pit sur site<\/strong><\/span>, est un temps d\u2019accueil pour l\u2019aid\u00e9 avec en th\u00e9matique<em> Toucher, Voir, Entendre<\/em>\u00a0: stimulation des sens. Anim\u00e9 par Mr Claude NOGUEIRA, ASG.<\/p>\n<p><span style=\"color: #ff6600;\"><strong>Gestes et postures<\/strong><\/span>, est un temps d\u2019accueil pour l\u2019aidant et l\u2019aid\u00e9. Cycle de 4 s\u00e9ances. Th\u00e9matique d\u00e9finie selon les besoins, apr\u00e8s \u00e9valuation. Avec Mme Delphine BALSA, ergoth\u00e9rapeute.<\/p>\n<p><strong><span style=\"color: #cc99ff;\">Atelier \u00e9quilibre<\/span>,<\/strong> Pour l\u2019aidant et l\u2019aid\u00e9. Avec ME Delphine BALSA, ergoth\u00e9rapeute.<\/p>\n<p><strong><span style=\"color: #008080;\">Parcours de sant\u00e9<\/span>,<\/strong> est une activit\u00e9 pour le bin\u00f4me. Cycle de 5 s\u00e9ances. Anim\u00e9 par Mr Claude NOGUEIRA, ASG.<\/p>\n<p><span style=\"color: #3366ff;\"><strong>D\u00e9tente sur lit de massage \u00e0 eau<\/strong><\/span>, est une s\u00e9ance de 30 mn de bien-\u00eatre pour l\u2019aidant. Accompagn\u00e9 par MR Claude NOGUEIRA, ASG.<\/p>\n<p><span style=\"color: #339966;\"><strong>Relaxation<\/strong><\/span>, est moment de d\u00e9tente. Cycle de 6 s\u00e9ances. Anim\u00e9 par Mme Karine METERY, psychologue.<\/p>\n<p><span style=\"color: #666699;\"><strong>Gestion participative du site internet<\/strong><\/span><strong>, <\/strong>est un moment de formation, d\u2019apprentissage et de communication.\u00a0 Cocr\u00e9ation du site internet de la plateforme de r\u00e9pit avec les aidants et notre partenaire \u00abLEPETIT-SERVICE\u00bb. Anim\u00e9 par Mme Pascale LEPETIT. D\u00e9butant accept\u00e9.<\/p>\n<p><span style=\"color: #ffff00;\"><strong>M\u00e9diation animale<\/strong><\/span>, vers un dialogue apais\u00e9 par la m\u00e9diation animale pour le bin\u00f4me aidant\/aid\u00e9. Anim\u00e9 par Laura BERBEL \u00d4\u2019Tour Des Ani\u2019Maux.<\/p>\n<p><span style=\"color: #ffcc99;\"><strong>Sophrologie<\/strong><\/span>, s\u00e9ance de sophrologie pour l\u2019aidant. Anim\u00e9 par Mme Yolande POMAREL, sophrologue et prestataire ext\u00e9rieur. 7 \u20ac la s\u00e9ance<\/p>\n<p><u>Toutes nos actions se font <strong>sur inscription<\/strong> au <\/u><strong><u>04 75 82 10 60<\/u><\/strong><\/p>\n<p>Nos actions sont sans participation financi\u00e8re pour l\u2019usager.<\/p>\n","protected":false},"excerpt":{"rendered":"<p>Cliquez sur le lien ci-dessous pour lire le planning : NOVEMBRE 2018 (format PDF) \u00a0 \u00a0 \u00a0 Jeudi 01 Vendredi 02 \u00a0 \u00a0 15h \u00e0 16h \u2013 Gestes et postures [&hellip;]<\/p>\n","protected":false},"author":3,"featured_media":865,"parent":0,"menu_order":0,"comment_status":"closed","ping_status":"closed","template":"","meta":{"footnotes":""},"yoast_head":"<!-- This site is optimized with the Yoast SEO plugin v20.2.1 - https:\/\/yoast.com\/wordpress\/plugins\/seo\/ -->\n<title>PROGRAMMES MENSUELS - r\u00e9pit et accompagnement des aidants<\/title>\n<meta name=\"description\" content=\"Le calendrier de toutes les activit\u00e9s mois par mois\" \/>\n<meta name=\"robots\" content=\"index, follow, max-snippet:-1, max-image-preview:large, max-video-preview:-1\" \/>\n<link rel=\"canonical\" href=\"https:\/\/toutpourlesaidants.fr\/index.php\/programmes-mensuels\/\" \/>\n<meta property=\"og:locale\" content=\"fr_FR\" \/>\n<meta property=\"og:type\" content=\"article\" \/>\n<meta property=\"og:title\" content=\"PROGRAMMES MENSUELS - r\u00e9pit et accompagnement des aidants\" \/>\n<meta property=\"og:description\" content=\"Le calendrier de toutes les activit\u00e9s mois par mois\" \/>\n<meta property=\"og:url\" content=\"https:\/\/toutpourlesaidants.fr\/index.php\/programmes-mensuels\/\" \/>\n<meta property=\"og:site_name\" content=\"r\u00e9pit et accompagnement des aidants\" \/>\n<meta property=\"article:modified_time\" content=\"2018-11-22T10:53:45+00:00\" \/>\n<meta name=\"twitter:card\" content=\"summary_large_image\" \/>\n<meta name=\"twitter:image\" content=\"https:\/\/toutpourlesaidants.fr\/wp-content\/uploads\/2018\/09\/09-2018-1-pdf.jpg\" \/>\n<meta name=\"twitter:label1\" content=\"Dur\u00e9e de lecture estim\u00e9e\" \/>\n\t<meta name=\"twitter:data1\" content=\"4 minutes\" \/>\n<script type=\"application\/ld+json\" class=\"yoast-schema-graph\">{\"@context\":\"https:\/\/schema.org\",\"@graph\":[{\"@type\":\"WebPage\",\"@id\":\"https:\/\/toutpourlesaidants.fr\/index.php\/programmes-mensuels\/\",\"url\":\"https:\/\/toutpourlesaidants.fr\/index.php\/programmes-mensuels\/\",\"name\":\"PROGRAMMES MENSUELS - r\u00e9pit et accompagnement des aidants\",\"isPartOf\":{\"@id\":\"https:\/\/toutpourlesaidants.fr\/#website\"},\"datePublished\":\"2018-07-19T14:44:16+00:00\",\"dateModified\":\"2018-11-22T10:53:45+00:00\",\"description\":\"Le calendrier de toutes les activit\u00e9s mois par mois\",\"breadcrumb\":{\"@id\":\"https:\/\/toutpourlesaidants.fr\/index.php\/programmes-mensuels\/#breadcrumb\"},\"inLanguage\":\"fr-FR\",\"potentialAction\":[{\"@type\":\"ReadAction\",\"target\":[\"https:\/\/toutpourlesaidants.fr\/index.php\/programmes-mensuels\/\"]}]},{\"@type\":\"BreadcrumbList\",\"@id\":\"https:\/\/toutpourlesaidants.fr\/index.php\/programmes-mensuels\/#breadcrumb\",\"itemListElement\":[{\"@type\":\"ListItem\",\"position\":1,\"name\":\"Accueil\",\"item\":\"https:\/\/toutpourlesaidants.fr\/\"},{\"@type\":\"ListItem\",\"position\":2,\"name\":\"PROGRAMMES MENSUELS\"}]},{\"@type\":\"WebSite\",\"@id\":\"https:\/\/toutpourlesaidants.fr\/#website\",\"url\":\"https:\/\/toutpourlesaidants.fr\/\",\"name\":\"tout pour les aidants\",\"description\":\"Plateforme de Valence et ses environs\",\"publisher\":{\"@id\":\"https:\/\/toutpourlesaidants.fr\/#organization\"},\"potentialAction\":[{\"@type\":\"SearchAction\",\"target\":{\"@type\":\"EntryPoint\",\"urlTemplate\":\"https:\/\/toutpourlesaidants.fr\/?s={search_term_string}\"},\"query-input\":\"required name=search_term_string\"}],\"inLanguage\":\"fr-FR\"},{\"@type\":\"Organization\",\"@id\":\"https:\/\/toutpourlesaidants.fr\/#organization\",\"name\":\"Plateforme de r\u00e9pit et d'accompagnement des aidants\",\"url\":\"https:\/\/toutpourlesaidants.fr\/\",\"logo\":{\"@type\":\"ImageObject\",\"inLanguage\":\"fr-FR\",\"@id\":\"https:\/\/toutpourlesaidants.fr\/#\/schema\/logo\/image\/\",\"url\":\"http:\/\/toutpourlesaidants.fr\/wp-content\/uploads\/2018\/10\/logo-plateforme.jpg\",\"contentUrl\":\"http:\/\/toutpourlesaidants.fr\/wp-content\/uploads\/2018\/10\/logo-plateforme.jpg\",\"width\":379,\"height\":378,\"caption\":\"Plateforme de r\u00e9pit et d'accompagnement des aidants\"},\"image\":{\"@id\":\"https:\/\/toutpourlesaidants.fr\/#\/schema\/logo\/image\/\"}}]}<\/script>\n<!-- \/ Yoast SEO plugin. -->","yoast_head_json":{"title":"PROGRAMMES MENSUELS - r\u00e9pit et accompagnement des aidants","description":"Le calendrier de toutes les activit\u00e9s mois par mois","robots":{"index":"index","follow":"follow","max-snippet":"max-snippet:-1","max-image-preview":"max-image-preview:large","max-video-preview":"max-video-preview:-1"},"canonical":"https:\/\/toutpourlesaidants.fr\/index.php\/programmes-mensuels\/","og_locale":"fr_FR","og_type":"article","og_title":"PROGRAMMES MENSUELS - r\u00e9pit et accompagnement des aidants","og_description":"Le calendrier de toutes les activit\u00e9s mois par mois","og_url":"https:\/\/toutpourlesaidants.fr\/index.php\/programmes-mensuels\/","og_site_name":"r\u00e9pit et accompagnement des aidants","article_modified_time":"2018-11-22T10:53:45+00:00","twitter_card":"summary_large_image","twitter_image":"https:\/\/toutpourlesaidants.fr\/wp-content\/uploads\/2018\/09\/09-2018-1-pdf.jpg","twitter_misc":{"Dur\u00e9e de lecture estim\u00e9e":"4 minutes"},"schema":{"@context":"https:\/\/schema.org","@graph":[{"@type":"WebPage","@id":"https:\/\/toutpourlesaidants.fr\/index.php\/programmes-mensuels\/","url":"https:\/\/toutpourlesaidants.fr\/index.php\/programmes-mensuels\/","name":"PROGRAMMES MENSUELS - r\u00e9pit et accompagnement des aidants","isPartOf":{"@id":"https:\/\/toutpourlesaidants.fr\/#website"},"datePublished":"2018-07-19T14:44:16+00:00","dateModified":"2018-11-22T10:53:45+00:00","description":"Le calendrier de toutes les activit\u00e9s mois par mois","breadcrumb":{"@id":"https:\/\/toutpourlesaidants.fr\/index.php\/programmes-mensuels\/#breadcrumb"},"inLanguage":"fr-FR","potentialAction":[{"@type":"ReadAction","target":["https:\/\/toutpourlesaidants.fr\/index.php\/programmes-mensuels\/"]}]},{"@type":"BreadcrumbList","@id":"https:\/\/toutpourlesaidants.fr\/index.php\/programmes-mensuels\/#breadcrumb","itemListElement":[{"@type":"ListItem","position":1,"name":"Accueil","item":"https:\/\/toutpourlesaidants.fr\/"},{"@type":"ListItem","position":2,"name":"PROGRAMMES MENSUELS"}]},{"@type":"WebSite","@id":"https:\/\/toutpourlesaidants.fr\/#website","url":"https:\/\/toutpourlesaidants.fr\/","name":"tout pour les aidants","description":"Plateforme de Valence et ses environs","publisher":{"@id":"https:\/\/toutpourlesaidants.fr\/#organization"},"potentialAction":[{"@type":"SearchAction","target":{"@type":"EntryPoint","urlTemplate":"https:\/\/toutpourlesaidants.fr\/?s={search_term_string}"},"query-input":"required name=search_term_string"}],"inLanguage":"fr-FR"},{"@type":"Organization","@id":"https:\/\/toutpourlesaidants.fr\/#organization","name":"Plateforme de r\u00e9pit et d'accompagnement des aidants","url":"https:\/\/toutpourlesaidants.fr\/","logo":{"@type":"ImageObject","inLanguage":"fr-FR","@id":"https:\/\/toutpourlesaidants.fr\/#\/schema\/logo\/image\/","url":"http:\/\/toutpourlesaidants.fr\/wp-content\/uploads\/2018\/10\/logo-plateforme.jpg","contentUrl":"http:\/\/toutpourlesaidants.fr\/wp-content\/uploads\/2018\/10\/logo-plateforme.jpg","width":379,"height":378,"caption":"Plateforme de r\u00e9pit et d'accompagnement des aidants"},"image":{"@id":"https:\/\/toutpourlesaidants.fr\/#\/schema\/logo\/image\/"}}]}},"_links":{"self":[{"href":"https:\/\/toutpourlesaidants.fr\/index.php\/wp-json\/wp\/v2\/pages\/556"}],"collection":[{"href":"https:\/\/toutpourlesaidants.fr\/index.php\/wp-json\/wp\/v2\/pages"}],"about":[{"href":"https:\/\/toutpourlesaidants.fr\/index.php\/wp-json\/wp\/v2\/types\/page"}],"author":[{"embeddable":true,"href":"https:\/\/toutpourlesaidants.fr\/index.php\/wp-json\/wp\/v2\/users\/3"}],"replies":[{"embeddable":true,"href":"https:\/\/toutpourlesaidants.fr\/index.php\/wp-json\/wp\/v2\/comments?post=556"}],"version-history":[{"count":25,"href":"https:\/\/toutpourlesaidants.fr\/index.php\/wp-json\/wp\/v2\/pages\/556\/revisions"}],"predecessor-version":[{"id":1093,"href":"https:\/\/toutpourlesaidants.fr\/index.php\/wp-json\/wp\/v2\/pages\/556\/revisions\/1093"}],"wp:featuredmedia":[{"embeddable":true,"href":"https:\/\/toutpourlesaidants.fr\/index.php\/wp-json\/wp\/v2\/media\/865"}],"wp:attachment":[{"href":"https:\/\/toutpourlesaidants.fr\/index.php\/wp-json\/wp\/v2\/media?parent=556"}],"curies":[{"name":"wp","href":"https:\/\/api.w.org\/{rel}","templated":true}]}}