{"id":469,"date":"2018-07-12T15:43:39","date_gmt":"2018-07-12T13:43:39","guid":{"rendered":"http:\/\/toutpourlesaidants.fr\/?page_id=469"},"modified":"2019-07-09T15:40:16","modified_gmt":"2019-07-09T13:40:16","slug":"aidants","status":"publish","type":"page","link":"https:\/\/toutpourlesaidants.fr\/index.php\/aidants\/","title":{"rendered":"AIDANTS"},"content":{"rendered":"<div class=\"pdfprnt-buttons pdfprnt-buttons-page pdfprnt-top-right\"><a href=\"https:\/\/toutpourlesaidants.fr\/index.php\/wp-json\/wp\/v2\/pages\/469?print=pdf\" class=\"pdfprnt-button pdfprnt-button-pdf\" target=\"_blank\"><img decoding=\"async\" src=\"http:\/\/toutpourlesaidants.fr\/wp-content\/plugins\/pdf-print\/images\/pdf.png\" alt=\"image_pdf\" title=\"Afficher le PDF\" \/><\/a><a href=\"https:\/\/toutpourlesaidants.fr\/index.php\/wp-json\/wp\/v2\/pages\/469?print=print\" class=\"pdfprnt-button pdfprnt-button-print\" target=\"_blank\"><img decoding=\"async\" src=\"http:\/\/toutpourlesaidants.fr\/wp-content\/plugins\/pdf-print\/images\/print.png\" alt=\"image_print\" title=\"Contenu imprim\u00e9\" \/><\/a><\/div><p><strong><img loading=\"lazy\" decoding=\"async\" class=\"size-medium wp-image-877 alignright\" src=\"http:\/\/toutpourlesaidants.fr\/wp-content\/uploads\/2018\/09\/toutpourlesaidants-pausecafe2-300x233.jpg\" alt=\"\" width=\"300\" height=\"233\" srcset=\"https:\/\/toutpourlesaidants.fr\/wp-content\/uploads\/2018\/09\/toutpourlesaidants-pausecafe2-300x233.jpg 300w, https:\/\/toutpourlesaidants.fr\/wp-content\/uploads\/2018\/09\/toutpourlesaidants-pausecafe2.jpg 400w, https:\/\/toutpourlesaidants.fr\/wp-content\/uploads\/2018\/09\/toutpourlesaidants-pausecafe2-150x117.jpg 150w, https:\/\/toutpourlesaidants.fr\/wp-content\/uploads\/2018\/09\/toutpourlesaidants-pausecafe2-100x78.jpg 100w\" sizes=\"(max-width: 300px) 100vw, 300px\" \/><\/strong><\/p>\n<p style=\"text-align: justify;\"><strong> D\u00e9finition d&rsquo;un AIDANT<\/strong> : Toute personne, conjoints, enfant, ami\u2026 <strong>accompagnant dans les actes de la vie quotidienne<\/strong> un proche pr\u00e9sentant<strong> une maladie d\u2019Alzheimer, des troubles apparent\u00e9s<\/strong>, <strong>ou une autre maladie neurod\u00e9g\u00e9n\u00e9rative, <\/strong>quelque\u00a0 soit le stade de la maladie.<\/p>\n<p style=\"text-align: justify;\">&gt; <span style=\"color: #0000ff;\"><strong>La Plateforme de R\u00e9pit et d\u2019Accompagnement des Aidants<\/strong><\/span> est pr\u00e9sente afin d\u2019apporter aux Aidants un<span style=\"color: #0000ff;\"><strong> soutien<\/strong> <\/span>dans l\u2019accompagnement de leur proche et dans le souci de favoriser son maintien \u00e0 domicile<strong>.<\/strong><\/p>\n<p style=\"text-align: justify;\">&gt;<strong> Une maladie neurod\u00e9g\u00e9n\u00e9rative, qu\u2019est-ce que c\u2019est ?<\/strong><\/p>\n<p style=\"text-align: justify;\">C\u2019est une pathologie qui touche le cerveau et plus globalement le fonctionnement du syst\u00e8me nerveux. Elle am\u00e8ne\u00a0des complications cognitives, motrices ou perceptives par la destruction progressive des neurones.<\/p>\n<p style=\"text-align: justify;\">Il en existe plusieurs comme la maladie d\u2019Alzheimer, la maladie de Parkinson, la scl\u00e9rose en plaque, la maladie de Huntington, et d\u2019autres encore\u2026<\/p>\n<p style=\"text-align: justify;\">D\u00e9couvrez le <a href=\"http:\/\/toutpourlesaidants.fr\/wp-content\/uploads\/2018\/07\/AIDANT-MIN.pdf\" target=\"_blank\" rel=\"noopener noreferrer\">Point de vue d&rsquo;une aidante<\/a><\/p>\n<p style=\"text-align: justify;\">\u00c9coutez les <a href=\"http:\/\/toutpourlesaidants.fr\/index.php\/temoignages\/\">T\u00e9moignages<\/a> de quelques aidants de notre Plateforme de R\u00e9pit et d&rsquo;Accompagnement des Aidants<\/p>\n<p style=\"text-align: justify;\">Comment garder une bonne <a href=\"http:\/\/toutpourlesaidants.fr\/index.php\/qualite-de-vie\/\">qualit\u00e9 de vie<\/a>\u00a0?<\/p>\n","protected":false},"excerpt":{"rendered":"<p>D\u00e9finition d&rsquo;un AIDANT : Toute personne, conjoints, enfant, ami\u2026 accompagnant dans les actes de la vie quotidienne un proche pr\u00e9sentant une maladie d\u2019Alzheimer, des troubles apparent\u00e9s, ou une autre maladie [&hellip;]<\/p>\n","protected":false},"author":3,"featured_media":0,"parent":0,"menu_order":0,"comment_status":"closed","ping_status":"closed","template":"","meta":{"footnotes":""},"yoast_head":"<!-- This site is optimized with the Yoast SEO plugin v20.2.1 - https:\/\/yoast.com\/wordpress\/plugins\/seo\/ -->\n<title>AIDANTS - r\u00e9pit et accompagnement des aidants<\/title>\n<meta name=\"description\" content=\"d\u00e9finition de Aidant familial ou de proximit\u00e9\" \/>\n<meta name=\"robots\" content=\"index, follow, max-snippet:-1, max-image-preview:large, max-video-preview:-1\" \/>\n<link rel=\"canonical\" href=\"https:\/\/toutpourlesaidants.fr\/index.php\/aidants\/\" \/>\n<meta property=\"og:locale\" content=\"fr_FR\" \/>\n<meta property=\"og:type\" content=\"article\" \/>\n<meta property=\"og:title\" content=\"AIDANTS - r\u00e9pit et accompagnement des aidants\" \/>\n<meta property=\"og:description\" content=\"d\u00e9finition de Aidant familial ou de proximit\u00e9\" \/>\n<meta property=\"og:url\" content=\"https:\/\/toutpourlesaidants.fr\/index.php\/aidants\/\" \/>\n<meta property=\"og:site_name\" content=\"r\u00e9pit et accompagnement des aidants\" \/>\n<meta property=\"article:modified_time\" content=\"2019-07-09T13:40:16+00:00\" \/>\n<meta property=\"og:image\" content=\"http:\/\/toutpourlesaidants.fr\/wp-content\/uploads\/2018\/09\/toutpourlesaidants-pausecafe2-300x233.jpg\" \/>\n<meta name=\"twitter:card\" content=\"summary_large_image\" \/>\n<meta name=\"twitter:label1\" content=\"Dur\u00e9e de lecture estim\u00e9e\" \/>\n\t<meta name=\"twitter:data1\" content=\"1 minute\" \/>\n<script type=\"application\/ld+json\" class=\"yoast-schema-graph\">{\"@context\":\"https:\/\/schema.org\",\"@graph\":[{\"@type\":\"WebPage\",\"@id\":\"https:\/\/toutpourlesaidants.fr\/index.php\/aidants\/\",\"url\":\"https:\/\/toutpourlesaidants.fr\/index.php\/aidants\/\",\"name\":\"AIDANTS - r\u00e9pit et accompagnement des aidants\",\"isPartOf\":{\"@id\":\"https:\/\/toutpourlesaidants.fr\/#website\"},\"datePublished\":\"2018-07-12T13:43:39+00:00\",\"dateModified\":\"2019-07-09T13:40:16+00:00\",\"description\":\"d\u00e9finition de Aidant familial ou de proximit\u00e9\",\"breadcrumb\":{\"@id\":\"https:\/\/toutpourlesaidants.fr\/index.php\/aidants\/#breadcrumb\"},\"inLanguage\":\"fr-FR\",\"potentialAction\":[{\"@type\":\"ReadAction\",\"target\":[\"https:\/\/toutpourlesaidants.fr\/index.php\/aidants\/\"]}]},{\"@type\":\"BreadcrumbList\",\"@id\":\"https:\/\/toutpourlesaidants.fr\/index.php\/aidants\/#breadcrumb\",\"itemListElement\":[{\"@type\":\"ListItem\",\"position\":1,\"name\":\"Accueil\",\"item\":\"https:\/\/toutpourlesaidants.fr\/\"},{\"@type\":\"ListItem\",\"position\":2,\"name\":\"AIDANTS\"}]},{\"@type\":\"WebSite\",\"@id\":\"https:\/\/toutpourlesaidants.fr\/#website\",\"url\":\"https:\/\/toutpourlesaidants.fr\/\",\"name\":\"tout pour les aidants\",\"description\":\"Plateforme de Valence et ses environs\",\"publisher\":{\"@id\":\"https:\/\/toutpourlesaidants.fr\/#organization\"},\"potentialAction\":[{\"@type\":\"SearchAction\",\"target\":{\"@type\":\"EntryPoint\",\"urlTemplate\":\"https:\/\/toutpourlesaidants.fr\/?s={search_term_string}\"},\"query-input\":\"required name=search_term_string\"}],\"inLanguage\":\"fr-FR\"},{\"@type\":\"Organization\",\"@id\":\"https:\/\/toutpourlesaidants.fr\/#organization\",\"name\":\"Plateforme de r\u00e9pit et d'accompagnement des aidants\",\"url\":\"https:\/\/toutpourlesaidants.fr\/\",\"logo\":{\"@type\":\"ImageObject\",\"inLanguage\":\"fr-FR\",\"@id\":\"https:\/\/toutpourlesaidants.fr\/#\/schema\/logo\/image\/\",\"url\":\"http:\/\/toutpourlesaidants.fr\/wp-content\/uploads\/2018\/10\/logo-plateforme.jpg\",\"contentUrl\":\"http:\/\/toutpourlesaidants.fr\/wp-content\/uploads\/2018\/10\/logo-plateforme.jpg\",\"width\":379,\"height\":378,\"caption\":\"Plateforme de r\u00e9pit et d'accompagnement des aidants\"},\"image\":{\"@id\":\"https:\/\/toutpourlesaidants.fr\/#\/schema\/logo\/image\/\"}}]}<\/script>\n<!-- \/ Yoast SEO plugin. -->","yoast_head_json":{"title":"AIDANTS - r\u00e9pit et accompagnement des aidants","description":"d\u00e9finition de Aidant familial ou de proximit\u00e9","robots":{"index":"index","follow":"follow","max-snippet":"max-snippet:-1","max-image-preview":"max-image-preview:large","max-video-preview":"max-video-preview:-1"},"canonical":"https:\/\/toutpourlesaidants.fr\/index.php\/aidants\/","og_locale":"fr_FR","og_type":"article","og_title":"AIDANTS - r\u00e9pit et accompagnement des aidants","og_description":"d\u00e9finition de Aidant familial ou de proximit\u00e9","og_url":"https:\/\/toutpourlesaidants.fr\/index.php\/aidants\/","og_site_name":"r\u00e9pit et accompagnement des aidants","article_modified_time":"2019-07-09T13:40:16+00:00","og_image":[{"url":"http:\/\/toutpourlesaidants.fr\/wp-content\/uploads\/2018\/09\/toutpourlesaidants-pausecafe2-300x233.jpg"}],"twitter_card":"summary_large_image","twitter_misc":{"Dur\u00e9e de lecture estim\u00e9e":"1 minute"},"schema":{"@context":"https:\/\/schema.org","@graph":[{"@type":"WebPage","@id":"https:\/\/toutpourlesaidants.fr\/index.php\/aidants\/","url":"https:\/\/toutpourlesaidants.fr\/index.php\/aidants\/","name":"AIDANTS - r\u00e9pit et accompagnement des aidants","isPartOf":{"@id":"https:\/\/toutpourlesaidants.fr\/#website"},"datePublished":"2018-07-12T13:43:39+00:00","dateModified":"2019-07-09T13:40:16+00:00","description":"d\u00e9finition de Aidant familial ou de proximit\u00e9","breadcrumb":{"@id":"https:\/\/toutpourlesaidants.fr\/index.php\/aidants\/#breadcrumb"},"inLanguage":"fr-FR","potentialAction":[{"@type":"ReadAction","target":["https:\/\/toutpourlesaidants.fr\/index.php\/aidants\/"]}]},{"@type":"BreadcrumbList","@id":"https:\/\/toutpourlesaidants.fr\/index.php\/aidants\/#breadcrumb","itemListElement":[{"@type":"ListItem","position":1,"name":"Accueil","item":"https:\/\/toutpourlesaidants.fr\/"},{"@type":"ListItem","position":2,"name":"AIDANTS"}]},{"@type":"WebSite","@id":"https:\/\/toutpourlesaidants.fr\/#website","url":"https:\/\/toutpourlesaidants.fr\/","name":"tout pour les aidants","description":"Plateforme de Valence et ses environs","publisher":{"@id":"https:\/\/toutpourlesaidants.fr\/#organization"},"potentialAction":[{"@type":"SearchAction","target":{"@type":"EntryPoint","urlTemplate":"https:\/\/toutpourlesaidants.fr\/?s={search_term_string}"},"query-input":"required name=search_term_string"}],"inLanguage":"fr-FR"},{"@type":"Organization","@id":"https:\/\/toutpourlesaidants.fr\/#organization","name":"Plateforme de r\u00e9pit et d'accompagnement des aidants","url":"https:\/\/toutpourlesaidants.fr\/","logo":{"@type":"ImageObject","inLanguage":"fr-FR","@id":"https:\/\/toutpourlesaidants.fr\/#\/schema\/logo\/image\/","url":"http:\/\/toutpourlesaidants.fr\/wp-content\/uploads\/2018\/10\/logo-plateforme.jpg","contentUrl":"http:\/\/toutpourlesaidants.fr\/wp-content\/uploads\/2018\/10\/logo-plateforme.jpg","width":379,"height":378,"caption":"Plateforme de r\u00e9pit et d'accompagnement des aidants"},"image":{"@id":"https:\/\/toutpourlesaidants.fr\/#\/schema\/logo\/image\/"}}]}},"_links":{"self":[{"href":"https:\/\/toutpourlesaidants.fr\/index.php\/wp-json\/wp\/v2\/pages\/469"}],"collection":[{"href":"https:\/\/toutpourlesaidants.fr\/index.php\/wp-json\/wp\/v2\/pages"}],"about":[{"href":"https:\/\/toutpourlesaidants.fr\/index.php\/wp-json\/wp\/v2\/types\/page"}],"author":[{"embeddable":true,"href":"https:\/\/toutpourlesaidants.fr\/index.php\/wp-json\/wp\/v2\/users\/3"}],"replies":[{"embeddable":true,"href":"https:\/\/toutpourlesaidants.fr\/index.php\/wp-json\/wp\/v2\/comments?post=469"}],"version-history":[{"count":17,"href":"https:\/\/toutpourlesaidants.fr\/index.php\/wp-json\/wp\/v2\/pages\/469\/revisions"}],"predecessor-version":[{"id":1544,"href":"https:\/\/toutpourlesaidants.fr\/index.php\/wp-json\/wp\/v2\/pages\/469\/revisions\/1544"}],"wp:attachment":[{"href":"https:\/\/toutpourlesaidants.fr\/index.php\/wp-json\/wp\/v2\/media?parent=469"}],"curies":[{"name":"wp","href":"https:\/\/api.w.org\/{rel}","templated":true}]}}