{"id":43,"date":"2018-05-31T15:48:23","date_gmt":"2018-05-31T13:48:23","guid":{"rendered":"http:\/\/toutpourlesaidants.fr\/?page_id=43"},"modified":"2020-01-27T11:33:46","modified_gmt":"2020-01-27T10:33:46","slug":"repit","status":"publish","type":"page","link":"https:\/\/toutpourlesaidants.fr\/index.php\/repit\/","title":{"rendered":"R\u00c9PIT"},"content":{"rendered":"<div class=\"pdfprnt-buttons pdfprnt-buttons-page pdfprnt-top-right\"><a href=\"https:\/\/toutpourlesaidants.fr\/index.php\/wp-json\/wp\/v2\/pages\/43?print=pdf\" class=\"pdfprnt-button pdfprnt-button-pdf\" target=\"_blank\"><img decoding=\"async\" src=\"http:\/\/toutpourlesaidants.fr\/wp-content\/plugins\/pdf-print\/images\/pdf.png\" alt=\"image_pdf\" title=\"Afficher le PDF\" \/><\/a><a href=\"https:\/\/toutpourlesaidants.fr\/index.php\/wp-json\/wp\/v2\/pages\/43?print=print\" class=\"pdfprnt-button pdfprnt-button-print\" target=\"_blank\"><img decoding=\"async\" src=\"http:\/\/toutpourlesaidants.fr\/wp-content\/plugins\/pdf-print\/images\/print.png\" alt=\"image_print\" title=\"Contenu imprim\u00e9\" \/><\/a><\/div><p>Le r\u00e9pit est un temps lib\u00e9r\u00e9 pour l&rsquo;Aidant.<\/p>\n<p>A la plateforme de r\u00e9pit nous consid\u00e9rons que c&rsquo;est un temps pendant lequel l&rsquo;Aid\u00e9 est accueilli hors du domicile ou par un professionnel de confiance.<\/p>\n<p>Il existe plusieurs types d&rsquo;accueil de r\u00e9pit :<\/p>\n<ul>\n<li>h\u00e9bergements temporaires, programm\u00e9s ou non<\/li>\n<li>accueil de jour<\/li>\n<li>r\u00e9pit de stimulation propos\u00e9 sur le site de la plateforme<\/li>\n<li>ou r\u00e9pit propos\u00e9 par d&rsquo;autres dispositifs professionnels ou associatifs (voir lien \u00ab\u00a0Autres formes de R\u00e9pit\u00a0\u00bb ci-dessous)<\/li>\n<\/ul>\n<p>&nbsp;<\/p>\n<p>Contactez nous pour plus de renseignements.<\/p>\n<p>&nbsp;<\/p>\n<p>&nbsp;<\/p>\n<p><a href=\"http:\/\/toutpourlesaidants.fr\/index.php\/sur-site\/\">Sur Site<\/a><\/p>\n<p><a href=\"http:\/\/toutpourlesaidants.fr\/index.php\/autresformesderepit\/\">Autres formes de R\u00e9pit<\/a><\/p>\n<p>&nbsp;<\/p>\n<p>&nbsp;<\/p>\n","protected":false},"excerpt":{"rendered":"<p>Le r\u00e9pit est un temps lib\u00e9r\u00e9 pour l&rsquo;Aidant. A la plateforme de r\u00e9pit nous consid\u00e9rons que c&rsquo;est un temps pendant lequel l&rsquo;Aid\u00e9 est accueilli hors du domicile ou par un [&hellip;]<\/p>\n","protected":false},"author":3,"featured_media":0,"parent":0,"menu_order":0,"comment_status":"closed","ping_status":"closed","template":"","meta":{"footnotes":""},"yoast_head":"<!-- This site is optimized with the Yoast SEO plugin v20.2.1 - https:\/\/yoast.com\/wordpress\/plugins\/seo\/ -->\n<title>R\u00c9PIT - r\u00e9pit et accompagnement des aidants<\/title>\n<meta name=\"robots\" content=\"index, follow, max-snippet:-1, max-image-preview:large, max-video-preview:-1\" \/>\n<link rel=\"canonical\" href=\"https:\/\/toutpourlesaidants.fr\/index.php\/repit\/\" \/>\n<meta property=\"og:locale\" content=\"fr_FR\" \/>\n<meta property=\"og:type\" content=\"article\" \/>\n<meta property=\"og:title\" content=\"R\u00c9PIT - r\u00e9pit et accompagnement des aidants\" \/>\n<meta property=\"og:description\" content=\"Le r\u00e9pit est un temps lib\u00e9r\u00e9 pour l&rsquo;Aidant. A la plateforme de r\u00e9pit nous consid\u00e9rons que c&rsquo;est un temps pendant lequel l&rsquo;Aid\u00e9 est accueilli hors du domicile ou par un [&hellip;]\" \/>\n<meta property=\"og:url\" content=\"https:\/\/toutpourlesaidants.fr\/index.php\/repit\/\" \/>\n<meta property=\"og:site_name\" content=\"r\u00e9pit et accompagnement des aidants\" \/>\n<meta property=\"article:modified_time\" content=\"2020-01-27T10:33:46+00:00\" \/>\n<meta name=\"twitter:card\" content=\"summary_large_image\" \/>\n<meta name=\"twitter:label1\" content=\"Dur\u00e9e de lecture estim\u00e9e\" \/>\n\t<meta name=\"twitter:data1\" content=\"1 minute\" \/>\n<script type=\"application\/ld+json\" class=\"yoast-schema-graph\">{\"@context\":\"https:\/\/schema.org\",\"@graph\":[{\"@type\":\"WebPage\",\"@id\":\"https:\/\/toutpourlesaidants.fr\/index.php\/repit\/\",\"url\":\"https:\/\/toutpourlesaidants.fr\/index.php\/repit\/\",\"name\":\"R\u00c9PIT - r\u00e9pit et accompagnement des aidants\",\"isPartOf\":{\"@id\":\"https:\/\/toutpourlesaidants.fr\/#website\"},\"datePublished\":\"2018-05-31T13:48:23+00:00\",\"dateModified\":\"2020-01-27T10:33:46+00:00\",\"breadcrumb\":{\"@id\":\"https:\/\/toutpourlesaidants.fr\/index.php\/repit\/#breadcrumb\"},\"inLanguage\":\"fr-FR\",\"potentialAction\":[{\"@type\":\"ReadAction\",\"target\":[\"https:\/\/toutpourlesaidants.fr\/index.php\/repit\/\"]}]},{\"@type\":\"BreadcrumbList\",\"@id\":\"https:\/\/toutpourlesaidants.fr\/index.php\/repit\/#breadcrumb\",\"itemListElement\":[{\"@type\":\"ListItem\",\"position\":1,\"name\":\"Accueil\",\"item\":\"https:\/\/toutpourlesaidants.fr\/\"},{\"@type\":\"ListItem\",\"position\":2,\"name\":\"R\u00c9PIT\"}]},{\"@type\":\"WebSite\",\"@id\":\"https:\/\/toutpourlesaidants.fr\/#website\",\"url\":\"https:\/\/toutpourlesaidants.fr\/\",\"name\":\"tout pour les aidants\",\"description\":\"Plateforme de Valence et ses environs\",\"publisher\":{\"@id\":\"https:\/\/toutpourlesaidants.fr\/#organization\"},\"potentialAction\":[{\"@type\":\"SearchAction\",\"target\":{\"@type\":\"EntryPoint\",\"urlTemplate\":\"https:\/\/toutpourlesaidants.fr\/?s={search_term_string}\"},\"query-input\":\"required name=search_term_string\"}],\"inLanguage\":\"fr-FR\"},{\"@type\":\"Organization\",\"@id\":\"https:\/\/toutpourlesaidants.fr\/#organization\",\"name\":\"Plateforme de r\u00e9pit et d'accompagnement des aidants\",\"url\":\"https:\/\/toutpourlesaidants.fr\/\",\"logo\":{\"@type\":\"ImageObject\",\"inLanguage\":\"fr-FR\",\"@id\":\"https:\/\/toutpourlesaidants.fr\/#\/schema\/logo\/image\/\",\"url\":\"http:\/\/toutpourlesaidants.fr\/wp-content\/uploads\/2018\/10\/logo-plateforme.jpg\",\"contentUrl\":\"http:\/\/toutpourlesaidants.fr\/wp-content\/uploads\/2018\/10\/logo-plateforme.jpg\",\"width\":379,\"height\":378,\"caption\":\"Plateforme de r\u00e9pit et d'accompagnement des aidants\"},\"image\":{\"@id\":\"https:\/\/toutpourlesaidants.fr\/#\/schema\/logo\/image\/\"}}]}<\/script>\n<!-- \/ Yoast SEO plugin. -->","yoast_head_json":{"title":"R\u00c9PIT - r\u00e9pit et accompagnement des aidants","robots":{"index":"index","follow":"follow","max-snippet":"max-snippet:-1","max-image-preview":"max-image-preview:large","max-video-preview":"max-video-preview:-1"},"canonical":"https:\/\/toutpourlesaidants.fr\/index.php\/repit\/","og_locale":"fr_FR","og_type":"article","og_title":"R\u00c9PIT - r\u00e9pit et accompagnement des aidants","og_description":"Le r\u00e9pit est un temps lib\u00e9r\u00e9 pour l&rsquo;Aidant. A la plateforme de r\u00e9pit nous consid\u00e9rons que c&rsquo;est un temps pendant lequel l&rsquo;Aid\u00e9 est accueilli hors du domicile ou par un [&hellip;]","og_url":"https:\/\/toutpourlesaidants.fr\/index.php\/repit\/","og_site_name":"r\u00e9pit et accompagnement des aidants","article_modified_time":"2020-01-27T10:33:46+00:00","twitter_card":"summary_large_image","twitter_misc":{"Dur\u00e9e de lecture estim\u00e9e":"1 minute"},"schema":{"@context":"https:\/\/schema.org","@graph":[{"@type":"WebPage","@id":"https:\/\/toutpourlesaidants.fr\/index.php\/repit\/","url":"https:\/\/toutpourlesaidants.fr\/index.php\/repit\/","name":"R\u00c9PIT - r\u00e9pit et accompagnement des aidants","isPartOf":{"@id":"https:\/\/toutpourlesaidants.fr\/#website"},"datePublished":"2018-05-31T13:48:23+00:00","dateModified":"2020-01-27T10:33:46+00:00","breadcrumb":{"@id":"https:\/\/toutpourlesaidants.fr\/index.php\/repit\/#breadcrumb"},"inLanguage":"fr-FR","potentialAction":[{"@type":"ReadAction","target":["https:\/\/toutpourlesaidants.fr\/index.php\/repit\/"]}]},{"@type":"BreadcrumbList","@id":"https:\/\/toutpourlesaidants.fr\/index.php\/repit\/#breadcrumb","itemListElement":[{"@type":"ListItem","position":1,"name":"Accueil","item":"https:\/\/toutpourlesaidants.fr\/"},{"@type":"ListItem","position":2,"name":"R\u00c9PIT"}]},{"@type":"WebSite","@id":"https:\/\/toutpourlesaidants.fr\/#website","url":"https:\/\/toutpourlesaidants.fr\/","name":"tout pour les aidants","description":"Plateforme de Valence et ses environs","publisher":{"@id":"https:\/\/toutpourlesaidants.fr\/#organization"},"potentialAction":[{"@type":"SearchAction","target":{"@type":"EntryPoint","urlTemplate":"https:\/\/toutpourlesaidants.fr\/?s={search_term_string}"},"query-input":"required name=search_term_string"}],"inLanguage":"fr-FR"},{"@type":"Organization","@id":"https:\/\/toutpourlesaidants.fr\/#organization","name":"Plateforme de r\u00e9pit et d'accompagnement des aidants","url":"https:\/\/toutpourlesaidants.fr\/","logo":{"@type":"ImageObject","inLanguage":"fr-FR","@id":"https:\/\/toutpourlesaidants.fr\/#\/schema\/logo\/image\/","url":"http:\/\/toutpourlesaidants.fr\/wp-content\/uploads\/2018\/10\/logo-plateforme.jpg","contentUrl":"http:\/\/toutpourlesaidants.fr\/wp-content\/uploads\/2018\/10\/logo-plateforme.jpg","width":379,"height":378,"caption":"Plateforme de r\u00e9pit et d'accompagnement des aidants"},"image":{"@id":"https:\/\/toutpourlesaidants.fr\/#\/schema\/logo\/image\/"}}]}},"_links":{"self":[{"href":"https:\/\/toutpourlesaidants.fr\/index.php\/wp-json\/wp\/v2\/pages\/43"}],"collection":[{"href":"https:\/\/toutpourlesaidants.fr\/index.php\/wp-json\/wp\/v2\/pages"}],"about":[{"href":"https:\/\/toutpourlesaidants.fr\/index.php\/wp-json\/wp\/v2\/types\/page"}],"author":[{"embeddable":true,"href":"https:\/\/toutpourlesaidants.fr\/index.php\/wp-json\/wp\/v2\/users\/3"}],"replies":[{"embeddable":true,"href":"https:\/\/toutpourlesaidants.fr\/index.php\/wp-json\/wp\/v2\/comments?post=43"}],"version-history":[{"count":9,"href":"https:\/\/toutpourlesaidants.fr\/index.php\/wp-json\/wp\/v2\/pages\/43\/revisions"}],"predecessor-version":[{"id":1834,"href":"https:\/\/toutpourlesaidants.fr\/index.php\/wp-json\/wp\/v2\/pages\/43\/revisions\/1834"}],"wp:attachment":[{"href":"https:\/\/toutpourlesaidants.fr\/index.php\/wp-json\/wp\/v2\/media?parent=43"}],"curies":[{"name":"wp","href":"https:\/\/api.w.org\/{rel}","templated":true}]}}