{"id":365,"date":"2018-07-06T15:18:55","date_gmt":"2018-07-06T13:18:55","guid":{"rendered":"http:\/\/toutpourlesaidants.fr\/?page_id=365"},"modified":"2026-01-28T13:44:37","modified_gmt":"2026-01-28T12:44:37","slug":"en-partage","status":"publish","type":"page","link":"https:\/\/toutpourlesaidants.fr\/index.php\/en-partage\/","title":{"rendered":"En partage&#8230;."},"content":{"rendered":"<div class=\"pdfprnt-buttons pdfprnt-buttons-page pdfprnt-top-right\"><a href=\"https:\/\/toutpourlesaidants.fr\/index.php\/wp-json\/wp\/v2\/pages\/365?print=pdf\" class=\"pdfprnt-button pdfprnt-button-pdf\" target=\"_blank\"><img decoding=\"async\" src=\"http:\/\/toutpourlesaidants.fr\/wp-content\/plugins\/pdf-print\/images\/pdf.png\" alt=\"image_pdf\" title=\"Afficher le PDF\" \/><\/a><a href=\"https:\/\/toutpourlesaidants.fr\/index.php\/wp-json\/wp\/v2\/pages\/365?print=print\" class=\"pdfprnt-button pdfprnt-button-print\" target=\"_blank\"><img decoding=\"async\" src=\"http:\/\/toutpourlesaidants.fr\/wp-content\/plugins\/pdf-print\/images\/print.png\" alt=\"image_print\" title=\"Contenu imprim\u00e9\" \/><\/a><\/div><h1 class=\"western\"><span style=\"color: #800080;\">TIERCE GAGNANTE<\/span><\/h1>\n<h2 class=\"western\"><span style=\"color: #008000;\">\u00ab\u00a0Dire je suis aidante de mon mari\u00a0\u00bb<\/span><\/h2>\n<h4 class=\"western\">n\u2019a pas, comme je l\u2019eus cru na\u00efvement, facilit\u00e9 les relations avec l\u2019entourage\u2026<\/h4>\n<h4 class=\"western\">Je n\u2019attendais pas de compassion, chacun ayant son lot ; mais simplement en faisant confiance j\u2019esp\u00e9rais\u00a0 un simple changement de regard, ou mieux pas de regard interrogateur\u2026<\/h4>\n<h4 class=\"western\">Las !\u00a0 Je me suis tromp\u00e9e. La maladie fait peur : alors devant la double peine, vous connaissez les sentiments travers\u00e9s.<\/h4>\n<h4 class=\"western\">Une forme de\u00a0 r\u00e9silience me permet aujourd\u2019hui de vous offrir en partage ce :<\/h4>\n<h3 class=\"western\"><span style=\"color: #000080;\"><span lang=\"zxx\"><u><a href=\"https:\/\/app-1525035749.000webhostapp.com\/wp-content\/uploads\/2018\/07\/TIERCE-GAGNANTE-s-1.pdf\" target=\"_blank\" rel=\"noopener\"><span style=\"color: #0000ff;\">Message d\u2019espoir pour les heures d\u2019abattement<\/span><\/a><\/u><\/span><\/span><\/h3>\n<p class=\"western\"><span style=\"color: #ce181e;\"><span style=\"font-size: large;\">\u00a0<\/span><\/span><\/p>\n<p>&nbsp;<\/p>\n<p>&nbsp;<\/p>\n<p>&nbsp;<\/p>\n<p>&nbsp;<\/p>\n<p>&nbsp;<\/p>\n<p>&nbsp;<\/p>\n","protected":false},"excerpt":{"rendered":"<p>TIERCE GAGNANTE \u00ab\u00a0Dire je suis aidante de mon mari\u00a0\u00bb n\u2019a pas, comme je l\u2019eus cru na\u00efvement, facilit\u00e9 les relations avec l\u2019entourage\u2026 Je n\u2019attendais pas de compassion, chacun ayant son lot [&hellip;]<\/p>\n","protected":false},"author":3,"featured_media":0,"parent":0,"menu_order":0,"comment_status":"closed","ping_status":"closed","template":"","meta":{"footnotes":""},"yoast_head":"<!-- This site is optimized with the Yoast SEO plugin v20.2.1 - https:\/\/yoast.com\/wordpress\/plugins\/seo\/ -->\n<title>En partage.... - r\u00e9pit et accompagnement des aidants<\/title>\n<meta name=\"description\" content=\"Message d&#039;espoir d&#039;une aidante \u00e0 la plateforme de r\u00e9pit de d&#039;accompagnement des aidants \u00e0 Valence\" \/>\n<meta name=\"robots\" content=\"index, follow, max-snippet:-1, max-image-preview:large, max-video-preview:-1\" \/>\n<link rel=\"canonical\" href=\"https:\/\/toutpourlesaidants.fr\/index.php\/en-partage\/\" \/>\n<meta property=\"og:locale\" content=\"fr_FR\" \/>\n<meta property=\"og:type\" content=\"article\" \/>\n<meta property=\"og:title\" content=\"En partage.... - r\u00e9pit et accompagnement des aidants\" \/>\n<meta property=\"og:description\" content=\"Message d&#039;espoir d&#039;une aidante \u00e0 la plateforme de r\u00e9pit de d&#039;accompagnement des aidants \u00e0 Valence\" \/>\n<meta property=\"og:url\" content=\"https:\/\/toutpourlesaidants.fr\/index.php\/en-partage\/\" \/>\n<meta property=\"og:site_name\" content=\"r\u00e9pit et accompagnement des aidants\" \/>\n<meta property=\"article:modified_time\" content=\"2026-01-28T12:44:37+00:00\" \/>\n<meta name=\"twitter:card\" content=\"summary_large_image\" \/>\n<meta name=\"twitter:label1\" content=\"Dur\u00e9e de lecture estim\u00e9e\" \/>\n\t<meta name=\"twitter:data1\" content=\"1 minute\" \/>\n<script type=\"application\/ld+json\" class=\"yoast-schema-graph\">{\"@context\":\"https:\/\/schema.org\",\"@graph\":[{\"@type\":\"WebPage\",\"@id\":\"https:\/\/toutpourlesaidants.fr\/index.php\/en-partage\/\",\"url\":\"https:\/\/toutpourlesaidants.fr\/index.php\/en-partage\/\",\"name\":\"En partage.... - r\u00e9pit et accompagnement des aidants\",\"isPartOf\":{\"@id\":\"https:\/\/toutpourlesaidants.fr\/#website\"},\"datePublished\":\"2018-07-06T13:18:55+00:00\",\"dateModified\":\"2026-01-28T12:44:37+00:00\",\"description\":\"Message d'espoir d'une aidante \u00e0 la plateforme de r\u00e9pit de d'accompagnement des aidants \u00e0 Valence\",\"breadcrumb\":{\"@id\":\"https:\/\/toutpourlesaidants.fr\/index.php\/en-partage\/#breadcrumb\"},\"inLanguage\":\"fr-FR\",\"potentialAction\":[{\"@type\":\"ReadAction\",\"target\":[\"https:\/\/toutpourlesaidants.fr\/index.php\/en-partage\/\"]}]},{\"@type\":\"BreadcrumbList\",\"@id\":\"https:\/\/toutpourlesaidants.fr\/index.php\/en-partage\/#breadcrumb\",\"itemListElement\":[{\"@type\":\"ListItem\",\"position\":1,\"name\":\"Accueil\",\"item\":\"https:\/\/toutpourlesaidants.fr\/\"},{\"@type\":\"ListItem\",\"position\":2,\"name\":\"En partage&#8230;.\"}]},{\"@type\":\"WebSite\",\"@id\":\"https:\/\/toutpourlesaidants.fr\/#website\",\"url\":\"https:\/\/toutpourlesaidants.fr\/\",\"name\":\"tout pour les aidants\",\"description\":\"Plateforme de Valence et ses environs\",\"publisher\":{\"@id\":\"https:\/\/toutpourlesaidants.fr\/#organization\"},\"potentialAction\":[{\"@type\":\"SearchAction\",\"target\":{\"@type\":\"EntryPoint\",\"urlTemplate\":\"https:\/\/toutpourlesaidants.fr\/?s={search_term_string}\"},\"query-input\":\"required name=search_term_string\"}],\"inLanguage\":\"fr-FR\"},{\"@type\":\"Organization\",\"@id\":\"https:\/\/toutpourlesaidants.fr\/#organization\",\"name\":\"Plateforme de r\u00e9pit et d'accompagnement des aidants\",\"url\":\"https:\/\/toutpourlesaidants.fr\/\",\"logo\":{\"@type\":\"ImageObject\",\"inLanguage\":\"fr-FR\",\"@id\":\"https:\/\/toutpourlesaidants.fr\/#\/schema\/logo\/image\/\",\"url\":\"http:\/\/toutpourlesaidants.fr\/wp-content\/uploads\/2018\/10\/logo-plateforme.jpg\",\"contentUrl\":\"http:\/\/toutpourlesaidants.fr\/wp-content\/uploads\/2018\/10\/logo-plateforme.jpg\",\"width\":379,\"height\":378,\"caption\":\"Plateforme de r\u00e9pit et d'accompagnement des aidants\"},\"image\":{\"@id\":\"https:\/\/toutpourlesaidants.fr\/#\/schema\/logo\/image\/\"}}]}<\/script>\n<!-- \/ Yoast SEO plugin. -->","yoast_head_json":{"title":"En partage.... - r\u00e9pit et accompagnement des aidants","description":"Message d'espoir d'une aidante \u00e0 la plateforme de r\u00e9pit de d'accompagnement des aidants \u00e0 Valence","robots":{"index":"index","follow":"follow","max-snippet":"max-snippet:-1","max-image-preview":"max-image-preview:large","max-video-preview":"max-video-preview:-1"},"canonical":"https:\/\/toutpourlesaidants.fr\/index.php\/en-partage\/","og_locale":"fr_FR","og_type":"article","og_title":"En partage.... - r\u00e9pit et accompagnement des aidants","og_description":"Message d'espoir d'une aidante \u00e0 la plateforme de r\u00e9pit de d'accompagnement des aidants \u00e0 Valence","og_url":"https:\/\/toutpourlesaidants.fr\/index.php\/en-partage\/","og_site_name":"r\u00e9pit et accompagnement des aidants","article_modified_time":"2026-01-28T12:44:37+00:00","twitter_card":"summary_large_image","twitter_misc":{"Dur\u00e9e de lecture estim\u00e9e":"1 minute"},"schema":{"@context":"https:\/\/schema.org","@graph":[{"@type":"WebPage","@id":"https:\/\/toutpourlesaidants.fr\/index.php\/en-partage\/","url":"https:\/\/toutpourlesaidants.fr\/index.php\/en-partage\/","name":"En partage.... - r\u00e9pit et accompagnement des aidants","isPartOf":{"@id":"https:\/\/toutpourlesaidants.fr\/#website"},"datePublished":"2018-07-06T13:18:55+00:00","dateModified":"2026-01-28T12:44:37+00:00","description":"Message d'espoir d'une aidante \u00e0 la plateforme de r\u00e9pit de d'accompagnement des aidants \u00e0 Valence","breadcrumb":{"@id":"https:\/\/toutpourlesaidants.fr\/index.php\/en-partage\/#breadcrumb"},"inLanguage":"fr-FR","potentialAction":[{"@type":"ReadAction","target":["https:\/\/toutpourlesaidants.fr\/index.php\/en-partage\/"]}]},{"@type":"BreadcrumbList","@id":"https:\/\/toutpourlesaidants.fr\/index.php\/en-partage\/#breadcrumb","itemListElement":[{"@type":"ListItem","position":1,"name":"Accueil","item":"https:\/\/toutpourlesaidants.fr\/"},{"@type":"ListItem","position":2,"name":"En partage&#8230;."}]},{"@type":"WebSite","@id":"https:\/\/toutpourlesaidants.fr\/#website","url":"https:\/\/toutpourlesaidants.fr\/","name":"tout pour les aidants","description":"Plateforme de Valence et ses environs","publisher":{"@id":"https:\/\/toutpourlesaidants.fr\/#organization"},"potentialAction":[{"@type":"SearchAction","target":{"@type":"EntryPoint","urlTemplate":"https:\/\/toutpourlesaidants.fr\/?s={search_term_string}"},"query-input":"required name=search_term_string"}],"inLanguage":"fr-FR"},{"@type":"Organization","@id":"https:\/\/toutpourlesaidants.fr\/#organization","name":"Plateforme de r\u00e9pit et d'accompagnement des aidants","url":"https:\/\/toutpourlesaidants.fr\/","logo":{"@type":"ImageObject","inLanguage":"fr-FR","@id":"https:\/\/toutpourlesaidants.fr\/#\/schema\/logo\/image\/","url":"http:\/\/toutpourlesaidants.fr\/wp-content\/uploads\/2018\/10\/logo-plateforme.jpg","contentUrl":"http:\/\/toutpourlesaidants.fr\/wp-content\/uploads\/2018\/10\/logo-plateforme.jpg","width":379,"height":378,"caption":"Plateforme de r\u00e9pit et d'accompagnement des aidants"},"image":{"@id":"https:\/\/toutpourlesaidants.fr\/#\/schema\/logo\/image\/"}}]}},"_links":{"self":[{"href":"https:\/\/toutpourlesaidants.fr\/index.php\/wp-json\/wp\/v2\/pages\/365"}],"collection":[{"href":"https:\/\/toutpourlesaidants.fr\/index.php\/wp-json\/wp\/v2\/pages"}],"about":[{"href":"https:\/\/toutpourlesaidants.fr\/index.php\/wp-json\/wp\/v2\/types\/page"}],"author":[{"embeddable":true,"href":"https:\/\/toutpourlesaidants.fr\/index.php\/wp-json\/wp\/v2\/users\/3"}],"replies":[{"embeddable":true,"href":"https:\/\/toutpourlesaidants.fr\/index.php\/wp-json\/wp\/v2\/comments?post=365"}],"version-history":[{"count":15,"href":"https:\/\/toutpourlesaidants.fr\/index.php\/wp-json\/wp\/v2\/pages\/365\/revisions"}],"predecessor-version":[{"id":2166,"href":"https:\/\/toutpourlesaidants.fr\/index.php\/wp-json\/wp\/v2\/pages\/365\/revisions\/2166"}],"wp:attachment":[{"href":"https:\/\/toutpourlesaidants.fr\/index.php\/wp-json\/wp\/v2\/media?parent=365"}],"curies":[{"name":"wp","href":"https:\/\/api.w.org\/{rel}","templated":true}]}}