{"id":36,"date":"2018-05-31T15:47:22","date_gmt":"2018-05-31T13:47:22","guid":{"rendered":"http:\/\/toutpourlesaidants.fr\/?page_id=36"},"modified":"2026-01-28T13:41:56","modified_gmt":"2026-01-28T12:41:56","slug":"activites","status":"publish","type":"page","link":"https:\/\/toutpourlesaidants.fr\/index.php\/activites\/","title":{"rendered":"ACTIVITES"},"content":{"rendered":"<div class=\"pdfprnt-buttons pdfprnt-buttons-page pdfprnt-top-right\"><a href=\"https:\/\/toutpourlesaidants.fr\/index.php\/wp-json\/wp\/v2\/pages\/36?print=pdf\" class=\"pdfprnt-button pdfprnt-button-pdf\" target=\"_blank\"><img decoding=\"async\" src=\"http:\/\/toutpourlesaidants.fr\/wp-content\/plugins\/pdf-print\/images\/pdf.png\" alt=\"image_pdf\" title=\"Afficher le PDF\" \/><\/a><a href=\"https:\/\/toutpourlesaidants.fr\/index.php\/wp-json\/wp\/v2\/pages\/36?print=print\" class=\"pdfprnt-button pdfprnt-button-print\" target=\"_blank\"><img decoding=\"async\" src=\"http:\/\/toutpourlesaidants.fr\/wp-content\/plugins\/pdf-print\/images\/print.png\" alt=\"image_print\" title=\"Contenu imprim\u00e9\" \/><\/a><\/div>\r\n<p>&nbsp;<\/p>\r\n<p style=\"text-align: center;\"><u>Toutes nos actions se font <strong>sur inscription.<\/strong><\/u><strong>\u00a0<\/strong><\/p>\r\n<p style=\"text-align: center;\"><strong><a href=\"http:\/\/toutpourlesaidants.fr\/index.php\/contact\/\">Pour vous inscrire, cliquez ICI<\/a><\/strong><strong><u><br \/><\/u><\/strong><\/p>\r\n<p style=\"text-align: center;\"><strong>Nos actions sont sans participation financi\u00e8re pour l\u2019usager.<\/strong><\/p>\r\n<p>&nbsp;<\/p>\r\n<hr \/>\r\n<p>&nbsp;<\/p>\r\n<p><a href=\"http:\/\/toutpourlesaidants.fr\/wp-content\/uploads\/2026\/01\/Capture-decran-2026-01-28-111508.png\"><img loading=\"lazy\" decoding=\"async\" class=\"alignnone size-full wp-image-2160\" src=\"http:\/\/toutpourlesaidants.fr\/wp-content\/uploads\/2026\/01\/Capture-decran-2026-01-28-111508.png\" alt=\"\" width=\"913\" height=\"660\" srcset=\"https:\/\/toutpourlesaidants.fr\/wp-content\/uploads\/2026\/01\/Capture-decran-2026-01-28-111508.png 913w, https:\/\/toutpourlesaidants.fr\/wp-content\/uploads\/2026\/01\/Capture-decran-2026-01-28-111508-300x217.png 300w, https:\/\/toutpourlesaidants.fr\/wp-content\/uploads\/2026\/01\/Capture-decran-2026-01-28-111508-768x555.png 768w, https:\/\/toutpourlesaidants.fr\/wp-content\/uploads\/2026\/01\/Capture-decran-2026-01-28-111508-750x542.png 750w, https:\/\/toutpourlesaidants.fr\/wp-content\/uploads\/2026\/01\/Capture-decran-2026-01-28-111508-400x289.png 400w, https:\/\/toutpourlesaidants.fr\/wp-content\/uploads\/2026\/01\/Capture-decran-2026-01-28-111508-430x311.png 430w, https:\/\/toutpourlesaidants.fr\/wp-content\/uploads\/2026\/01\/Capture-decran-2026-01-28-111508-150x108.png 150w, https:\/\/toutpourlesaidants.fr\/wp-content\/uploads\/2026\/01\/Capture-decran-2026-01-28-111508-100x72.png 100w\" sizes=\"(max-width: 913px) 100vw, 913px\" \/><\/a><\/p>\r\n<p>&nbsp;<\/p>\r\n<p><a href=\"http:\/\/toutpourlesaidants.fr\/wp-content\/uploads\/2026\/01\/Capture-decran-2025-12-30-160652.png\"><img loading=\"lazy\" decoding=\"async\" class=\"alignnone size-full wp-image-2161\" src=\"http:\/\/toutpourlesaidants.fr\/wp-content\/uploads\/2026\/01\/Capture-decran-2025-12-30-160652.png\" alt=\"\" width=\"653\" height=\"466\" srcset=\"https:\/\/toutpourlesaidants.fr\/wp-content\/uploads\/2026\/01\/Capture-decran-2025-12-30-160652.png 653w, https:\/\/toutpourlesaidants.fr\/wp-content\/uploads\/2026\/01\/Capture-decran-2025-12-30-160652-300x214.png 300w, https:\/\/toutpourlesaidants.fr\/wp-content\/uploads\/2026\/01\/Capture-decran-2025-12-30-160652-350x250.png 350w, https:\/\/toutpourlesaidants.fr\/wp-content\/uploads\/2026\/01\/Capture-decran-2025-12-30-160652-400x285.png 400w, https:\/\/toutpourlesaidants.fr\/wp-content\/uploads\/2026\/01\/Capture-decran-2025-12-30-160652-430x307.png 430w, https:\/\/toutpourlesaidants.fr\/wp-content\/uploads\/2026\/01\/Capture-decran-2025-12-30-160652-150x107.png 150w, https:\/\/toutpourlesaidants.fr\/wp-content\/uploads\/2026\/01\/Capture-decran-2025-12-30-160652-100x71.png 100w\" sizes=\"(max-width: 653px) 100vw, 653px\" \/><\/a><\/p>\r\n<p><a href=\"http:\/\/toutpourlesaidants.fr\/wp-content\/uploads\/2026\/01\/Capture-decran-2026-01-28-134110.png\"><img loading=\"lazy\" decoding=\"async\" class=\"alignnone size-full wp-image-2163\" src=\"http:\/\/toutpourlesaidants.fr\/wp-content\/uploads\/2026\/01\/Capture-decran-2026-01-28-134110.png\" alt=\"\" width=\"975\" height=\"690\" srcset=\"https:\/\/toutpourlesaidants.fr\/wp-content\/uploads\/2026\/01\/Capture-decran-2026-01-28-134110.png 975w, https:\/\/toutpourlesaidants.fr\/wp-content\/uploads\/2026\/01\/Capture-decran-2026-01-28-134110-300x212.png 300w, https:\/\/toutpourlesaidants.fr\/wp-content\/uploads\/2026\/01\/Capture-decran-2026-01-28-134110-768x544.png 768w, https:\/\/toutpourlesaidants.fr\/wp-content\/uploads\/2026\/01\/Capture-decran-2026-01-28-134110-750x531.png 750w, https:\/\/toutpourlesaidants.fr\/wp-content\/uploads\/2026\/01\/Capture-decran-2026-01-28-134110-400x283.png 400w, https:\/\/toutpourlesaidants.fr\/wp-content\/uploads\/2026\/01\/Capture-decran-2026-01-28-134110-430x304.png 430w, https:\/\/toutpourlesaidants.fr\/wp-content\/uploads\/2026\/01\/Capture-decran-2026-01-28-134110-150x106.png 150w, https:\/\/toutpourlesaidants.fr\/wp-content\/uploads\/2026\/01\/Capture-decran-2026-01-28-134110-100x71.png 100w\" sizes=\"(max-width: 975px) 100vw, 975px\" \/><\/a><\/p>\r\n<p>&nbsp;<\/p>\r\n<p>&nbsp;<\/p>\r\n<p>&nbsp;<\/p>\r\n<p>&nbsp;<\/p>\r\n<p>&nbsp;<\/p>\r\n<p>&nbsp;<\/p>\r\n<p>&nbsp;<\/p>\r\n<p><a href=\"http:\/\/toutpourlesaidants.fr\/wp-content\/uploads\/2024\/04\/CCI12042024-scaled.jpg\">\u00a0 \u00a0 \u00a0<\/a><\/p>\r\n","protected":false},"excerpt":{"rendered":"<p>&nbsp; Toutes nos actions se font sur inscription.\u00a0 Pour vous inscrire, cliquez ICI Nos actions sont sans participation financi\u00e8re pour l\u2019usager. &nbsp; &nbsp; &nbsp; &nbsp; &nbsp; &nbsp; &nbsp; &nbsp; &nbsp; [&hellip;]<\/p>\n","protected":false},"author":3,"featured_media":0,"parent":0,"menu_order":0,"comment_status":"closed","ping_status":"closed","template":"","meta":{"footnotes":""},"yoast_head":"<!-- This site is optimized with the Yoast SEO plugin v20.2.1 - https:\/\/yoast.com\/wordpress\/plugins\/seo\/ -->\n<title>ACTIVITES - r\u00e9pit et accompagnement des aidants<\/title>\n<meta name=\"description\" content=\"Toutes les activit\u00e9s de la plateforme de r\u00e9pit Valence sont pour les aidants et\/ou les aid\u00e9s\" \/>\n<meta name=\"robots\" content=\"index, follow, max-snippet:-1, max-image-preview:large, max-video-preview:-1\" \/>\n<link rel=\"canonical\" href=\"https:\/\/toutpourlesaidants.fr\/index.php\/activites\/\" \/>\n<meta property=\"og:locale\" content=\"fr_FR\" \/>\n<meta property=\"og:type\" content=\"article\" \/>\n<meta property=\"og:title\" content=\"ACTIVITES - r\u00e9pit et accompagnement des aidants\" \/>\n<meta property=\"og:description\" content=\"Toutes les activit\u00e9s de la plateforme de r\u00e9pit Valence sont pour les aidants et\/ou les aid\u00e9s\" \/>\n<meta property=\"og:url\" content=\"https:\/\/toutpourlesaidants.fr\/index.php\/activites\/\" \/>\n<meta property=\"og:site_name\" content=\"r\u00e9pit et accompagnement des aidants\" \/>\n<meta property=\"article:modified_time\" content=\"2026-01-28T12:41:56+00:00\" \/>\n<meta property=\"og:image\" content=\"http:\/\/toutpourlesaidants.fr\/wp-content\/uploads\/2026\/01\/Capture-decran-2026-01-28-111508.png\" \/>\n<meta name=\"twitter:card\" content=\"summary_large_image\" \/>\n<meta name=\"twitter:label1\" content=\"Dur\u00e9e de lecture estim\u00e9e\" \/>\n\t<meta name=\"twitter:data1\" content=\"1 minute\" \/>\n<script type=\"application\/ld+json\" class=\"yoast-schema-graph\">{\"@context\":\"https:\/\/schema.org\",\"@graph\":[{\"@type\":\"WebPage\",\"@id\":\"https:\/\/toutpourlesaidants.fr\/index.php\/activites\/\",\"url\":\"https:\/\/toutpourlesaidants.fr\/index.php\/activites\/\",\"name\":\"ACTIVITES - r\u00e9pit et accompagnement des aidants\",\"isPartOf\":{\"@id\":\"https:\/\/toutpourlesaidants.fr\/#website\"},\"datePublished\":\"2018-05-31T13:47:22+00:00\",\"dateModified\":\"2026-01-28T12:41:56+00:00\",\"description\":\"Toutes les activit\u00e9s de la plateforme de r\u00e9pit Valence sont pour les aidants et\/ou les aid\u00e9s\",\"breadcrumb\":{\"@id\":\"https:\/\/toutpourlesaidants.fr\/index.php\/activites\/#breadcrumb\"},\"inLanguage\":\"fr-FR\",\"potentialAction\":[{\"@type\":\"ReadAction\",\"target\":[\"https:\/\/toutpourlesaidants.fr\/index.php\/activites\/\"]}]},{\"@type\":\"BreadcrumbList\",\"@id\":\"https:\/\/toutpourlesaidants.fr\/index.php\/activites\/#breadcrumb\",\"itemListElement\":[{\"@type\":\"ListItem\",\"position\":1,\"name\":\"Accueil\",\"item\":\"https:\/\/toutpourlesaidants.fr\/\"},{\"@type\":\"ListItem\",\"position\":2,\"name\":\"ACTIVITES\"}]},{\"@type\":\"WebSite\",\"@id\":\"https:\/\/toutpourlesaidants.fr\/#website\",\"url\":\"https:\/\/toutpourlesaidants.fr\/\",\"name\":\"tout pour les aidants\",\"description\":\"Plateforme de Valence et ses environs\",\"publisher\":{\"@id\":\"https:\/\/toutpourlesaidants.fr\/#organization\"},\"potentialAction\":[{\"@type\":\"SearchAction\",\"target\":{\"@type\":\"EntryPoint\",\"urlTemplate\":\"https:\/\/toutpourlesaidants.fr\/?s={search_term_string}\"},\"query-input\":\"required name=search_term_string\"}],\"inLanguage\":\"fr-FR\"},{\"@type\":\"Organization\",\"@id\":\"https:\/\/toutpourlesaidants.fr\/#organization\",\"name\":\"Plateforme de r\u00e9pit et d'accompagnement des aidants\",\"url\":\"https:\/\/toutpourlesaidants.fr\/\",\"logo\":{\"@type\":\"ImageObject\",\"inLanguage\":\"fr-FR\",\"@id\":\"https:\/\/toutpourlesaidants.fr\/#\/schema\/logo\/image\/\",\"url\":\"http:\/\/toutpourlesaidants.fr\/wp-content\/uploads\/2018\/10\/logo-plateforme.jpg\",\"contentUrl\":\"http:\/\/toutpourlesaidants.fr\/wp-content\/uploads\/2018\/10\/logo-plateforme.jpg\",\"width\":379,\"height\":378,\"caption\":\"Plateforme de r\u00e9pit et d'accompagnement des aidants\"},\"image\":{\"@id\":\"https:\/\/toutpourlesaidants.fr\/#\/schema\/logo\/image\/\"}}]}<\/script>\n<!-- \/ Yoast SEO plugin. -->","yoast_head_json":{"title":"ACTIVITES - r\u00e9pit et accompagnement des aidants","description":"Toutes les activit\u00e9s de la plateforme de r\u00e9pit Valence sont pour les aidants et\/ou les aid\u00e9s","robots":{"index":"index","follow":"follow","max-snippet":"max-snippet:-1","max-image-preview":"max-image-preview:large","max-video-preview":"max-video-preview:-1"},"canonical":"https:\/\/toutpourlesaidants.fr\/index.php\/activites\/","og_locale":"fr_FR","og_type":"article","og_title":"ACTIVITES - r\u00e9pit et accompagnement des aidants","og_description":"Toutes les activit\u00e9s de la plateforme de r\u00e9pit Valence sont pour les aidants et\/ou les aid\u00e9s","og_url":"https:\/\/toutpourlesaidants.fr\/index.php\/activites\/","og_site_name":"r\u00e9pit et accompagnement des aidants","article_modified_time":"2026-01-28T12:41:56+00:00","og_image":[{"url":"http:\/\/toutpourlesaidants.fr\/wp-content\/uploads\/2026\/01\/Capture-decran-2026-01-28-111508.png"}],"twitter_card":"summary_large_image","twitter_misc":{"Dur\u00e9e de lecture estim\u00e9e":"1 minute"},"schema":{"@context":"https:\/\/schema.org","@graph":[{"@type":"WebPage","@id":"https:\/\/toutpourlesaidants.fr\/index.php\/activites\/","url":"https:\/\/toutpourlesaidants.fr\/index.php\/activites\/","name":"ACTIVITES - r\u00e9pit et accompagnement des aidants","isPartOf":{"@id":"https:\/\/toutpourlesaidants.fr\/#website"},"datePublished":"2018-05-31T13:47:22+00:00","dateModified":"2026-01-28T12:41:56+00:00","description":"Toutes les activit\u00e9s de la plateforme de r\u00e9pit Valence sont pour les aidants et\/ou les aid\u00e9s","breadcrumb":{"@id":"https:\/\/toutpourlesaidants.fr\/index.php\/activites\/#breadcrumb"},"inLanguage":"fr-FR","potentialAction":[{"@type":"ReadAction","target":["https:\/\/toutpourlesaidants.fr\/index.php\/activites\/"]}]},{"@type":"BreadcrumbList","@id":"https:\/\/toutpourlesaidants.fr\/index.php\/activites\/#breadcrumb","itemListElement":[{"@type":"ListItem","position":1,"name":"Accueil","item":"https:\/\/toutpourlesaidants.fr\/"},{"@type":"ListItem","position":2,"name":"ACTIVITES"}]},{"@type":"WebSite","@id":"https:\/\/toutpourlesaidants.fr\/#website","url":"https:\/\/toutpourlesaidants.fr\/","name":"tout pour les aidants","description":"Plateforme de Valence et ses environs","publisher":{"@id":"https:\/\/toutpourlesaidants.fr\/#organization"},"potentialAction":[{"@type":"SearchAction","target":{"@type":"EntryPoint","urlTemplate":"https:\/\/toutpourlesaidants.fr\/?s={search_term_string}"},"query-input":"required name=search_term_string"}],"inLanguage":"fr-FR"},{"@type":"Organization","@id":"https:\/\/toutpourlesaidants.fr\/#organization","name":"Plateforme de r\u00e9pit et d'accompagnement des aidants","url":"https:\/\/toutpourlesaidants.fr\/","logo":{"@type":"ImageObject","inLanguage":"fr-FR","@id":"https:\/\/toutpourlesaidants.fr\/#\/schema\/logo\/image\/","url":"http:\/\/toutpourlesaidants.fr\/wp-content\/uploads\/2018\/10\/logo-plateforme.jpg","contentUrl":"http:\/\/toutpourlesaidants.fr\/wp-content\/uploads\/2018\/10\/logo-plateforme.jpg","width":379,"height":378,"caption":"Plateforme de r\u00e9pit et d'accompagnement des aidants"},"image":{"@id":"https:\/\/toutpourlesaidants.fr\/#\/schema\/logo\/image\/"}}]}},"_links":{"self":[{"href":"https:\/\/toutpourlesaidants.fr\/index.php\/wp-json\/wp\/v2\/pages\/36"}],"collection":[{"href":"https:\/\/toutpourlesaidants.fr\/index.php\/wp-json\/wp\/v2\/pages"}],"about":[{"href":"https:\/\/toutpourlesaidants.fr\/index.php\/wp-json\/wp\/v2\/types\/page"}],"author":[{"embeddable":true,"href":"https:\/\/toutpourlesaidants.fr\/index.php\/wp-json\/wp\/v2\/users\/3"}],"replies":[{"embeddable":true,"href":"https:\/\/toutpourlesaidants.fr\/index.php\/wp-json\/wp\/v2\/comments?post=36"}],"version-history":[{"count":120,"href":"https:\/\/toutpourlesaidants.fr\/index.php\/wp-json\/wp\/v2\/pages\/36\/revisions"}],"predecessor-version":[{"id":2164,"href":"https:\/\/toutpourlesaidants.fr\/index.php\/wp-json\/wp\/v2\/pages\/36\/revisions\/2164"}],"wp:attachment":[{"href":"https:\/\/toutpourlesaidants.fr\/index.php\/wp-json\/wp\/v2\/media?parent=36"}],"curies":[{"name":"wp","href":"https:\/\/api.w.org\/{rel}","templated":true}]}}