{"id":318,"date":"2018-07-05T15:40:08","date_gmt":"2018-07-05T13:40:08","guid":{"rendered":"http:\/\/toutpourlesaidants.fr\/?page_id=318"},"modified":"2019-10-24T12:24:45","modified_gmt":"2019-10-24T10:24:45","slug":"detente-sur-lit-de-massage-a-eau","status":"publish","type":"page","link":"https:\/\/toutpourlesaidants.fr\/index.php\/detente-sur-lit-de-massage-a-eau\/","title":{"rendered":"Se d\u00e9tendre, sur lit de massage \u00e0 eau"},"content":{"rendered":"<div class=\"pdfprnt-buttons pdfprnt-buttons-page pdfprnt-top-right\"><a href=\"https:\/\/toutpourlesaidants.fr\/index.php\/wp-json\/wp\/v2\/pages\/318?print=pdf\" class=\"pdfprnt-button pdfprnt-button-pdf\" target=\"_blank\"><img decoding=\"async\" src=\"http:\/\/toutpourlesaidants.fr\/wp-content\/plugins\/pdf-print\/images\/pdf.png\" alt=\"image_pdf\" title=\"Afficher le PDF\" \/><\/a><a href=\"https:\/\/toutpourlesaidants.fr\/index.php\/wp-json\/wp\/v2\/pages\/318?print=print\" class=\"pdfprnt-button pdfprnt-button-print\" target=\"_blank\"><img decoding=\"async\" src=\"http:\/\/toutpourlesaidants.fr\/wp-content\/plugins\/pdf-print\/images\/print.png\" alt=\"image_print\" title=\"Contenu imprim\u00e9\" \/><\/a><\/div><p>S\u00e9ance de 30 minutes de bien-\u00eatre pour l&rsquo;Aidant, ou pour le bin\u00f4me.<\/p>\n<p>Vous serez allong\u00e9 habill\u00e9, des buses \u00e0 eau situ\u00e9es \u00e0 l\u2019int\u00e9rieur du matelas massent votre dos.<\/p>\n<p><img loading=\"lazy\" decoding=\"async\" class=\"alignnone size-medium wp-image-816\" src=\"http:\/\/toutpourlesaidants.fr\/wp-content\/uploads\/2018\/08\/Matelas-deau-300x145.jpg\" alt=\"\" width=\"300\" height=\"145\" srcset=\"https:\/\/toutpourlesaidants.fr\/wp-content\/uploads\/2018\/08\/Matelas-deau-300x145.jpg 300w, https:\/\/toutpourlesaidants.fr\/wp-content\/uploads\/2018\/08\/Matelas-deau-150x73.jpg 150w, https:\/\/toutpourlesaidants.fr\/wp-content\/uploads\/2018\/08\/Matelas-deau-100x48.jpg 100w, https:\/\/toutpourlesaidants.fr\/wp-content\/uploads\/2018\/08\/Matelas-deau.jpg 370w\" sizes=\"(max-width: 300px) 100vw, 300px\" \/><img loading=\"lazy\" decoding=\"async\" class=\"alignnone size-medium wp-image-847\" src=\"http:\/\/toutpourlesaidants.fr\/wp-content\/uploads\/2018\/08\/IMG_20180130_105113-225x300.jpg\" alt=\"\" width=\"225\" height=\"300\" srcset=\"https:\/\/toutpourlesaidants.fr\/wp-content\/uploads\/2018\/08\/IMG_20180130_105113-225x300.jpg 225w, https:\/\/toutpourlesaidants.fr\/wp-content\/uploads\/2018\/08\/IMG_20180130_105113-768x1024.jpg 768w, https:\/\/toutpourlesaidants.fr\/wp-content\/uploads\/2018\/08\/IMG_20180130_105113-750x1000.jpg 750w, https:\/\/toutpourlesaidants.fr\/wp-content\/uploads\/2018\/08\/IMG_20180130_105113-400x533.jpg 400w, https:\/\/toutpourlesaidants.fr\/wp-content\/uploads\/2018\/08\/IMG_20180130_105113-430x573.jpg 430w, https:\/\/toutpourlesaidants.fr\/wp-content\/uploads\/2018\/08\/IMG_20180130_105113-150x200.jpg 150w, https:\/\/toutpourlesaidants.fr\/wp-content\/uploads\/2018\/08\/IMG_20180130_105113-100x133.jpg 100w, https:\/\/toutpourlesaidants.fr\/wp-content\/uploads\/2018\/08\/IMG_20180130_105113.jpg 1920w\" sizes=\"(max-width: 225px) 100vw, 225px\" \/><\/p>\n<p><span style=\"color: #ff00ff;\"><strong>Sur rendez-vous<\/strong><\/span>\u00a0\u00a0<a href=\"http:\/\/toutpourlesaidants.fr\/index.php\/contact\/\">Pour vous inscrire, cliquez ICI<\/a><\/p>\n","protected":false},"excerpt":{"rendered":"<p>S\u00e9ance de 30 minutes de bien-\u00eatre pour l&rsquo;Aidant, ou pour le bin\u00f4me. Vous serez allong\u00e9 habill\u00e9, des buses \u00e0 eau situ\u00e9es \u00e0 l\u2019int\u00e9rieur du matelas massent votre dos. Sur rendez-vous\u00a0\u00a0Pour [&hellip;]<\/p>\n","protected":false},"author":3,"featured_media":0,"parent":0,"menu_order":0,"comment_status":"closed","ping_status":"closed","template":"","meta":{"footnotes":""},"yoast_head":"<!-- This site is optimized with the Yoast SEO plugin v20.2.1 - https:\/\/yoast.com\/wordpress\/plugins\/seo\/ -->\n<title>Se d\u00e9tendre, sur lit de massage \u00e0 eau - r\u00e9pit et accompagnement des aidants<\/title>\n<meta name=\"robots\" content=\"index, follow, max-snippet:-1, max-image-preview:large, max-video-preview:-1\" \/>\n<link rel=\"canonical\" href=\"https:\/\/toutpourlesaidants.fr\/index.php\/detente-sur-lit-de-massage-a-eau\/\" \/>\n<meta property=\"og:locale\" content=\"fr_FR\" \/>\n<meta property=\"og:type\" content=\"article\" \/>\n<meta property=\"og:title\" content=\"Se d\u00e9tendre, sur lit de massage \u00e0 eau - r\u00e9pit et accompagnement des aidants\" \/>\n<meta property=\"og:description\" content=\"S\u00e9ance de 30 minutes de bien-\u00eatre pour l&rsquo;Aidant, ou pour le bin\u00f4me. Vous serez allong\u00e9 habill\u00e9, des buses \u00e0 eau situ\u00e9es \u00e0 l\u2019int\u00e9rieur du matelas massent votre dos. Sur rendez-vous\u00a0\u00a0Pour [&hellip;]\" \/>\n<meta property=\"og:url\" content=\"https:\/\/toutpourlesaidants.fr\/index.php\/detente-sur-lit-de-massage-a-eau\/\" \/>\n<meta property=\"og:site_name\" content=\"r\u00e9pit et accompagnement des aidants\" \/>\n<meta property=\"article:modified_time\" content=\"2019-10-24T10:24:45+00:00\" \/>\n<meta property=\"og:image\" content=\"http:\/\/toutpourlesaidants.fr\/wp-content\/uploads\/2018\/08\/Matelas-deau-300x145.jpg\" \/>\n<meta name=\"twitter:card\" content=\"summary_large_image\" \/>\n<script type=\"application\/ld+json\" class=\"yoast-schema-graph\">{\"@context\":\"https:\/\/schema.org\",\"@graph\":[{\"@type\":\"WebPage\",\"@id\":\"https:\/\/toutpourlesaidants.fr\/index.php\/detente-sur-lit-de-massage-a-eau\/\",\"url\":\"https:\/\/toutpourlesaidants.fr\/index.php\/detente-sur-lit-de-massage-a-eau\/\",\"name\":\"Se d\u00e9tendre, sur lit de massage \u00e0 eau - r\u00e9pit et accompagnement des aidants\",\"isPartOf\":{\"@id\":\"https:\/\/toutpourlesaidants.fr\/#website\"},\"datePublished\":\"2018-07-05T13:40:08+00:00\",\"dateModified\":\"2019-10-24T10:24:45+00:00\",\"breadcrumb\":{\"@id\":\"https:\/\/toutpourlesaidants.fr\/index.php\/detente-sur-lit-de-massage-a-eau\/#breadcrumb\"},\"inLanguage\":\"fr-FR\",\"potentialAction\":[{\"@type\":\"ReadAction\",\"target\":[\"https:\/\/toutpourlesaidants.fr\/index.php\/detente-sur-lit-de-massage-a-eau\/\"]}]},{\"@type\":\"BreadcrumbList\",\"@id\":\"https:\/\/toutpourlesaidants.fr\/index.php\/detente-sur-lit-de-massage-a-eau\/#breadcrumb\",\"itemListElement\":[{\"@type\":\"ListItem\",\"position\":1,\"name\":\"Accueil\",\"item\":\"https:\/\/toutpourlesaidants.fr\/\"},{\"@type\":\"ListItem\",\"position\":2,\"name\":\"Se d\u00e9tendre, sur lit de massage \u00e0 eau\"}]},{\"@type\":\"WebSite\",\"@id\":\"https:\/\/toutpourlesaidants.fr\/#website\",\"url\":\"https:\/\/toutpourlesaidants.fr\/\",\"name\":\"tout pour les aidants\",\"description\":\"Plateforme de Valence et ses environs\",\"publisher\":{\"@id\":\"https:\/\/toutpourlesaidants.fr\/#organization\"},\"potentialAction\":[{\"@type\":\"SearchAction\",\"target\":{\"@type\":\"EntryPoint\",\"urlTemplate\":\"https:\/\/toutpourlesaidants.fr\/?s={search_term_string}\"},\"query-input\":\"required name=search_term_string\"}],\"inLanguage\":\"fr-FR\"},{\"@type\":\"Organization\",\"@id\":\"https:\/\/toutpourlesaidants.fr\/#organization\",\"name\":\"Plateforme de r\u00e9pit et d'accompagnement des aidants\",\"url\":\"https:\/\/toutpourlesaidants.fr\/\",\"logo\":{\"@type\":\"ImageObject\",\"inLanguage\":\"fr-FR\",\"@id\":\"https:\/\/toutpourlesaidants.fr\/#\/schema\/logo\/image\/\",\"url\":\"http:\/\/toutpourlesaidants.fr\/wp-content\/uploads\/2018\/10\/logo-plateforme.jpg\",\"contentUrl\":\"http:\/\/toutpourlesaidants.fr\/wp-content\/uploads\/2018\/10\/logo-plateforme.jpg\",\"width\":379,\"height\":378,\"caption\":\"Plateforme de r\u00e9pit et d'accompagnement des aidants\"},\"image\":{\"@id\":\"https:\/\/toutpourlesaidants.fr\/#\/schema\/logo\/image\/\"}}]}<\/script>\n<!-- \/ Yoast SEO plugin. -->","yoast_head_json":{"title":"Se d\u00e9tendre, sur lit de massage \u00e0 eau - r\u00e9pit et accompagnement des aidants","robots":{"index":"index","follow":"follow","max-snippet":"max-snippet:-1","max-image-preview":"max-image-preview:large","max-video-preview":"max-video-preview:-1"},"canonical":"https:\/\/toutpourlesaidants.fr\/index.php\/detente-sur-lit-de-massage-a-eau\/","og_locale":"fr_FR","og_type":"article","og_title":"Se d\u00e9tendre, sur lit de massage \u00e0 eau - r\u00e9pit et accompagnement des aidants","og_description":"S\u00e9ance de 30 minutes de bien-\u00eatre pour l&rsquo;Aidant, ou pour le bin\u00f4me. Vous serez allong\u00e9 habill\u00e9, des buses \u00e0 eau situ\u00e9es \u00e0 l\u2019int\u00e9rieur du matelas massent votre dos. Sur rendez-vous\u00a0\u00a0Pour [&hellip;]","og_url":"https:\/\/toutpourlesaidants.fr\/index.php\/detente-sur-lit-de-massage-a-eau\/","og_site_name":"r\u00e9pit et accompagnement des aidants","article_modified_time":"2019-10-24T10:24:45+00:00","og_image":[{"url":"http:\/\/toutpourlesaidants.fr\/wp-content\/uploads\/2018\/08\/Matelas-deau-300x145.jpg"}],"twitter_card":"summary_large_image","schema":{"@context":"https:\/\/schema.org","@graph":[{"@type":"WebPage","@id":"https:\/\/toutpourlesaidants.fr\/index.php\/detente-sur-lit-de-massage-a-eau\/","url":"https:\/\/toutpourlesaidants.fr\/index.php\/detente-sur-lit-de-massage-a-eau\/","name":"Se d\u00e9tendre, sur lit de massage \u00e0 eau - r\u00e9pit et accompagnement des aidants","isPartOf":{"@id":"https:\/\/toutpourlesaidants.fr\/#website"},"datePublished":"2018-07-05T13:40:08+00:00","dateModified":"2019-10-24T10:24:45+00:00","breadcrumb":{"@id":"https:\/\/toutpourlesaidants.fr\/index.php\/detente-sur-lit-de-massage-a-eau\/#breadcrumb"},"inLanguage":"fr-FR","potentialAction":[{"@type":"ReadAction","target":["https:\/\/toutpourlesaidants.fr\/index.php\/detente-sur-lit-de-massage-a-eau\/"]}]},{"@type":"BreadcrumbList","@id":"https:\/\/toutpourlesaidants.fr\/index.php\/detente-sur-lit-de-massage-a-eau\/#breadcrumb","itemListElement":[{"@type":"ListItem","position":1,"name":"Accueil","item":"https:\/\/toutpourlesaidants.fr\/"},{"@type":"ListItem","position":2,"name":"Se d\u00e9tendre, sur lit de massage \u00e0 eau"}]},{"@type":"WebSite","@id":"https:\/\/toutpourlesaidants.fr\/#website","url":"https:\/\/toutpourlesaidants.fr\/","name":"tout pour les aidants","description":"Plateforme de Valence et ses environs","publisher":{"@id":"https:\/\/toutpourlesaidants.fr\/#organization"},"potentialAction":[{"@type":"SearchAction","target":{"@type":"EntryPoint","urlTemplate":"https:\/\/toutpourlesaidants.fr\/?s={search_term_string}"},"query-input":"required name=search_term_string"}],"inLanguage":"fr-FR"},{"@type":"Organization","@id":"https:\/\/toutpourlesaidants.fr\/#organization","name":"Plateforme de r\u00e9pit et d'accompagnement des aidants","url":"https:\/\/toutpourlesaidants.fr\/","logo":{"@type":"ImageObject","inLanguage":"fr-FR","@id":"https:\/\/toutpourlesaidants.fr\/#\/schema\/logo\/image\/","url":"http:\/\/toutpourlesaidants.fr\/wp-content\/uploads\/2018\/10\/logo-plateforme.jpg","contentUrl":"http:\/\/toutpourlesaidants.fr\/wp-content\/uploads\/2018\/10\/logo-plateforme.jpg","width":379,"height":378,"caption":"Plateforme de r\u00e9pit et d'accompagnement des aidants"},"image":{"@id":"https:\/\/toutpourlesaidants.fr\/#\/schema\/logo\/image\/"}}]}},"_links":{"self":[{"href":"https:\/\/toutpourlesaidants.fr\/index.php\/wp-json\/wp\/v2\/pages\/318"}],"collection":[{"href":"https:\/\/toutpourlesaidants.fr\/index.php\/wp-json\/wp\/v2\/pages"}],"about":[{"href":"https:\/\/toutpourlesaidants.fr\/index.php\/wp-json\/wp\/v2\/types\/page"}],"author":[{"embeddable":true,"href":"https:\/\/toutpourlesaidants.fr\/index.php\/wp-json\/wp\/v2\/users\/3"}],"replies":[{"embeddable":true,"href":"https:\/\/toutpourlesaidants.fr\/index.php\/wp-json\/wp\/v2\/comments?post=318"}],"version-history":[{"count":8,"href":"https:\/\/toutpourlesaidants.fr\/index.php\/wp-json\/wp\/v2\/pages\/318\/revisions"}],"predecessor-version":[{"id":1661,"href":"https:\/\/toutpourlesaidants.fr\/index.php\/wp-json\/wp\/v2\/pages\/318\/revisions\/1661"}],"wp:attachment":[{"href":"https:\/\/toutpourlesaidants.fr\/index.php\/wp-json\/wp\/v2\/media?parent=318"}],"curies":[{"name":"wp","href":"https:\/\/api.w.org\/{rel}","templated":true}]}}