{"id":223,"date":"2018-06-28T14:40:35","date_gmt":"2018-06-28T12:40:35","guid":{"rendered":"http:\/\/toutpourlesaidants.fr\/?page_id=223"},"modified":"2020-04-02T18:40:15","modified_gmt":"2020-04-02T16:40:15","slug":"temoignages","status":"publish","type":"page","link":"https:\/\/toutpourlesaidants.fr\/index.php\/temoignages\/","title":{"rendered":"T\u00e9moignages"},"content":{"rendered":"<div class=\"pdfprnt-buttons pdfprnt-buttons-page pdfprnt-top-right\"><a href=\"https:\/\/toutpourlesaidants.fr\/index.php\/wp-json\/wp\/v2\/pages\/223?print=pdf\" class=\"pdfprnt-button pdfprnt-button-pdf\" target=\"_blank\"><img decoding=\"async\" src=\"http:\/\/toutpourlesaidants.fr\/wp-content\/plugins\/pdf-print\/images\/pdf.png\" alt=\"image_pdf\" title=\"Afficher le PDF\" \/><\/a><a href=\"https:\/\/toutpourlesaidants.fr\/index.php\/wp-json\/wp\/v2\/pages\/223?print=print\" class=\"pdfprnt-button pdfprnt-button-print\" target=\"_blank\"><img decoding=\"async\" src=\"http:\/\/toutpourlesaidants.fr\/wp-content\/plugins\/pdf-print\/images\/print.png\" alt=\"image_print\" title=\"Contenu imprim\u00e9\" \/><\/a><\/div><p><span style=\"color: #0000ff;\">T\u00e9moignage de Marie-H\u00e9l\u00e8ne sur l&rsquo;\u00e9coute au sein de la Plateforme du r\u00e9pit octobre 2019, sur radio France Bleue 26-07.<\/span><\/p>\n<!--[if lt IE 9]><script>document.createElement('audio');<\/script><![endif]-->\n<audio class=\"wp-audio-shortcode\" id=\"audio-223-1\" preload=\"none\" style=\"width: 100%;\" controls=\"controls\"><source type=\"audio\/mpeg\" src=\"http:\/\/toutpourlesaidants.fr\/wp-content\/uploads\/2020\/01\/REP_Aidant_SON-NET_45cdd75b-908e-4aa6-b9f0-e9a5836d0f10_R26A.mp3?_=1\" \/><a href=\"http:\/\/toutpourlesaidants.fr\/wp-content\/uploads\/2020\/01\/REP_Aidant_SON-NET_45cdd75b-908e-4aa6-b9f0-e9a5836d0f10_R26A.mp3\">http:\/\/toutpourlesaidants.fr\/wp-content\/uploads\/2020\/01\/REP_Aidant_SON-NET_45cdd75b-908e-4aa6-b9f0-e9a5836d0f10_R26A.mp3<\/a><\/audio>\n<p><span style=\"color: #0000ff;\">T\u00e9moignage de Marie-H\u00e9l\u00e8ne : le r\u00e9pit est un droit l\u00e9gitime octobre 2019 sur radio France Bleue 26-07.<\/span><\/p>\n<audio class=\"wp-audio-shortcode\" id=\"audio-223-2\" preload=\"none\" style=\"width: 100%;\" controls=\"controls\"><source type=\"audio\/mpeg\" src=\"http:\/\/toutpourlesaidants.fr\/wp-content\/uploads\/2020\/01\/REP_Aidant-NET_29014822-f858-4c1c-a98d-aad2572d17d6_R26A.mp3?_=2\" \/><a href=\"http:\/\/toutpourlesaidants.fr\/wp-content\/uploads\/2020\/01\/REP_Aidant-NET_29014822-f858-4c1c-a98d-aad2572d17d6_R26A.mp3\">http:\/\/toutpourlesaidants.fr\/wp-content\/uploads\/2020\/01\/REP_Aidant-NET_29014822-f858-4c1c-a98d-aad2572d17d6_R26A.mp3<\/a><\/audio>\n<p>&nbsp;<\/p>\n<p><a href=\"https:\/\/www.europe1.fr\/emissions\/partageons-nos-experiences-de-vie-avec-olivier-delacroix\/olivier-delacroix-aidants-familiaux-que-sont-ils-devenus-3909866\" target=\"_blank\" rel=\"noopener noreferrer\"><span style=\"color: #0000ff;\">Podcast d&rsquo;Europe 1 de juillet 2019 AIDANTS : que sont-ils devenus.<img loading=\"lazy\" decoding=\"async\" class=\"alignnone wp-image-290\" src=\"http:\/\/toutpourlesaidants.fr\/wp-content\/uploads\/2018\/07\/Main-violette512x593.png\" alt=\"\" width=\"27\" height=\"31\" srcset=\"https:\/\/toutpourlesaidants.fr\/wp-content\/uploads\/2018\/07\/Main-violette512x593.png 512w, https:\/\/toutpourlesaidants.fr\/wp-content\/uploads\/2018\/07\/Main-violette512x593-259x300.png 259w, https:\/\/toutpourlesaidants.fr\/wp-content\/uploads\/2018\/07\/Main-violette512x593-400x463.png 400w, https:\/\/toutpourlesaidants.fr\/wp-content\/uploads\/2018\/07\/Main-violette512x593-430x498.png 430w, https:\/\/toutpourlesaidants.fr\/wp-content\/uploads\/2018\/07\/Main-violette512x593-150x174.png 150w, https:\/\/toutpourlesaidants.fr\/wp-content\/uploads\/2018\/07\/Main-violette512x593-100x116.png 100w\" sizes=\"(max-width: 27px) 100vw, 27px\" \/><\/span><\/a><\/p>\n<p><span style=\"color: #993366;\"><em><strong>Q<\/strong><\/em><em><strong>uelques aidants t\u00e9moignent de leur d\u00e9couverte de la<\/strong><\/em><\/span><em><strong><span style=\"color: #993366;\"> Plateforme de R\u00e9pit et d&rsquo;Accompagnement des Aidants\u00a0 de Valence et de ses environs<\/span><\/strong><\/em><\/p>\n<p><span style=\"color: #0000ff;\">T\u00e9moignage de Liliane :<\/span><\/p>\n<audio class=\"wp-audio-shortcode\" id=\"audio-223-3\" preload=\"none\" style=\"width: 100%;\" controls=\"controls\"><source type=\"audio\/mpeg\" src=\"http:\/\/toutpourlesaidants.fr\/wp-content\/uploads\/2019\/11\/liliane-aidante.mp3?_=3\" \/><a href=\"http:\/\/toutpourlesaidants.fr\/wp-content\/uploads\/2019\/11\/liliane-aidante.mp3\">http:\/\/toutpourlesaidants.fr\/wp-content\/uploads\/2019\/11\/liliane-aidante.mp3<\/a><\/audio>\n<p><span style=\"color: #0000ff;\">T\u00e9moignage d&rsquo;Edwige :<\/span><\/p>\n<audio class=\"wp-audio-shortcode\" id=\"audio-223-4\" preload=\"none\" style=\"width: 100%;\" controls=\"controls\"><source type=\"audio\/mpeg\" src=\"http:\/\/toutpourlesaidants.fr\/wp-content\/uploads\/2018\/07\/Edwige-aidante.mp3?_=4\" \/><a href=\"http:\/\/toutpourlesaidants.fr\/wp-content\/uploads\/2018\/07\/Edwige-aidante.mp3\">http:\/\/toutpourlesaidants.fr\/wp-content\/uploads\/2018\/07\/Edwige-aidante.mp3<\/a><\/audio>\n<p><span style=\"color: #0000ff;\">T\u00e9moignage de C\u00e9cile :<\/span><\/p>\n<audio class=\"wp-audio-shortcode\" id=\"audio-223-5\" preload=\"none\" style=\"width: 100%;\" controls=\"controls\"><source type=\"audio\/mpeg\" src=\"http:\/\/toutpourlesaidants.fr\/wp-content\/uploads\/2018\/06\/Cecile-aidante.mp3?_=5\" \/><a href=\"http:\/\/toutpourlesaidants.fr\/wp-content\/uploads\/2018\/06\/Cecile-aidante.mp3\">http:\/\/toutpourlesaidants.fr\/wp-content\/uploads\/2018\/06\/Cecile-aidante.mp3<\/a><\/audio>\n<p><span style=\"color: #0000ff;\">T\u00e9moignage de Nadia :<\/span><\/p>\n<audio class=\"wp-audio-shortcode\" id=\"audio-223-6\" preload=\"none\" style=\"width: 100%;\" controls=\"controls\"><source type=\"audio\/mpeg\" src=\"http:\/\/toutpourlesaidants.fr\/wp-content\/uploads\/2018\/06\/Nadia-aidante.mp3?_=6\" \/><a href=\"http:\/\/toutpourlesaidants.fr\/wp-content\/uploads\/2018\/06\/Nadia-aidante.mp3\">http:\/\/toutpourlesaidants.fr\/wp-content\/uploads\/2018\/06\/Nadia-aidante.mp3<\/a><\/audio>\n<p><span style=\"color: #0000ff;\">T\u00e9moignage de Patrick :<\/span><\/p>\n<audio class=\"wp-audio-shortcode\" id=\"audio-223-7\" preload=\"none\" style=\"width: 100%;\" controls=\"controls\"><source type=\"audio\/mpeg\" src=\"http:\/\/toutpourlesaidants.fr\/wp-content\/uploads\/2018\/06\/Patrick-aidant.mp3?_=7\" \/><a href=\"http:\/\/toutpourlesaidants.fr\/wp-content\/uploads\/2018\/06\/Patrick-aidant.mp3\">http:\/\/toutpourlesaidants.fr\/wp-content\/uploads\/2018\/06\/Patrick-aidant.mp3<\/a><\/audio>\n<p><span style=\"color: #cc99ff;\"><span style=\"color: #0000ff;\">T\u00e9moignage de Cathy :<\/span><br \/>\n<\/span><\/p>\n<audio class=\"wp-audio-shortcode\" id=\"audio-223-8\" preload=\"none\" style=\"width: 100%;\" controls=\"controls\"><source type=\"audio\/mpeg\" src=\"http:\/\/toutpourlesaidants.fr\/wp-content\/uploads\/2018\/08\/Cathy-aidante.mp3?_=8\" \/><a href=\"http:\/\/toutpourlesaidants.fr\/wp-content\/uploads\/2018\/08\/Cathy-aidante.mp3\">http:\/\/toutpourlesaidants.fr\/wp-content\/uploads\/2018\/08\/Cathy-aidante.mp3<\/a><\/audio>\n<p><span style=\"color: #0000ff;\">T\u00e9moignage de V\u00e9ronique :<\/span><\/p>\n<audio class=\"wp-audio-shortcode\" id=\"audio-223-9\" preload=\"none\" style=\"width: 100%;\" controls=\"controls\"><source type=\"audio\/mpeg\" src=\"http:\/\/toutpourlesaidants.fr\/wp-content\/uploads\/2018\/06\/V\u00e9ronique-aidante.mp3?_=9\" \/><a href=\"http:\/\/toutpourlesaidants.fr\/wp-content\/uploads\/2018\/06\/V\u00e9ronique-aidante.mp3\">http:\/\/toutpourlesaidants.fr\/wp-content\/uploads\/2018\/06\/V\u00e9ronique-aidante.mp3<\/a><\/audio>\n<p><span style=\"color: #0000ff;\">Ma d\u00e9couverte de la plateforme :<\/span><\/p>\n<audio class=\"wp-audio-shortcode\" id=\"audio-223-10\" preload=\"none\" style=\"width: 100%;\" controls=\"controls\"><source type=\"audio\/mpeg\" src=\"http:\/\/toutpourlesaidants.fr\/wp-content\/uploads\/2018\/06\/Ma-D\u00e9couverte-de-la-PDR.mp3?_=10\" \/><a href=\"http:\/\/toutpourlesaidants.fr\/wp-content\/uploads\/2018\/06\/Ma-D\u00e9couverte-de-la-PDR.mp3\">http:\/\/toutpourlesaidants.fr\/wp-content\/uploads\/2018\/06\/Ma-D\u00e9couverte-de-la-PDR.mp3<\/a><\/audio>\n<div class='w3eden'><!-- WPDM Link Template: Default Template -->\n\n<div class=\"link-template-default card mb-2\">\n    <div class=\"card-body\">\n        <div class=\"media\">\n            <div class=\"mr-3 img-48\"><img decoding=\"async\" class=\"wpdm_icon\" alt=\"Ic\u00f4ne\" src=\"https:\/\/toutpourlesaidants.fr\/wp-content\/plugins\/download-manager\/assets\/file-type-icons\/pdf.svg\" \/><\/div>\n            <div class=\"media-body\">\n                <h3 class=\"package-title\"><a href='https:\/\/toutpourlesaidants.fr\/index.php\/download\/voeux-de-regine-pour-2019\/'>V\u0153ux de R\u00e9gine pour 2019<\/a><\/h3>\n                <div class=\"text-muted text-small\"><i class=\"fas fa-copy\"><\/i> 1 fichier\u00b7s <i class=\"fas fa-hdd ml-3\"><\/i> 22 KB<\/div>\n            <\/div>\n            <div class=\"ml-3\">\n                <a class='wpdm-download-link download-on-click btn btn-primary ' rel='nofollow' href='#' data-downloadurl=\"https:\/\/toutpourlesaidants.fr\/index.php\/download\/voeux-de-regine-pour-2019\/?wpdmdl=1896&refresh=69e8b025ea2861776857125\">T\u00e9l\u00e9charger<\/a>\n            <\/div>\n        <\/div>\n    <\/div>\n<\/div>\n\n<\/div>\n","protected":false},"excerpt":{"rendered":"<p>T\u00e9moignage de Marie-H\u00e9l\u00e8ne sur l&rsquo;\u00e9coute au sein de la Plateforme du r\u00e9pit octobre 2019, sur radio France Bleue 26-07. T\u00e9moignage de Marie-H\u00e9l\u00e8ne : le r\u00e9pit est un droit l\u00e9gitime octobre [&hellip;]<\/p>\n","protected":false},"author":3,"featured_media":0,"parent":0,"menu_order":0,"comment_status":"closed","ping_status":"closed","template":"","meta":{"footnotes":""},"yoast_head":"<!-- This site is optimized with the Yoast SEO plugin v20.2.1 - https:\/\/yoast.com\/wordpress\/plugins\/seo\/ -->\n<title>T\u00e9moignages - r\u00e9pit et accompagnement des aidants<\/title>\n<meta name=\"robots\" content=\"index, follow, max-snippet:-1, max-image-preview:large, max-video-preview:-1\" \/>\n<link rel=\"canonical\" href=\"https:\/\/toutpourlesaidants.fr\/index.php\/temoignages\/\" \/>\n<meta property=\"og:locale\" content=\"fr_FR\" \/>\n<meta property=\"og:type\" content=\"article\" \/>\n<meta property=\"og:title\" content=\"T\u00e9moignages - r\u00e9pit et accompagnement des aidants\" \/>\n<meta property=\"og:description\" content=\"T\u00e9moignage de Marie-H\u00e9l\u00e8ne sur l&rsquo;\u00e9coute au sein de la Plateforme du r\u00e9pit octobre 2019, sur radio France Bleue 26-07. T\u00e9moignage de Marie-H\u00e9l\u00e8ne : le r\u00e9pit est un droit l\u00e9gitime octobre [&hellip;]\" \/>\n<meta property=\"og:url\" content=\"https:\/\/toutpourlesaidants.fr\/index.php\/temoignages\/\" \/>\n<meta property=\"og:site_name\" content=\"r\u00e9pit et accompagnement des aidants\" \/>\n<meta property=\"article:modified_time\" content=\"2020-04-02T16:40:15+00:00\" \/>\n<meta property=\"og:image\" content=\"http:\/\/toutpourlesaidants.fr\/wp-content\/uploads\/2018\/07\/Main-violette512x593.png\" \/>\n<meta name=\"twitter:card\" content=\"summary_large_image\" \/>\n<meta name=\"twitter:label1\" content=\"Dur\u00e9e de lecture estim\u00e9e\" \/>\n\t<meta name=\"twitter:data1\" content=\"1 minute\" \/>\n<script type=\"application\/ld+json\" class=\"yoast-schema-graph\">{\"@context\":\"https:\/\/schema.org\",\"@graph\":[{\"@type\":\"WebPage\",\"@id\":\"https:\/\/toutpourlesaidants.fr\/index.php\/temoignages\/\",\"url\":\"https:\/\/toutpourlesaidants.fr\/index.php\/temoignages\/\",\"name\":\"T\u00e9moignages - r\u00e9pit et accompagnement des aidants\",\"isPartOf\":{\"@id\":\"https:\/\/toutpourlesaidants.fr\/#website\"},\"datePublished\":\"2018-06-28T12:40:35+00:00\",\"dateModified\":\"2020-04-02T16:40:15+00:00\",\"breadcrumb\":{\"@id\":\"https:\/\/toutpourlesaidants.fr\/index.php\/temoignages\/#breadcrumb\"},\"inLanguage\":\"fr-FR\",\"potentialAction\":[{\"@type\":\"ReadAction\",\"target\":[\"https:\/\/toutpourlesaidants.fr\/index.php\/temoignages\/\"]}]},{\"@type\":\"BreadcrumbList\",\"@id\":\"https:\/\/toutpourlesaidants.fr\/index.php\/temoignages\/#breadcrumb\",\"itemListElement\":[{\"@type\":\"ListItem\",\"position\":1,\"name\":\"Accueil\",\"item\":\"https:\/\/toutpourlesaidants.fr\/\"},{\"@type\":\"ListItem\",\"position\":2,\"name\":\"T\u00e9moignages\"}]},{\"@type\":\"WebSite\",\"@id\":\"https:\/\/toutpourlesaidants.fr\/#website\",\"url\":\"https:\/\/toutpourlesaidants.fr\/\",\"name\":\"tout pour les aidants\",\"description\":\"Plateforme de Valence et ses environs\",\"publisher\":{\"@id\":\"https:\/\/toutpourlesaidants.fr\/#organization\"},\"potentialAction\":[{\"@type\":\"SearchAction\",\"target\":{\"@type\":\"EntryPoint\",\"urlTemplate\":\"https:\/\/toutpourlesaidants.fr\/?s={search_term_string}\"},\"query-input\":\"required name=search_term_string\"}],\"inLanguage\":\"fr-FR\"},{\"@type\":\"Organization\",\"@id\":\"https:\/\/toutpourlesaidants.fr\/#organization\",\"name\":\"Plateforme de r\u00e9pit et d'accompagnement des aidants\",\"url\":\"https:\/\/toutpourlesaidants.fr\/\",\"logo\":{\"@type\":\"ImageObject\",\"inLanguage\":\"fr-FR\",\"@id\":\"https:\/\/toutpourlesaidants.fr\/#\/schema\/logo\/image\/\",\"url\":\"http:\/\/toutpourlesaidants.fr\/wp-content\/uploads\/2018\/10\/logo-plateforme.jpg\",\"contentUrl\":\"http:\/\/toutpourlesaidants.fr\/wp-content\/uploads\/2018\/10\/logo-plateforme.jpg\",\"width\":379,\"height\":378,\"caption\":\"Plateforme de r\u00e9pit et d'accompagnement des aidants\"},\"image\":{\"@id\":\"https:\/\/toutpourlesaidants.fr\/#\/schema\/logo\/image\/\"}}]}<\/script>\n<!-- \/ Yoast SEO plugin. -->","yoast_head_json":{"title":"T\u00e9moignages - r\u00e9pit et accompagnement des aidants","robots":{"index":"index","follow":"follow","max-snippet":"max-snippet:-1","max-image-preview":"max-image-preview:large","max-video-preview":"max-video-preview:-1"},"canonical":"https:\/\/toutpourlesaidants.fr\/index.php\/temoignages\/","og_locale":"fr_FR","og_type":"article","og_title":"T\u00e9moignages - r\u00e9pit et accompagnement des aidants","og_description":"T\u00e9moignage de Marie-H\u00e9l\u00e8ne sur l&rsquo;\u00e9coute au sein de la Plateforme du r\u00e9pit octobre 2019, sur radio France Bleue 26-07. T\u00e9moignage de Marie-H\u00e9l\u00e8ne : le r\u00e9pit est un droit l\u00e9gitime octobre [&hellip;]","og_url":"https:\/\/toutpourlesaidants.fr\/index.php\/temoignages\/","og_site_name":"r\u00e9pit et accompagnement des aidants","article_modified_time":"2020-04-02T16:40:15+00:00","og_image":[{"url":"http:\/\/toutpourlesaidants.fr\/wp-content\/uploads\/2018\/07\/Main-violette512x593.png"}],"twitter_card":"summary_large_image","twitter_misc":{"Dur\u00e9e de lecture estim\u00e9e":"1 minute"},"schema":{"@context":"https:\/\/schema.org","@graph":[{"@type":"WebPage","@id":"https:\/\/toutpourlesaidants.fr\/index.php\/temoignages\/","url":"https:\/\/toutpourlesaidants.fr\/index.php\/temoignages\/","name":"T\u00e9moignages - r\u00e9pit et accompagnement des aidants","isPartOf":{"@id":"https:\/\/toutpourlesaidants.fr\/#website"},"datePublished":"2018-06-28T12:40:35+00:00","dateModified":"2020-04-02T16:40:15+00:00","breadcrumb":{"@id":"https:\/\/toutpourlesaidants.fr\/index.php\/temoignages\/#breadcrumb"},"inLanguage":"fr-FR","potentialAction":[{"@type":"ReadAction","target":["https:\/\/toutpourlesaidants.fr\/index.php\/temoignages\/"]}]},{"@type":"BreadcrumbList","@id":"https:\/\/toutpourlesaidants.fr\/index.php\/temoignages\/#breadcrumb","itemListElement":[{"@type":"ListItem","position":1,"name":"Accueil","item":"https:\/\/toutpourlesaidants.fr\/"},{"@type":"ListItem","position":2,"name":"T\u00e9moignages"}]},{"@type":"WebSite","@id":"https:\/\/toutpourlesaidants.fr\/#website","url":"https:\/\/toutpourlesaidants.fr\/","name":"tout pour les aidants","description":"Plateforme de Valence et ses environs","publisher":{"@id":"https:\/\/toutpourlesaidants.fr\/#organization"},"potentialAction":[{"@type":"SearchAction","target":{"@type":"EntryPoint","urlTemplate":"https:\/\/toutpourlesaidants.fr\/?s={search_term_string}"},"query-input":"required name=search_term_string"}],"inLanguage":"fr-FR"},{"@type":"Organization","@id":"https:\/\/toutpourlesaidants.fr\/#organization","name":"Plateforme de r\u00e9pit et d'accompagnement des aidants","url":"https:\/\/toutpourlesaidants.fr\/","logo":{"@type":"ImageObject","inLanguage":"fr-FR","@id":"https:\/\/toutpourlesaidants.fr\/#\/schema\/logo\/image\/","url":"http:\/\/toutpourlesaidants.fr\/wp-content\/uploads\/2018\/10\/logo-plateforme.jpg","contentUrl":"http:\/\/toutpourlesaidants.fr\/wp-content\/uploads\/2018\/10\/logo-plateforme.jpg","width":379,"height":378,"caption":"Plateforme de r\u00e9pit et d'accompagnement des aidants"},"image":{"@id":"https:\/\/toutpourlesaidants.fr\/#\/schema\/logo\/image\/"}}]}},"_links":{"self":[{"href":"https:\/\/toutpourlesaidants.fr\/index.php\/wp-json\/wp\/v2\/pages\/223"}],"collection":[{"href":"https:\/\/toutpourlesaidants.fr\/index.php\/wp-json\/wp\/v2\/pages"}],"about":[{"href":"https:\/\/toutpourlesaidants.fr\/index.php\/wp-json\/wp\/v2\/types\/page"}],"author":[{"embeddable":true,"href":"https:\/\/toutpourlesaidants.fr\/index.php\/wp-json\/wp\/v2\/users\/3"}],"replies":[{"embeddable":true,"href":"https:\/\/toutpourlesaidants.fr\/index.php\/wp-json\/wp\/v2\/comments?post=223"}],"version-history":[{"count":31,"href":"https:\/\/toutpourlesaidants.fr\/index.php\/wp-json\/wp\/v2\/pages\/223\/revisions"}],"predecessor-version":[{"id":1898,"href":"https:\/\/toutpourlesaidants.fr\/index.php\/wp-json\/wp\/v2\/pages\/223\/revisions\/1898"}],"wp:attachment":[{"href":"https:\/\/toutpourlesaidants.fr\/index.php\/wp-json\/wp\/v2\/media?parent=223"}],"curies":[{"name":"wp","href":"https:\/\/api.w.org\/{rel}","templated":true}]}}