{"id":1684,"date":"2019-11-04T12:03:42","date_gmt":"2019-11-04T11:03:42","guid":{"rendered":"http:\/\/toutpourlesaidants.fr\/?page_id=1684"},"modified":"2024-01-18T18:24:44","modified_gmt":"2024-01-18T17:24:44","slug":"se-preserver","status":"publish","type":"page","link":"https:\/\/toutpourlesaidants.fr\/index.php\/se-preserver\/","title":{"rendered":"Se pr\u00e9server"},"content":{"rendered":"<div class=\"pdfprnt-buttons pdfprnt-buttons-page pdfprnt-top-right\"><a href=\"https:\/\/toutpourlesaidants.fr\/index.php\/wp-json\/wp\/v2\/pages\/1684?print=pdf\" class=\"pdfprnt-button pdfprnt-button-pdf\" target=\"_blank\"><img decoding=\"async\" src=\"http:\/\/toutpourlesaidants.fr\/wp-content\/plugins\/pdf-print\/images\/pdf.png\" alt=\"image_pdf\" title=\"Afficher le PDF\" \/><\/a><a href=\"https:\/\/toutpourlesaidants.fr\/index.php\/wp-json\/wp\/v2\/pages\/1684?print=print\" class=\"pdfprnt-button pdfprnt-button-print\" target=\"_blank\"><img decoding=\"async\" src=\"http:\/\/toutpourlesaidants.fr\/wp-content\/plugins\/pdf-print\/images\/print.png\" alt=\"image_print\" title=\"Contenu imprim\u00e9\" \/><\/a><\/div><p>Chlo\u00e9 BOUDET, ergoth\u00e9rapeute propose des ateliers de pr\u00e9vention :<\/p>\n<p>Gestes et posture<\/p>\n<p>Equilibre<\/p>\n<p>Pr\u00e9vention des chutes<\/p>\n<p>(en cours d&rsquo;actualisation)<\/p>\n<p>&nbsp;<\/p>\n<p><strong><a href=\"http:\/\/toutpourlesaidants.fr\/index.php\/contact\/\">Pour vous inscrire, cliquez ICI<\/a><\/strong><\/p>\n<p>&nbsp;<\/p>\n<p><a href=\"http:\/\/toutpourlesaidants.fr\/wp-content\/uploads\/2023\/09\/picto-ergo-1.png\"><img loading=\"lazy\" decoding=\"async\" class=\"alignnone size-full wp-image-2065\" src=\"http:\/\/toutpourlesaidants.fr\/wp-content\/uploads\/2023\/09\/picto-ergo-1.png\" alt=\"\" width=\"386\" height=\"368\" srcset=\"https:\/\/toutpourlesaidants.fr\/wp-content\/uploads\/2023\/09\/picto-ergo-1.png 386w, https:\/\/toutpourlesaidants.fr\/wp-content\/uploads\/2023\/09\/picto-ergo-1-300x286.png 300w, https:\/\/toutpourlesaidants.fr\/wp-content\/uploads\/2023\/09\/picto-ergo-1-150x143.png 150w, https:\/\/toutpourlesaidants.fr\/wp-content\/uploads\/2023\/09\/picto-ergo-1-100x95.png 100w\" sizes=\"(max-width: 386px) 100vw, 386px\" \/><\/a><\/p>\n","protected":false},"excerpt":{"rendered":"<p>Chlo\u00e9 BOUDET, ergoth\u00e9rapeute propose des ateliers de pr\u00e9vention : Gestes et posture Equilibre Pr\u00e9vention des chutes (en cours d&rsquo;actualisation) &nbsp; Pour vous inscrire, cliquez ICI &nbsp;<\/p>\n","protected":false},"author":3,"featured_media":0,"parent":0,"menu_order":0,"comment_status":"closed","ping_status":"closed","template":"","meta":{"footnotes":""},"yoast_head":"<!-- This site is optimized with the Yoast SEO plugin v20.2.1 - https:\/\/yoast.com\/wordpress\/plugins\/seo\/ -->\n<title>Se pr\u00e9server - r\u00e9pit et accompagnement des aidants<\/title>\n<meta name=\"robots\" content=\"index, follow, max-snippet:-1, max-image-preview:large, max-video-preview:-1\" \/>\n<link rel=\"canonical\" href=\"https:\/\/toutpourlesaidants.fr\/index.php\/se-preserver\/\" \/>\n<meta property=\"og:locale\" content=\"fr_FR\" \/>\n<meta property=\"og:type\" content=\"article\" \/>\n<meta property=\"og:title\" content=\"Se pr\u00e9server - r\u00e9pit et accompagnement des aidants\" \/>\n<meta property=\"og:description\" content=\"Chlo\u00e9 BOUDET, ergoth\u00e9rapeute propose des ateliers de pr\u00e9vention : Gestes et posture Equilibre Pr\u00e9vention des chutes (en cours d&rsquo;actualisation) &nbsp; Pour vous inscrire, cliquez ICI &nbsp;\" \/>\n<meta property=\"og:url\" content=\"https:\/\/toutpourlesaidants.fr\/index.php\/se-preserver\/\" \/>\n<meta property=\"og:site_name\" content=\"r\u00e9pit et accompagnement des aidants\" \/>\n<meta property=\"article:modified_time\" content=\"2024-01-18T17:24:44+00:00\" \/>\n<meta property=\"og:image\" content=\"http:\/\/toutpourlesaidants.fr\/wp-content\/uploads\/2023\/09\/picto-ergo-1.png\" \/>\n<meta name=\"twitter:card\" content=\"summary_large_image\" \/>\n<meta name=\"twitter:label1\" content=\"Dur\u00e9e de lecture estim\u00e9e\" \/>\n\t<meta name=\"twitter:data1\" content=\"1 minute\" \/>\n<script type=\"application\/ld+json\" class=\"yoast-schema-graph\">{\"@context\":\"https:\/\/schema.org\",\"@graph\":[{\"@type\":\"WebPage\",\"@id\":\"https:\/\/toutpourlesaidants.fr\/index.php\/se-preserver\/\",\"url\":\"https:\/\/toutpourlesaidants.fr\/index.php\/se-preserver\/\",\"name\":\"Se pr\u00e9server - r\u00e9pit et accompagnement des aidants\",\"isPartOf\":{\"@id\":\"https:\/\/toutpourlesaidants.fr\/#website\"},\"datePublished\":\"2019-11-04T11:03:42+00:00\",\"dateModified\":\"2024-01-18T17:24:44+00:00\",\"breadcrumb\":{\"@id\":\"https:\/\/toutpourlesaidants.fr\/index.php\/se-preserver\/#breadcrumb\"},\"inLanguage\":\"fr-FR\",\"potentialAction\":[{\"@type\":\"ReadAction\",\"target\":[\"https:\/\/toutpourlesaidants.fr\/index.php\/se-preserver\/\"]}]},{\"@type\":\"BreadcrumbList\",\"@id\":\"https:\/\/toutpourlesaidants.fr\/index.php\/se-preserver\/#breadcrumb\",\"itemListElement\":[{\"@type\":\"ListItem\",\"position\":1,\"name\":\"Accueil\",\"item\":\"https:\/\/toutpourlesaidants.fr\/\"},{\"@type\":\"ListItem\",\"position\":2,\"name\":\"Se pr\u00e9server\"}]},{\"@type\":\"WebSite\",\"@id\":\"https:\/\/toutpourlesaidants.fr\/#website\",\"url\":\"https:\/\/toutpourlesaidants.fr\/\",\"name\":\"tout pour les aidants\",\"description\":\"Plateforme de Valence et ses environs\",\"publisher\":{\"@id\":\"https:\/\/toutpourlesaidants.fr\/#organization\"},\"potentialAction\":[{\"@type\":\"SearchAction\",\"target\":{\"@type\":\"EntryPoint\",\"urlTemplate\":\"https:\/\/toutpourlesaidants.fr\/?s={search_term_string}\"},\"query-input\":\"required name=search_term_string\"}],\"inLanguage\":\"fr-FR\"},{\"@type\":\"Organization\",\"@id\":\"https:\/\/toutpourlesaidants.fr\/#organization\",\"name\":\"Plateforme de r\u00e9pit et d'accompagnement des aidants\",\"url\":\"https:\/\/toutpourlesaidants.fr\/\",\"logo\":{\"@type\":\"ImageObject\",\"inLanguage\":\"fr-FR\",\"@id\":\"https:\/\/toutpourlesaidants.fr\/#\/schema\/logo\/image\/\",\"url\":\"http:\/\/toutpourlesaidants.fr\/wp-content\/uploads\/2018\/10\/logo-plateforme.jpg\",\"contentUrl\":\"http:\/\/toutpourlesaidants.fr\/wp-content\/uploads\/2018\/10\/logo-plateforme.jpg\",\"width\":379,\"height\":378,\"caption\":\"Plateforme de r\u00e9pit et d'accompagnement des aidants\"},\"image\":{\"@id\":\"https:\/\/toutpourlesaidants.fr\/#\/schema\/logo\/image\/\"}}]}<\/script>\n<!-- \/ Yoast SEO plugin. -->","yoast_head_json":{"title":"Se pr\u00e9server - r\u00e9pit et accompagnement des aidants","robots":{"index":"index","follow":"follow","max-snippet":"max-snippet:-1","max-image-preview":"max-image-preview:large","max-video-preview":"max-video-preview:-1"},"canonical":"https:\/\/toutpourlesaidants.fr\/index.php\/se-preserver\/","og_locale":"fr_FR","og_type":"article","og_title":"Se pr\u00e9server - r\u00e9pit et accompagnement des aidants","og_description":"Chlo\u00e9 BOUDET, ergoth\u00e9rapeute propose des ateliers de pr\u00e9vention : Gestes et posture Equilibre Pr\u00e9vention des chutes (en cours d&rsquo;actualisation) &nbsp; Pour vous inscrire, cliquez ICI &nbsp;","og_url":"https:\/\/toutpourlesaidants.fr\/index.php\/se-preserver\/","og_site_name":"r\u00e9pit et accompagnement des aidants","article_modified_time":"2024-01-18T17:24:44+00:00","og_image":[{"url":"http:\/\/toutpourlesaidants.fr\/wp-content\/uploads\/2023\/09\/picto-ergo-1.png"}],"twitter_card":"summary_large_image","twitter_misc":{"Dur\u00e9e de lecture estim\u00e9e":"1 minute"},"schema":{"@context":"https:\/\/schema.org","@graph":[{"@type":"WebPage","@id":"https:\/\/toutpourlesaidants.fr\/index.php\/se-preserver\/","url":"https:\/\/toutpourlesaidants.fr\/index.php\/se-preserver\/","name":"Se pr\u00e9server - r\u00e9pit et accompagnement des aidants","isPartOf":{"@id":"https:\/\/toutpourlesaidants.fr\/#website"},"datePublished":"2019-11-04T11:03:42+00:00","dateModified":"2024-01-18T17:24:44+00:00","breadcrumb":{"@id":"https:\/\/toutpourlesaidants.fr\/index.php\/se-preserver\/#breadcrumb"},"inLanguage":"fr-FR","potentialAction":[{"@type":"ReadAction","target":["https:\/\/toutpourlesaidants.fr\/index.php\/se-preserver\/"]}]},{"@type":"BreadcrumbList","@id":"https:\/\/toutpourlesaidants.fr\/index.php\/se-preserver\/#breadcrumb","itemListElement":[{"@type":"ListItem","position":1,"name":"Accueil","item":"https:\/\/toutpourlesaidants.fr\/"},{"@type":"ListItem","position":2,"name":"Se pr\u00e9server"}]},{"@type":"WebSite","@id":"https:\/\/toutpourlesaidants.fr\/#website","url":"https:\/\/toutpourlesaidants.fr\/","name":"tout pour les aidants","description":"Plateforme de Valence et ses environs","publisher":{"@id":"https:\/\/toutpourlesaidants.fr\/#organization"},"potentialAction":[{"@type":"SearchAction","target":{"@type":"EntryPoint","urlTemplate":"https:\/\/toutpourlesaidants.fr\/?s={search_term_string}"},"query-input":"required name=search_term_string"}],"inLanguage":"fr-FR"},{"@type":"Organization","@id":"https:\/\/toutpourlesaidants.fr\/#organization","name":"Plateforme de r\u00e9pit et d'accompagnement des aidants","url":"https:\/\/toutpourlesaidants.fr\/","logo":{"@type":"ImageObject","inLanguage":"fr-FR","@id":"https:\/\/toutpourlesaidants.fr\/#\/schema\/logo\/image\/","url":"http:\/\/toutpourlesaidants.fr\/wp-content\/uploads\/2018\/10\/logo-plateforme.jpg","contentUrl":"http:\/\/toutpourlesaidants.fr\/wp-content\/uploads\/2018\/10\/logo-plateforme.jpg","width":379,"height":378,"caption":"Plateforme de r\u00e9pit et d'accompagnement des aidants"},"image":{"@id":"https:\/\/toutpourlesaidants.fr\/#\/schema\/logo\/image\/"}}]}},"_links":{"self":[{"href":"https:\/\/toutpourlesaidants.fr\/index.php\/wp-json\/wp\/v2\/pages\/1684"}],"collection":[{"href":"https:\/\/toutpourlesaidants.fr\/index.php\/wp-json\/wp\/v2\/pages"}],"about":[{"href":"https:\/\/toutpourlesaidants.fr\/index.php\/wp-json\/wp\/v2\/types\/page"}],"author":[{"embeddable":true,"href":"https:\/\/toutpourlesaidants.fr\/index.php\/wp-json\/wp\/v2\/users\/3"}],"replies":[{"embeddable":true,"href":"https:\/\/toutpourlesaidants.fr\/index.php\/wp-json\/wp\/v2\/comments?post=1684"}],"version-history":[{"count":6,"href":"https:\/\/toutpourlesaidants.fr\/index.php\/wp-json\/wp\/v2\/pages\/1684\/revisions"}],"predecessor-version":[{"id":2099,"href":"https:\/\/toutpourlesaidants.fr\/index.php\/wp-json\/wp\/v2\/pages\/1684\/revisions\/2099"}],"wp:attachment":[{"href":"https:\/\/toutpourlesaidants.fr\/index.php\/wp-json\/wp\/v2\/media?parent=1684"}],"curies":[{"name":"wp","href":"https:\/\/api.w.org\/{rel}","templated":true}]}}