{"id":1593,"date":"2019-09-03T15:32:06","date_gmt":"2019-09-03T13:32:06","guid":{"rendered":"http:\/\/toutpourlesaidants.fr\/?page_id=1593"},"modified":"2024-01-18T18:22:23","modified_gmt":"2024-01-18T17:22:23","slug":"informatique-et-gestion-du-site-web","status":"publish","type":"page","link":"https:\/\/toutpourlesaidants.fr\/index.php\/informatique-et-gestion-du-site-web\/","title":{"rendered":"Se former en informatique et\/ou participer \u00e0 la gestion du site web"},"content":{"rendered":"<div class=\"pdfprnt-buttons pdfprnt-buttons-page pdfprnt-top-right\"><a href=\"https:\/\/toutpourlesaidants.fr\/index.php\/wp-json\/wp\/v2\/pages\/1593?print=pdf\" class=\"pdfprnt-button pdfprnt-button-pdf\" target=\"_blank\"><img decoding=\"async\" src=\"http:\/\/toutpourlesaidants.fr\/wp-content\/plugins\/pdf-print\/images\/pdf.png\" alt=\"image_pdf\" title=\"Afficher le PDF\" \/><\/a><a href=\"https:\/\/toutpourlesaidants.fr\/index.php\/wp-json\/wp\/v2\/pages\/1593?print=print\" class=\"pdfprnt-button pdfprnt-button-print\" target=\"_blank\"><img decoding=\"async\" src=\"http:\/\/toutpourlesaidants.fr\/wp-content\/plugins\/pdf-print\/images\/print.png\" alt=\"image_print\" title=\"Contenu imprim\u00e9\" \/><\/a><\/div><p>Les Aidants qui fr\u00e9quentent la Plateforme sont invit\u00e9s \u00e0 donner leur avis, \u00e0 alimenter les pages, \u00e0 prendre des photos\u2026 Tous ces \u00e9l\u00e9ments nourrissent le site internet Toutpourlesaidants.<\/p>\n<p>Pensez \u00e0 regarder le planning d&rsquo;actions du mois et \u00e0 vous inscrire si vous \u00eates int\u00e9ress\u00e9s !<\/p>\n<p>&nbsp;<\/p>\n<p><a href=\"http:\/\/toutpourlesaidants.fr\/wp-content\/uploads\/2024\/01\/P_20210510_134709.jpg\"><img loading=\"lazy\" decoding=\"async\" class=\"alignnone  wp-image-2095\" src=\"http:\/\/toutpourlesaidants.fr\/wp-content\/uploads\/2024\/01\/P_20210510_134709.jpg\" alt=\"\" width=\"947\" height=\"711\" srcset=\"https:\/\/toutpourlesaidants.fr\/wp-content\/uploads\/2024\/01\/P_20210510_134709.jpg 2304w, https:\/\/toutpourlesaidants.fr\/wp-content\/uploads\/2024\/01\/P_20210510_134709-300x225.jpg 300w, https:\/\/toutpourlesaidants.fr\/wp-content\/uploads\/2024\/01\/P_20210510_134709-1024x768.jpg 1024w, https:\/\/toutpourlesaidants.fr\/wp-content\/uploads\/2024\/01\/P_20210510_134709-768x576.jpg 768w, https:\/\/toutpourlesaidants.fr\/wp-content\/uploads\/2024\/01\/P_20210510_134709-1536x1152.jpg 1536w, https:\/\/toutpourlesaidants.fr\/wp-content\/uploads\/2024\/01\/P_20210510_134709-2048x1536.jpg 2048w, https:\/\/toutpourlesaidants.fr\/wp-content\/uploads\/2024\/01\/P_20210510_134709-750x563.jpg 750w, https:\/\/toutpourlesaidants.fr\/wp-content\/uploads\/2024\/01\/P_20210510_134709-400x300.jpg 400w, https:\/\/toutpourlesaidants.fr\/wp-content\/uploads\/2024\/01\/P_20210510_134709-430x323.jpg 430w, https:\/\/toutpourlesaidants.fr\/wp-content\/uploads\/2024\/01\/P_20210510_134709-150x113.jpg 150w, https:\/\/toutpourlesaidants.fr\/wp-content\/uploads\/2024\/01\/P_20210510_134709-100x75.jpg 100w\" sizes=\"(max-width: 947px) 100vw, 947px\" \/><\/a><\/p>\n","protected":false},"excerpt":{"rendered":"<p>Les Aidants qui fr\u00e9quentent la Plateforme sont invit\u00e9s \u00e0 donner leur avis, \u00e0 alimenter les pages, \u00e0 prendre des photos\u2026 Tous ces \u00e9l\u00e9ments nourrissent le site internet Toutpourlesaidants. Pensez \u00e0 [&hellip;]<\/p>\n","protected":false},"author":3,"featured_media":0,"parent":0,"menu_order":0,"comment_status":"closed","ping_status":"closed","template":"","meta":{"footnotes":""},"yoast_head":"<!-- This site is optimized with the Yoast SEO plugin v20.2.1 - https:\/\/yoast.com\/wordpress\/plugins\/seo\/ -->\n<title>Se former en informatique et\/ou participer \u00e0 la gestion du site web - r\u00e9pit et accompagnement des aidants<\/title>\n<meta name=\"description\" content=\"Chaque mois un atelier informatique de 2 heures est propos\u00e9 aux aidants pour mettre \u00e0 jour le site et pour toute question informatique.\" \/>\n<meta name=\"robots\" content=\"index, follow, max-snippet:-1, max-image-preview:large, max-video-preview:-1\" \/>\n<link rel=\"canonical\" href=\"https:\/\/toutpourlesaidants.fr\/index.php\/informatique-et-gestion-du-site-web\/\" \/>\n<meta property=\"og:locale\" content=\"fr_FR\" \/>\n<meta property=\"og:type\" content=\"article\" \/>\n<meta property=\"og:title\" content=\"Se former en informatique et\/ou participer \u00e0 la gestion du site web - r\u00e9pit et accompagnement des aidants\" \/>\n<meta property=\"og:description\" content=\"Chaque mois un atelier informatique de 2 heures est propos\u00e9 aux aidants pour mettre \u00e0 jour le site et pour toute question informatique.\" \/>\n<meta property=\"og:url\" content=\"https:\/\/toutpourlesaidants.fr\/index.php\/informatique-et-gestion-du-site-web\/\" \/>\n<meta property=\"og:site_name\" content=\"r\u00e9pit et accompagnement des aidants\" \/>\n<meta property=\"article:modified_time\" content=\"2024-01-18T17:22:23+00:00\" \/>\n<meta property=\"og:image\" content=\"http:\/\/toutpourlesaidants.fr\/wp-content\/uploads\/2024\/01\/P_20210510_134709.jpg\" \/>\n<meta name=\"twitter:card\" content=\"summary_large_image\" \/>\n<meta name=\"twitter:label1\" content=\"Dur\u00e9e de lecture estim\u00e9e\" \/>\n\t<meta name=\"twitter:data1\" content=\"1 minute\" \/>\n<script type=\"application\/ld+json\" class=\"yoast-schema-graph\">{\"@context\":\"https:\/\/schema.org\",\"@graph\":[{\"@type\":\"WebPage\",\"@id\":\"https:\/\/toutpourlesaidants.fr\/index.php\/informatique-et-gestion-du-site-web\/\",\"url\":\"https:\/\/toutpourlesaidants.fr\/index.php\/informatique-et-gestion-du-site-web\/\",\"name\":\"Se former en informatique et\/ou participer \u00e0 la gestion du site web - r\u00e9pit et accompagnement des aidants\",\"isPartOf\":{\"@id\":\"https:\/\/toutpourlesaidants.fr\/#website\"},\"datePublished\":\"2019-09-03T13:32:06+00:00\",\"dateModified\":\"2024-01-18T17:22:23+00:00\",\"description\":\"Chaque mois un atelier informatique de 2 heures est propos\u00e9 aux aidants pour mettre \u00e0 jour le site et pour toute question informatique.\",\"breadcrumb\":{\"@id\":\"https:\/\/toutpourlesaidants.fr\/index.php\/informatique-et-gestion-du-site-web\/#breadcrumb\"},\"inLanguage\":\"fr-FR\",\"potentialAction\":[{\"@type\":\"ReadAction\",\"target\":[\"https:\/\/toutpourlesaidants.fr\/index.php\/informatique-et-gestion-du-site-web\/\"]}]},{\"@type\":\"BreadcrumbList\",\"@id\":\"https:\/\/toutpourlesaidants.fr\/index.php\/informatique-et-gestion-du-site-web\/#breadcrumb\",\"itemListElement\":[{\"@type\":\"ListItem\",\"position\":1,\"name\":\"Accueil\",\"item\":\"https:\/\/toutpourlesaidants.fr\/\"},{\"@type\":\"ListItem\",\"position\":2,\"name\":\"Se former en informatique et\/ou participer \u00e0 la gestion du site web\"}]},{\"@type\":\"WebSite\",\"@id\":\"https:\/\/toutpourlesaidants.fr\/#website\",\"url\":\"https:\/\/toutpourlesaidants.fr\/\",\"name\":\"tout pour les aidants\",\"description\":\"Plateforme de Valence et ses environs\",\"publisher\":{\"@id\":\"https:\/\/toutpourlesaidants.fr\/#organization\"},\"potentialAction\":[{\"@type\":\"SearchAction\",\"target\":{\"@type\":\"EntryPoint\",\"urlTemplate\":\"https:\/\/toutpourlesaidants.fr\/?s={search_term_string}\"},\"query-input\":\"required name=search_term_string\"}],\"inLanguage\":\"fr-FR\"},{\"@type\":\"Organization\",\"@id\":\"https:\/\/toutpourlesaidants.fr\/#organization\",\"name\":\"Plateforme de r\u00e9pit et d'accompagnement des aidants\",\"url\":\"https:\/\/toutpourlesaidants.fr\/\",\"logo\":{\"@type\":\"ImageObject\",\"inLanguage\":\"fr-FR\",\"@id\":\"https:\/\/toutpourlesaidants.fr\/#\/schema\/logo\/image\/\",\"url\":\"http:\/\/toutpourlesaidants.fr\/wp-content\/uploads\/2018\/10\/logo-plateforme.jpg\",\"contentUrl\":\"http:\/\/toutpourlesaidants.fr\/wp-content\/uploads\/2018\/10\/logo-plateforme.jpg\",\"width\":379,\"height\":378,\"caption\":\"Plateforme de r\u00e9pit et d'accompagnement des aidants\"},\"image\":{\"@id\":\"https:\/\/toutpourlesaidants.fr\/#\/schema\/logo\/image\/\"}}]}<\/script>\n<!-- \/ Yoast SEO plugin. -->","yoast_head_json":{"title":"Se former en informatique et\/ou participer \u00e0 la gestion du site web - r\u00e9pit et accompagnement des aidants","description":"Chaque mois un atelier informatique de 2 heures est propos\u00e9 aux aidants pour mettre \u00e0 jour le site et pour toute question informatique.","robots":{"index":"index","follow":"follow","max-snippet":"max-snippet:-1","max-image-preview":"max-image-preview:large","max-video-preview":"max-video-preview:-1"},"canonical":"https:\/\/toutpourlesaidants.fr\/index.php\/informatique-et-gestion-du-site-web\/","og_locale":"fr_FR","og_type":"article","og_title":"Se former en informatique et\/ou participer \u00e0 la gestion du site web - r\u00e9pit et accompagnement des aidants","og_description":"Chaque mois un atelier informatique de 2 heures est propos\u00e9 aux aidants pour mettre \u00e0 jour le site et pour toute question informatique.","og_url":"https:\/\/toutpourlesaidants.fr\/index.php\/informatique-et-gestion-du-site-web\/","og_site_name":"r\u00e9pit et accompagnement des aidants","article_modified_time":"2024-01-18T17:22:23+00:00","og_image":[{"url":"http:\/\/toutpourlesaidants.fr\/wp-content\/uploads\/2024\/01\/P_20210510_134709.jpg"}],"twitter_card":"summary_large_image","twitter_misc":{"Dur\u00e9e de lecture estim\u00e9e":"1 minute"},"schema":{"@context":"https:\/\/schema.org","@graph":[{"@type":"WebPage","@id":"https:\/\/toutpourlesaidants.fr\/index.php\/informatique-et-gestion-du-site-web\/","url":"https:\/\/toutpourlesaidants.fr\/index.php\/informatique-et-gestion-du-site-web\/","name":"Se former en informatique et\/ou participer \u00e0 la gestion du site web - r\u00e9pit et accompagnement des aidants","isPartOf":{"@id":"https:\/\/toutpourlesaidants.fr\/#website"},"datePublished":"2019-09-03T13:32:06+00:00","dateModified":"2024-01-18T17:22:23+00:00","description":"Chaque mois un atelier informatique de 2 heures est propos\u00e9 aux aidants pour mettre \u00e0 jour le site et pour toute question informatique.","breadcrumb":{"@id":"https:\/\/toutpourlesaidants.fr\/index.php\/informatique-et-gestion-du-site-web\/#breadcrumb"},"inLanguage":"fr-FR","potentialAction":[{"@type":"ReadAction","target":["https:\/\/toutpourlesaidants.fr\/index.php\/informatique-et-gestion-du-site-web\/"]}]},{"@type":"BreadcrumbList","@id":"https:\/\/toutpourlesaidants.fr\/index.php\/informatique-et-gestion-du-site-web\/#breadcrumb","itemListElement":[{"@type":"ListItem","position":1,"name":"Accueil","item":"https:\/\/toutpourlesaidants.fr\/"},{"@type":"ListItem","position":2,"name":"Se former en informatique et\/ou participer \u00e0 la gestion du site web"}]},{"@type":"WebSite","@id":"https:\/\/toutpourlesaidants.fr\/#website","url":"https:\/\/toutpourlesaidants.fr\/","name":"tout pour les aidants","description":"Plateforme de Valence et ses environs","publisher":{"@id":"https:\/\/toutpourlesaidants.fr\/#organization"},"potentialAction":[{"@type":"SearchAction","target":{"@type":"EntryPoint","urlTemplate":"https:\/\/toutpourlesaidants.fr\/?s={search_term_string}"},"query-input":"required name=search_term_string"}],"inLanguage":"fr-FR"},{"@type":"Organization","@id":"https:\/\/toutpourlesaidants.fr\/#organization","name":"Plateforme de r\u00e9pit et d'accompagnement des aidants","url":"https:\/\/toutpourlesaidants.fr\/","logo":{"@type":"ImageObject","inLanguage":"fr-FR","@id":"https:\/\/toutpourlesaidants.fr\/#\/schema\/logo\/image\/","url":"http:\/\/toutpourlesaidants.fr\/wp-content\/uploads\/2018\/10\/logo-plateforme.jpg","contentUrl":"http:\/\/toutpourlesaidants.fr\/wp-content\/uploads\/2018\/10\/logo-plateforme.jpg","width":379,"height":378,"caption":"Plateforme de r\u00e9pit et d'accompagnement des aidants"},"image":{"@id":"https:\/\/toutpourlesaidants.fr\/#\/schema\/logo\/image\/"}}]}},"_links":{"self":[{"href":"https:\/\/toutpourlesaidants.fr\/index.php\/wp-json\/wp\/v2\/pages\/1593"}],"collection":[{"href":"https:\/\/toutpourlesaidants.fr\/index.php\/wp-json\/wp\/v2\/pages"}],"about":[{"href":"https:\/\/toutpourlesaidants.fr\/index.php\/wp-json\/wp\/v2\/types\/page"}],"author":[{"embeddable":true,"href":"https:\/\/toutpourlesaidants.fr\/index.php\/wp-json\/wp\/v2\/users\/3"}],"replies":[{"embeddable":true,"href":"https:\/\/toutpourlesaidants.fr\/index.php\/wp-json\/wp\/v2\/comments?post=1593"}],"version-history":[{"count":15,"href":"https:\/\/toutpourlesaidants.fr\/index.php\/wp-json\/wp\/v2\/pages\/1593\/revisions"}],"predecessor-version":[{"id":2097,"href":"https:\/\/toutpourlesaidants.fr\/index.php\/wp-json\/wp\/v2\/pages\/1593\/revisions\/2097"}],"wp:attachment":[{"href":"https:\/\/toutpourlesaidants.fr\/index.php\/wp-json\/wp\/v2\/media?parent=1593"}],"curies":[{"name":"wp","href":"https:\/\/api.w.org\/{rel}","templated":true}]}}