{"id":109,"date":"2018-06-02T17:31:33","date_gmt":"2018-06-02T15:31:33","guid":{"rendered":"http:\/\/toutpourlesaidants.fr\/?page_id=109"},"modified":"2024-01-18T18:27:15","modified_gmt":"2024-01-18T17:27:15","slug":"autresformesderepit","status":"publish","type":"page","link":"https:\/\/toutpourlesaidants.fr\/index.php\/autresformesderepit\/","title":{"rendered":"Autres formes de R\u00e9pit"},"content":{"rendered":"<div class=\"pdfprnt-buttons pdfprnt-buttons-page pdfprnt-top-right\"><a href=\"https:\/\/toutpourlesaidants.fr\/index.php\/wp-json\/wp\/v2\/pages\/109?print=pdf\" class=\"pdfprnt-button pdfprnt-button-pdf\" target=\"_blank\"><img decoding=\"async\" src=\"http:\/\/toutpourlesaidants.fr\/wp-content\/plugins\/pdf-print\/images\/pdf.png\" alt=\"image_pdf\" title=\"Afficher le PDF\" \/><\/a><a href=\"https:\/\/toutpourlesaidants.fr\/index.php\/wp-json\/wp\/v2\/pages\/109?print=print\" class=\"pdfprnt-button pdfprnt-button-print\" target=\"_blank\"><img decoding=\"async\" src=\"http:\/\/toutpourlesaidants.fr\/wp-content\/plugins\/pdf-print\/images\/print.png\" alt=\"image_print\" title=\"Contenu imprim\u00e9\" \/><\/a><\/div><p>&nbsp;<\/p>\r\n<table style=\"border-collapse: collapse; width: 100%; height: 250px;\">\r\n<tbody>\r\n<tr style=\"height: 250px;\">\r\n<td style=\"width: 26.1095%; height: 250px;\"><a href=\"https:\/\/www.aidants.fr\/actions\/cafe-aidants-de-bourg-valence\" target=\"_blank\" rel=\"noopener noreferrer\"><img loading=\"lazy\" decoding=\"async\" class=\"wp-image-1807 aligncenter\" src=\"http:\/\/toutpourlesaidants.fr\/wp-content\/uploads\/2020\/01\/logo_cafe_des_aidants_article.jpg\" alt=\"\" width=\"168\" height=\"202\" srcset=\"https:\/\/toutpourlesaidants.fr\/wp-content\/uploads\/2020\/01\/logo_cafe_des_aidants_article.jpg 250w, https:\/\/toutpourlesaidants.fr\/wp-content\/uploads\/2020\/01\/logo_cafe_des_aidants_article-150x180.jpg 150w, https:\/\/toutpourlesaidants.fr\/wp-content\/uploads\/2020\/01\/logo_cafe_des_aidants_article-100x120.jpg 100w\" sizes=\"(max-width: 168px) 100vw, 168px\" \/><\/a><\/td>\r\n<td style=\"width: 73.8905%; height: 250px;\">\r\n<h1 id=\"page-title\"><span style=\"font-family: arial, helvetica, sans-serif; font-size: 14pt;\">Caf\u00e9 des Aidants de Bourg l\u00e8s Valence<\/span><\/h1>\r\n<div id=\"block-system-main\" class=\"block block-system no-title\">\r\n<article id=\"node-925\" class=\"node node-action node-promoted article view-mode-full rendered-by-ds clearfix\" role=\"article\">\r\n<div class=\"one-column at-panel panel-display clearfix\">\r\n<div class=\"region region-one-main\">\r\n<div class=\"region-inner clearfix\">\r\n<div class=\"field field-name-body field-type-text-with-summary field-label-hidden view-mode-full\">\r\n<div class=\"field-items\">\r\n<div class=\"field-item even\">\r\n<p>&nbsp;<\/p>\r\n<\/div>\r\n<\/div>\r\n<\/div>\r\n<div class=\"field field-name-field-complement-adresse field-type-text field-label-hidden view-mode-full\">\r\n<div class=\"field-items\">\r\n<div class=\"field-item even\"><span style=\"font-family: arial, helvetica, sans-serif; font-size: 14pt;\">Centre de Pr\u00e9vention Bien Vieillir AGIRC ARRCO<\/span><\/div>\r\n<\/div>\r\n<\/div>\r\n<div class=\"field field-name-field-adresse field-type-addressfield field-label-hidden view-mode-full\">\r\n<div class=\"field-items\">\r\n<div class=\"field-item even\">\r\n<div class=\"street-block\">\r\n<div class=\"thoroughfare\"><span style=\"font-family: arial, helvetica, sans-serif; font-size: 14pt;\">8 place Alain Bombard<\/span><\/div>\r\n<\/div>\r\n<div class=\"addressfield-container-inline locality-block country-FR\"><span style=\"font-family: arial, helvetica, sans-serif; font-size: 14pt;\"><span class=\"postal-code\">26500<\/span>\u00a0<span class=\"locality\">Bourg-L\u00e8s-Valence<\/span><\/span><\/div>\r\n<\/div>\r\n<div>\u00a0<\/div>\r\n<div>\u00a0<\/div>\r\n<\/div>\r\n<\/div>\r\n<\/div>\r\n<\/div>\r\n<\/div>\r\n<\/article>\r\n<\/div>\r\n<\/td>\r\n<\/tr>\r\n<tr>\r\n<td style=\"width: 26.1095%;\"><a href=\"https:\/\/www.vrf.fr\/home.html\" target=\"_blank\" rel=\"noopener noreferrer\"><img loading=\"lazy\" decoding=\"async\" class=\"alignnone size-full wp-image-1810 aligncenter\" src=\"http:\/\/toutpourlesaidants.fr\/wp-content\/uploads\/2020\/01\/VRF.png\" alt=\"\" width=\"204\" height=\"108\" srcset=\"https:\/\/toutpourlesaidants.fr\/wp-content\/uploads\/2020\/01\/VRF.png 204w, https:\/\/toutpourlesaidants.fr\/wp-content\/uploads\/2020\/01\/VRF-150x79.png 150w, https:\/\/toutpourlesaidants.fr\/wp-content\/uploads\/2020\/01\/VRF-100x53.png 100w\" sizes=\"(max-width: 204px) 100vw, 204px\" \/><\/a><\/td>\r\n<td style=\"width: 73.8905%;\">\r\n<p style=\"font-size: 16px; font-weight: 400;\"><span style=\"font-family: arial, helvetica, sans-serif; font-size: 14pt;\"><span style=\"color: #800080;\"><strong>Partir en vacances<\/strong><\/span><span style=\"text-align: justify;\">\u00a0dans une structure adapt\u00e9e.<\/span><\/span><\/p>\r\n<p style=\"font-size: 16px; font-weight: 400;\"><span style=\"font-family: arial, helvetica, sans-serif; font-size: 14pt;\"><span style=\"text-align: justify;\">Exemple les\u00a0<\/span><strong style=\"text-align: justify;\"><a href=\"https:\/\/www.vrf.fr\/home.html\" target=\"_blank\" rel=\"noopener noreferrer\">Villages R\u00e9pit Familles<\/a><\/strong><span style=\"text-align: justify;\">\u00a0(plusieurs sites en France).<\/span><\/span><\/p>\r\n<\/td>\r\n<\/tr>\r\n<tr>\r\n<td style=\"width: 26.1095%;\"><a href=\"http:\/\/www.ancv.com\/seniors-en-vacances\" target=\"_blank\" rel=\"noopener noreferrer\"><img loading=\"lazy\" decoding=\"async\" class=\"alignnone size-full wp-image-1812 aligncenter\" src=\"http:\/\/toutpourlesaidants.fr\/wp-content\/uploads\/2020\/01\/ANCV-LOGO.png\" alt=\"\" width=\"174\" height=\"105\" srcset=\"https:\/\/toutpourlesaidants.fr\/wp-content\/uploads\/2020\/01\/ANCV-LOGO.png 174w, https:\/\/toutpourlesaidants.fr\/wp-content\/uploads\/2020\/01\/ANCV-LOGO-150x91.png 150w, https:\/\/toutpourlesaidants.fr\/wp-content\/uploads\/2020\/01\/ANCV-LOGO-100x60.png 100w\" sizes=\"(max-width: 174px) 100vw, 174px\" \/><\/a><\/td>\r\n<td style=\"width: 73.8905%;\">\r\n<p style=\"text-align: justify;\"><span style=\"font-family: arial, helvetica, sans-serif; font-size: 14pt;\">Seniors en Vacances<\/span><\/p>\r\n<p style=\"font-size: 16px; font-weight: 400;\">\u00a0<\/p>\r\n<div class=\"field-items\">\r\n<div class=\"field-item even\">\r\n<p class=\"rtejustify\" style=\"text-align: justify;\"><span style=\"font-family: arial, helvetica, sans-serif; font-size: 14pt;\"><strong>Le programme Seniors en Vacances permet le d\u00e9part en vacances de personnes \u00e2g\u00e9es en situation de fragilit\u00e9 \u00e9conomique ou sociale en leur proposant des s\u00e9jours tout compris (hors transport) \u00e0 un tarif pr\u00e9f\u00e9rentiel et avec une aide financi\u00e8re sous condition.<\/strong><\/span><\/p>\r\n<\/div>\r\n<\/div>\r\n<\/td>\r\n<\/tr>\r\n<tr>\r\n<td style=\"width: 26.1095%;\"><a href=\"https:\/\/www.domahpa-services.fr\/\" target=\"_blank\" rel=\"noopener noreferrer\"><img decoding=\"async\" class=\"aligncenter\" style=\"text-align: justify;\" src=\"http:\/\/toutpourlesaidants.fr\/wp-content\/uploads\/2018\/11\/domahpa-logo-300x115.png\" alt=\"L\u00c3\u00a2\u00c2\u0080\u00c2\u0099attribut alt de cette image est vide, son nom de fichier est domahpa-logo-300x115.png.\" \/><\/a><\/td>\r\n<td style=\"width: 73.8905%;\">\r\n<p style=\"text-align: justify;\"><span style=\"font-size: 14pt; font-family: arial, helvetica, sans-serif;\"><a style=\"text-align: justify;\" href=\"https:\/\/www.domahpa-services.fr\/\" target=\"_blank\" rel=\"noopener noreferrer\">DOMAHPA Services<\/a><span style=\"text-align: justify;\">\u00a0est un organisme agr\u00e9\u00e9 d\u2019aide \u00e0 domicile sp\u00e9cialis\u00e9e dans le maintien \u00e0 domicile des personnes \u00e2g\u00e9es des personnes en situation de handicap.\u00a0<\/span><\/span><\/p>\r\n<\/td>\r\n<\/tr>\r\n<tr>\r\n<td style=\"width: 26.1095%;\"><a href=\"https:\/\/www.repit-bulledair.fr\/\" target=\"_blank\" rel=\"noreferrer noopener\"><img loading=\"lazy\" decoding=\"async\" width=\"97\" height=\"98\" class=\"wp-image-1080 aligncenter\" src=\"http:\/\/toutpourlesaidants.fr\/wp-content\/uploads\/2018\/11\/logo-Bulle-air.jpg\" alt=\"\" \/><\/a><\/td>\r\n<td style=\"width: 73.8905%;\">\r\n<p style=\"text-align: justify;\"><span style=\"font-family: arial, helvetica, sans-serif; font-size: 14pt;\"><strong>R\u00e9pit \u00e0 domicile<\/strong><span style=\"font-weight: 400;\">\u00a0avec\u00a0<\/span><a style=\"font-weight: 400;\" href=\"http:\/\/www.repit-bulledair.fr\/\" target=\"_blank\" rel=\"noreferrer noopener\"><strong>Bulle d&rsquo;Air Auvergne Rh\u00f4ne-Alpes<\/strong><\/a><span style=\"font-weight: 400;\">.\u00a0Respirez et partez tranquille. Bulle d&rsquo;air c&rsquo;est une personne de confiance qui prend le relais aupr\u00e8s de votre proche, \u00e0 tout moment de la journ\u00e9e et de la nuit.<\/span><\/span><\/p>\r\n<\/td>\r\n<\/tr>\r\n<\/tbody>\r\n<\/table>\r\n<figure class=\"wp-block-image\" style=\"text-align: justify;\">\r\n<figcaption><br \/><br \/><br \/><br \/><\/figcaption>\r\n<\/figure>\r\n<div class=\"wp-block-image\" style=\"text-align: justify;\">\u00a0<\/div>\r\n<!-- \/wp:image -->\r\n\r\n<!-- wp:paragraph --><!-- \/wp:paragraph -->","protected":false},"excerpt":{"rendered":"<p>&nbsp; Caf\u00e9 des Aidants de Bourg l\u00e8s Valence &nbsp; Centre de Pr\u00e9vention Bien Vieillir AGIRC ARRCO 8 place Alain Bombard 26500\u00a0Bourg-L\u00e8s-Valence \u00a0 \u00a0 Partir en vacances\u00a0dans une structure adapt\u00e9e. Exemple [&hellip;]<\/p>\n","protected":false},"author":3,"featured_media":0,"parent":0,"menu_order":0,"comment_status":"closed","ping_status":"closed","template":"","meta":{"footnotes":""},"yoast_head":"<!-- This site is optimized with the Yoast SEO plugin v20.2.1 - https:\/\/yoast.com\/wordpress\/plugins\/seo\/ -->\n<title>Autres formes de R\u00e9pit - r\u00e9pit et accompagnement des aidants<\/title>\n<meta name=\"description\" content=\"Des id\u00e9es pour trouver du r\u00e9pit ailleurs qu&#039;\u00e0 la plateforme de r\u00e9pit et d&#039;accompagnement des aidants de Valence\" \/>\n<meta name=\"robots\" content=\"index, follow, max-snippet:-1, max-image-preview:large, max-video-preview:-1\" \/>\n<link rel=\"canonical\" href=\"https:\/\/toutpourlesaidants.fr\/index.php\/autresformesderepit\/\" \/>\n<meta property=\"og:locale\" content=\"fr_FR\" \/>\n<meta property=\"og:type\" content=\"article\" \/>\n<meta property=\"og:title\" content=\"Autres formes de R\u00e9pit - r\u00e9pit et accompagnement des aidants\" \/>\n<meta property=\"og:description\" content=\"Des id\u00e9es pour trouver du r\u00e9pit ailleurs qu&#039;\u00e0 la plateforme de r\u00e9pit et d&#039;accompagnement des aidants de Valence\" \/>\n<meta property=\"og:url\" content=\"https:\/\/toutpourlesaidants.fr\/index.php\/autresformesderepit\/\" \/>\n<meta property=\"og:site_name\" content=\"r\u00e9pit et accompagnement des aidants\" \/>\n<meta property=\"article:modified_time\" content=\"2024-01-18T17:27:15+00:00\" \/>\n<meta property=\"og:image\" content=\"http:\/\/toutpourlesaidants.fr\/wp-content\/uploads\/2020\/01\/logo_cafe_des_aidants_article.jpg\" \/>\n<meta name=\"twitter:card\" content=\"summary_large_image\" \/>\n<meta name=\"twitter:label1\" content=\"Dur\u00e9e de lecture estim\u00e9e\" \/>\n\t<meta name=\"twitter:data1\" content=\"2 minutes\" \/>\n<script type=\"application\/ld+json\" class=\"yoast-schema-graph\">{\"@context\":\"https:\/\/schema.org\",\"@graph\":[{\"@type\":\"WebPage\",\"@id\":\"https:\/\/toutpourlesaidants.fr\/index.php\/autresformesderepit\/\",\"url\":\"https:\/\/toutpourlesaidants.fr\/index.php\/autresformesderepit\/\",\"name\":\"Autres formes de R\u00e9pit - r\u00e9pit et accompagnement des aidants\",\"isPartOf\":{\"@id\":\"https:\/\/toutpourlesaidants.fr\/#website\"},\"datePublished\":\"2018-06-02T15:31:33+00:00\",\"dateModified\":\"2024-01-18T17:27:15+00:00\",\"description\":\"Des id\u00e9es pour trouver du r\u00e9pit ailleurs qu'\u00e0 la plateforme de r\u00e9pit et d'accompagnement des aidants de Valence\",\"breadcrumb\":{\"@id\":\"https:\/\/toutpourlesaidants.fr\/index.php\/autresformesderepit\/#breadcrumb\"},\"inLanguage\":\"fr-FR\",\"potentialAction\":[{\"@type\":\"ReadAction\",\"target\":[\"https:\/\/toutpourlesaidants.fr\/index.php\/autresformesderepit\/\"]}]},{\"@type\":\"BreadcrumbList\",\"@id\":\"https:\/\/toutpourlesaidants.fr\/index.php\/autresformesderepit\/#breadcrumb\",\"itemListElement\":[{\"@type\":\"ListItem\",\"position\":1,\"name\":\"Accueil\",\"item\":\"https:\/\/toutpourlesaidants.fr\/\"},{\"@type\":\"ListItem\",\"position\":2,\"name\":\"Autres formes de R\u00e9pit\"}]},{\"@type\":\"WebSite\",\"@id\":\"https:\/\/toutpourlesaidants.fr\/#website\",\"url\":\"https:\/\/toutpourlesaidants.fr\/\",\"name\":\"tout pour les aidants\",\"description\":\"Plateforme de Valence et ses environs\",\"publisher\":{\"@id\":\"https:\/\/toutpourlesaidants.fr\/#organization\"},\"potentialAction\":[{\"@type\":\"SearchAction\",\"target\":{\"@type\":\"EntryPoint\",\"urlTemplate\":\"https:\/\/toutpourlesaidants.fr\/?s={search_term_string}\"},\"query-input\":\"required name=search_term_string\"}],\"inLanguage\":\"fr-FR\"},{\"@type\":\"Organization\",\"@id\":\"https:\/\/toutpourlesaidants.fr\/#organization\",\"name\":\"Plateforme de r\u00e9pit et d'accompagnement des aidants\",\"url\":\"https:\/\/toutpourlesaidants.fr\/\",\"logo\":{\"@type\":\"ImageObject\",\"inLanguage\":\"fr-FR\",\"@id\":\"https:\/\/toutpourlesaidants.fr\/#\/schema\/logo\/image\/\",\"url\":\"http:\/\/toutpourlesaidants.fr\/wp-content\/uploads\/2018\/10\/logo-plateforme.jpg\",\"contentUrl\":\"http:\/\/toutpourlesaidants.fr\/wp-content\/uploads\/2018\/10\/logo-plateforme.jpg\",\"width\":379,\"height\":378,\"caption\":\"Plateforme de r\u00e9pit et d'accompagnement des aidants\"},\"image\":{\"@id\":\"https:\/\/toutpourlesaidants.fr\/#\/schema\/logo\/image\/\"}}]}<\/script>\n<!-- \/ Yoast SEO plugin. -->","yoast_head_json":{"title":"Autres formes de R\u00e9pit - r\u00e9pit et accompagnement des aidants","description":"Des id\u00e9es pour trouver du r\u00e9pit ailleurs qu'\u00e0 la plateforme de r\u00e9pit et d'accompagnement des aidants de Valence","robots":{"index":"index","follow":"follow","max-snippet":"max-snippet:-1","max-image-preview":"max-image-preview:large","max-video-preview":"max-video-preview:-1"},"canonical":"https:\/\/toutpourlesaidants.fr\/index.php\/autresformesderepit\/","og_locale":"fr_FR","og_type":"article","og_title":"Autres formes de R\u00e9pit - r\u00e9pit et accompagnement des aidants","og_description":"Des id\u00e9es pour trouver du r\u00e9pit ailleurs qu'\u00e0 la plateforme de r\u00e9pit et d'accompagnement des aidants de Valence","og_url":"https:\/\/toutpourlesaidants.fr\/index.php\/autresformesderepit\/","og_site_name":"r\u00e9pit et accompagnement des aidants","article_modified_time":"2024-01-18T17:27:15+00:00","og_image":[{"url":"http:\/\/toutpourlesaidants.fr\/wp-content\/uploads\/2020\/01\/logo_cafe_des_aidants_article.jpg"}],"twitter_card":"summary_large_image","twitter_misc":{"Dur\u00e9e de lecture estim\u00e9e":"2 minutes"},"schema":{"@context":"https:\/\/schema.org","@graph":[{"@type":"WebPage","@id":"https:\/\/toutpourlesaidants.fr\/index.php\/autresformesderepit\/","url":"https:\/\/toutpourlesaidants.fr\/index.php\/autresformesderepit\/","name":"Autres formes de R\u00e9pit - r\u00e9pit et accompagnement des aidants","isPartOf":{"@id":"https:\/\/toutpourlesaidants.fr\/#website"},"datePublished":"2018-06-02T15:31:33+00:00","dateModified":"2024-01-18T17:27:15+00:00","description":"Des id\u00e9es pour trouver du r\u00e9pit ailleurs qu'\u00e0 la plateforme de r\u00e9pit et d'accompagnement des aidants de Valence","breadcrumb":{"@id":"https:\/\/toutpourlesaidants.fr\/index.php\/autresformesderepit\/#breadcrumb"},"inLanguage":"fr-FR","potentialAction":[{"@type":"ReadAction","target":["https:\/\/toutpourlesaidants.fr\/index.php\/autresformesderepit\/"]}]},{"@type":"BreadcrumbList","@id":"https:\/\/toutpourlesaidants.fr\/index.php\/autresformesderepit\/#breadcrumb","itemListElement":[{"@type":"ListItem","position":1,"name":"Accueil","item":"https:\/\/toutpourlesaidants.fr\/"},{"@type":"ListItem","position":2,"name":"Autres formes de R\u00e9pit"}]},{"@type":"WebSite","@id":"https:\/\/toutpourlesaidants.fr\/#website","url":"https:\/\/toutpourlesaidants.fr\/","name":"tout pour les aidants","description":"Plateforme de Valence et ses environs","publisher":{"@id":"https:\/\/toutpourlesaidants.fr\/#organization"},"potentialAction":[{"@type":"SearchAction","target":{"@type":"EntryPoint","urlTemplate":"https:\/\/toutpourlesaidants.fr\/?s={search_term_string}"},"query-input":"required name=search_term_string"}],"inLanguage":"fr-FR"},{"@type":"Organization","@id":"https:\/\/toutpourlesaidants.fr\/#organization","name":"Plateforme de r\u00e9pit et d'accompagnement des aidants","url":"https:\/\/toutpourlesaidants.fr\/","logo":{"@type":"ImageObject","inLanguage":"fr-FR","@id":"https:\/\/toutpourlesaidants.fr\/#\/schema\/logo\/image\/","url":"http:\/\/toutpourlesaidants.fr\/wp-content\/uploads\/2018\/10\/logo-plateforme.jpg","contentUrl":"http:\/\/toutpourlesaidants.fr\/wp-content\/uploads\/2018\/10\/logo-plateforme.jpg","width":379,"height":378,"caption":"Plateforme de r\u00e9pit et d'accompagnement des aidants"},"image":{"@id":"https:\/\/toutpourlesaidants.fr\/#\/schema\/logo\/image\/"}}]}},"_links":{"self":[{"href":"https:\/\/toutpourlesaidants.fr\/index.php\/wp-json\/wp\/v2\/pages\/109"}],"collection":[{"href":"https:\/\/toutpourlesaidants.fr\/index.php\/wp-json\/wp\/v2\/pages"}],"about":[{"href":"https:\/\/toutpourlesaidants.fr\/index.php\/wp-json\/wp\/v2\/types\/page"}],"author":[{"embeddable":true,"href":"https:\/\/toutpourlesaidants.fr\/index.php\/wp-json\/wp\/v2\/users\/3"}],"replies":[{"embeddable":true,"href":"https:\/\/toutpourlesaidants.fr\/index.php\/wp-json\/wp\/v2\/comments?post=109"}],"version-history":[{"count":32,"href":"https:\/\/toutpourlesaidants.fr\/index.php\/wp-json\/wp\/v2\/pages\/109\/revisions"}],"predecessor-version":[{"id":2101,"href":"https:\/\/toutpourlesaidants.fr\/index.php\/wp-json\/wp\/v2\/pages\/109\/revisions\/2101"}],"wp:attachment":[{"href":"https:\/\/toutpourlesaidants.fr\/index.php\/wp-json\/wp\/v2\/media?parent=109"}],"curies":[{"name":"wp","href":"https:\/\/api.w.org\/{rel}","templated":true}]}}